{"id":58041,"date":"2026-03-04T00:09:54","date_gmt":"2026-03-04T00:09:54","guid":{"rendered":"https:\/\/amannforg.com\/?post_type=product&#038;p=58041"},"modified":"2026-03-07T16:30:01","modified_gmt":"2026-03-07T16:30:01","slug":"dyson-hp1-purifier-hotcool-luftreiniger-weis","status":"publish","type":"product","link":"https:\/\/amannforg.com\/fr\/produit\/dyson-hp1-purifier-hotcool-luftreiniger-weis\/","title":{"rendered":"Dyson HP1 Purifier Hot+Cool Luftreiniger Wei\u00df"},"content":{"rendered":"<div class=\"titlepage\">\n<h2 class=\"text-h3 mb-l\">Dyson Purifier Hot+Cool HP1<\/h2>\n<\/div>\n<p class=\"mb-l\">\n<div class=\"titlepage\">\n<h2 class=\"text-h3 mb-l\">Features<\/h2>\n<\/div>\n<p class=\"mb-l\">Luftstromgeschwindigkeiten 1 bis 10<\/p>\n<p class=\"mb-l\">Luftgeschwindigkeit (max) Min 1,2 m\/Sek.<\/p>\n<p class=\"mb-l\">Drehbewegung\/Neigung 45\u00b0, 90\u00b0, 180\u00b0, 350\u00b0 \/ 10\u00b0<\/p>\n<p class=\"mb-l\">Integriertes LED-Display Ja<\/p>\n<p class=\"mb-l\">Sleep-Timer-Intervalle 1\/2\/4\/8 h \/ 1-8 Std.<\/p>\n<p class=\"mb-l\">Standby-Energieverbrauch ca. 1,0 W<\/p>\n<p class=\"mb-l\">Leistung Ger\u00e4t ca. 50 W<\/p>\n<p class=\"mb-l\">Luftstrom bei max. Einstellung 290 l\/s<\/p>\n<p class=\"mb-l\">Gemessener Schallpegel (max.) 63 dBa<\/p>\n<p class=\"mb-l\">Filter HEPA-13 \/ Aktivkohlefilter<\/p>\n<p class=\"mb-l\">Filterlebensdauer 1 Jahr (12 h Nutzung\/Tag) 3<\/p>\n<div class=\"titlepage\">\n<h2 class=\"text-h3 mb-l\">Erkennt<\/h2>\n<\/div>\n<p class=\"mb-l\">Erkennt automatisch Partikel und Gase in der Luft undanalysiert und berichtet diese in Echtzeit.<\/p>\n<div class=\"titlepage\">\n<h2 class=\"text-h3 mb-l\">Entfernt<\/h2>\n<\/div>\n<p class=\"mb-l\">HEPA- und Aktivkohlefilter. Entfernt Gase und 99,95 % derSchadstoffe aus der Luft.1<\/p>\n<div class=\"titlepage\">\n<h2 class=\"text-h3 mb-l\">Verteilt<\/h2>\n<\/div>\n<p class=\"mb-l\">Die Air Multiplier Technologie sorgt daf\u00fcr, dass gereinigteLuft im gesamten Raum verteilt wird.2<\/p>\n<div class=\"titlepage\">\n<h2 class=\"text-h3 mb-l\">W\u00e4rmender Luftstrom im Winter<\/h2>\n<\/div>\n<p class=\"mb-l\">Die Luft wird mit hoher Reichweite verteilt, sodass der gesamteRaum schnell und gleichm\u00e4\u00dfig erw\u00e4rmt wird (Heiztemperatur1 \u2013 37\u00b0 C).2<\/p>\n<div class=\"titlepage\">\n<h2 class=\"text-h3 mb-l\">K\u00fchlender Luftstrom im Sommer<\/h2>\n<\/div>\n<p class=\"mb-l\">Bei h\u00f6heren Temperaturen sorgt ein starker Luftstromgereinigter Luft f\u00fcr einen angenehmen k\u00fchlen Effekt.<\/p>\n<div class=\"titlepage\">\n<h2 class=\"text-h3 mb-l\">Drehbewegung bis zu 350 \u030a<\/h2>\n<\/div>\n<p class=\"mb-l\">Durch die verstellbare Drehbewegung wird die gereinigte Luftim ganzen Raum verteilt.2<\/p>\n<div class=\"titlepage\">\n<h2 class=\"text-h3 mb-l\">Nachtmodus<\/h2>\n<\/div>\n<p class=\"mb-l\">\u00dcberwacht die Luftqualit\u00e4t und reinigt die Luft bei reduzierterLautst\u00e4rke und mit gedimmtem Display.<\/p>\n<div class=\"titlepage\">\n<h2 class=\"text-h3 mb-l\">App-Steuerung mit der MyDyson App 4<\/h2>\n<\/div>\n<p class=\"mb-l\">Informationen zu Luftreinigung, Filterlebensdauer,Fernbedienung und weitere Funktionen. Die Raum-luftqualit\u00e4tkann von unterwegs kontrolliert werden.<\/p>\n<p class=\"mb-l\"><sup>1 Filtereffizienz bei 0,1 Mikrometer getestet (EN1822, ISO29463)2 Verteilung der Luft und Reinigungsabdeckung in einem Raum mit einem Volumen von 81 m3 (TM-003771) sowie auf W\u00e4rmeleistung in einem Raum mit einemVolumen von 35 m3 getestet.3 Auf Basis der Nutzungsdauer. Filterlebensdauer abh\u00e4ngig vom Luftverschmutzungsgrad.4 Erfordert ein appf\u00e4higes Ger\u00e4t, Verbindung mit WLAN oder mobilen Daten, Unterst\u00fctzung von Bluetooth 4.0 sowie mindestens iOS-Version 15 oder Android-Version 8. Es gelten die \u00fcblichen \u00f6rtlichen Tarife f\u00fcr Daten- und Nachrichtendienste.<\/sup><\/p>\n<li class=\"mb-m\">\n<div class=\"flex flex-col m:flex-row gap-s m:gap-xl\">\n<div class=\"text-h3 min-w-[244px] max-w-[244px]\">Lieferumfang<\/div>\n<div class=\"flex flex-col gap-s\"><span class=\"\"><\/p>\n<ul class=\"flex flex-col gap-s\">\n<li class=\"ml-3xs pl-[15px] relative before:absolute before:w-[8px] before:h-[8px] before:bg-dark before:top-[8px] before:left-0 before:rounded-full\">Fernbedienung<\/li>\n<\/ul>\n<p><\/span><\/div>\n<\/div>\n<\/li>\n<li class=\"mb-m\">\n<div class=\"flex flex-col m:flex-row gap-s m:gap-xl\">\n<div class=\"text-h3 min-w-[244px] max-w-[244px]\">K\u00fchlen \/ Heizen<\/div>\n<div class=\"flex flex-col gap-s\"><span class=\"\"><\/p>\n<ul class=\"flex flex-col gap-s\">\n<li class=\"ml-3xs pl-[15px] relative before:absolute before:w-[8px] before:h-[8px] before:bg-dark before:top-[8px] before:left-0 before:rounded-full\">Typ: Luftreiniger<\/li>\n<li class=\"ml-3xs pl-[15px] relative before:absolute before:w-[8px] before:h-[8px] before:bg-dark before:top-[8px] before:left-0 before:rounded-full\">Filterstufen: 10 St<\/li>\n<li class=\"ml-3xs pl-[15px] relative before:absolute before:w-[8px] before:h-[8px] before:bg-dark before:top-[8px] before:left-0 before:rounded-full\">Filtersystem: Hepa-Filter<\/li>\n<li class=\"ml-3xs pl-[15px] relative before:absolute before:w-[8px] before:h-[8px] before:bg-dark before:top-[8px] before:left-0 before:rounded-full\">Geschwindigkeitsstufen: 10 St<\/li>\n<\/ul>\n<p><\/span><\/div>\n<\/div>\n<\/li>\n<li class=\"mb-m\">\n<div class=\"flex flex-col m:flex-row gap-s m:gap-xl\">\n<div class=\"text-h3 min-w-[244px] max-w-[244px]\">Farbe \/ Material<\/div>\n<div class=\"flex flex-col gap-s\"><span class=\"\"><\/p>\n<ul class=\"flex flex-col gap-s\">\n<li class=\"ml-3xs pl-[15px] relative before:absolute before:w-[8px] before:h-[8px] before:bg-dark before:top-[8px] before:left-0 before:rounded-full\">Farbe: Wei\u00df<\/li>\n<li class=\"ml-3xs pl-[15px] relative before:absolute before:w-[8px] before:h-[8px] before:bg-dark before:top-[8px] before:left-0 before:rounded-full\">Material: Kunststoff<\/li>\n<\/ul>\n<p><\/span><\/div>\n<\/div>\n<\/li>\n<li class=\"mb-m\">\n<div class=\"flex flex-col m:flex-row gap-s m:gap-xl\">\n<div class=\"text-h3 min-w-[244px] max-w-[244px]\">Abmessungen \/ Gewicht<\/div>\n<div class=\"flex flex-col gap-s\"><span class=\"\"><\/p>\n<ul class=\"flex flex-col gap-s\">\n<li class=\"ml-3xs pl-[15px] relative before:absolute before:w-[8px] before:h-[8px] before:bg-dark before:top-[8px] before:left-0 before:rounded-full\">Breite: 205 mm<\/li>\n<li class=\"ml-3xs pl-[15px] relative before:absolute before:w-[8px] before:h-[8px] before:bg-dark before:top-[8px] before:left-0 before:rounded-full\">H\u00f6he: 765 mm<\/li>\n<li class=\"ml-3xs pl-[15px] relative before:absolute before:w-[8px] before:h-[8px] before:bg-dark before:top-[8px] before:left-0 before:rounded-full\">Tiefe: 131 mm<\/li>\n<li class=\"ml-3xs pl-[15px] relative before:absolute before:w-[8px] before:h-[8px] before:bg-dark before:top-[8px] before:left-0 before:rounded-full\">Gewicht: 5.29 kg<\/li>\n<li class=\"ml-3xs pl-[15px] relative before:absolute before:w-[8px] before:h-[8px] before:bg-dark before:top-[8px] before:left-0 before:rounded-full\">Kabell\u00e4nge: 1800 mm<\/li>\n<\/ul>\n<p><\/span><\/div>\n<\/div>\n<\/li>\n<li class=\"mb-m\">\n<div class=\"flex flex-col m:flex-row gap-s m:gap-xl\">\n<div class=\"text-h3 min-w-[244px] max-w-[244px]\">Betriebsger\u00e4usch (innen)<\/div>\n<div class=\"flex flex-col gap-s\"><span class=\"\"><\/p>\n<ul class=\"flex flex-col gap-s\">\n<li class=\"ml-3xs pl-[15px] relative before:absolute before:w-[8px] before:h-[8px] before:bg-dark before:top-[8px] before:left-0 before:rounded-full\">63 dB<\/li>\n<\/ul>\n<p><\/span><\/div>\n<\/div>\n<\/li>\n","protected":false},"excerpt":{"rendered":"<li class=\"bullet-list-item\">Typ: Luftreiniger; Leistung: W<\/li>\n<li class=\"bullet-list-item\">Farbe: Wei\u00df, Lieferumfang: Fernbedienung<\/li>\n<li class=\"bullet-list-item\">Geschwindigkeitsstufen: 10<\/li>\n<p> Herstellernummer 544826-01<\/p>","protected":false},"featured_media":42733,"comment_status":"open","ping_status":"closed","template":"","meta":{"_monsterinsights_skip_tracking":false,"_monsterinsights_sitenote_active":false,"_monsterinsights_sitenote_note":"","_monsterinsights_sitenote_category":0,"_uf_show_specific_survey":0,"_uf_disable_surveys":false},"product_brand":[],"product_cat":[371],"product_tag":[],"models":[],"years":[],"class_list":{"0":"post-58041","1":"product","2":"type-product","3":"status-publish","4":"has-post-thumbnail","6":"product_cat-raumklima-zeit","8":"first","9":"instock","10":"sale","11":"shipping-taxable","12":"purchasable","13":"product-type-simple"},"aioseo_notices":[],"acf":[],"_links":{"self":[{"href":"https:\/\/amannforg.com\/fr\/wp-json\/wp\/v2\/product\/58041","targetHints":{"allow":["GET"]}}],"collection":[{"href":"https:\/\/amannforg.com\/fr\/wp-json\/wp\/v2\/product"}],"about":[{"href":"https:\/\/amannforg.com\/fr\/wp-json\/wp\/v2\/types\/product"}],"replies":[{"embeddable":true,"href":"https:\/\/amannforg.com\/fr\/wp-json\/wp\/v2\/comments?post=58041"}],"version-history":[{"count":1,"href":"https:\/\/amannforg.com\/fr\/wp-json\/wp\/v2\/product\/58041\/revisions"}],"predecessor-version":[{"id":58042,"href":"https:\/\/amannforg.com\/fr\/wp-json\/wp\/v2\/product\/58041\/revisions\/58042"}],"wp:featuredmedia":[{"embeddable":true,"href":"https:\/\/amannforg.com\/fr\/wp-json\/wp\/v2\/media\/42733"}],"wp:attachment":[{"href":"https:\/\/amannforg.com\/fr\/wp-json\/wp\/v2\/media?parent=58041"}],"wp:term":[{"taxonomy":"product_brand","embeddable":true,"href":"https:\/\/amannforg.com\/fr\/wp-json\/wp\/v2\/product_brand?post=58041"},{"taxonomy":"product_cat","embeddable":true,"href":"https:\/\/amannforg.com\/fr\/wp-json\/wp\/v2\/product_cat?post=58041"},{"taxonomy":"product_tag","embeddable":true,"href":"https:\/\/amannforg.com\/fr\/wp-json\/wp\/v2\/product_tag?post=58041"},{"taxonomy":"models","embeddable":true,"href":"https:\/\/amannforg.com\/fr\/wp-json\/wp\/v2\/models?post=58041"},{"taxonomy":"years","embeddable":true,"href":"https:\/\/amannforg.com\/fr\/wp-json\/wp\/v2\/years?post=58041"}],"curies":[{"name":"wp","href":"https:\/\/api.w.org\/{rel}","templated":true}]}}