{"id":58069,"date":"2026-03-04T00:13:58","date_gmt":"2026-03-04T00:13:58","guid":{"rendered":"https:\/\/amannforg.com\/?post_type=product&#038;p=58069"},"modified":"2026-03-07T16:30:04","modified_gmt":"2026-03-07T16:30:04","slug":"dometic-cff-70dz-kompressorkuhlbox-70l-12-24v-100-240v","status":"publish","type":"product","link":"https:\/\/amannforg.com\/fr\/produit\/dometic-cff-70dz-kompressorkuhlbox-70l-12-24v-100-240v\/","title":{"rendered":"Dometic CFF 70DZ Kompressork\u00fchlbox 70L 12\/24V \/ 100-240V"},"content":{"rendered":"<p class=\"mb-l\">\n<div class=\"titlepage\">\n<h2 class=\"text-h3 mb-l\">Dometic CFF 70DZ<\/h2>\n<\/div>\n<p class=\"mb-l\">Tragbare Zweizonen-Kompressork\u00fchlbox, 70 l A+<\/p>\n<p class=\"mb-l\">Stilvolles Design in Kombination mit vielseitigen Einsatzm\u00f6glichkeiten. Der Dometic CFF 70DZ verf\u00fcgt \u00fcber zwei F\u00e4cher mit unabh\u00e4ngiger Temperaturregelung. Das Zusammenspiel aus Kompressork\u00fchltechnologie und guter Isolierung sorgt f\u00fcr eine solide und effiziente K\u00fchlleistung.<\/p>\n<p class=\"mb-l\">\n<div class=\"titlepage\">\n<h2 class=\"text-h3 mb-l\">Features:<\/h2>\n<\/div>\n<div class=\"itemizedlist\">\n<ul class=\"bullet-list\">\n<li class=\"bullet-list-item\">Zweizonen-K\u00fchlung<\/li>\n<li class=\"bullet-list-item\">Robust &#8211; F\u00fcr den Outdoor-Einsatz<\/li>\n<li class=\"bullet-list-item\">Leichter Zugang &#8211; Beidseitig zu \u00f6ffnender Deckel<\/li>\n<li class=\"bullet-list-item\">70 l Fassungsverm\u00f6gen: 17 (11+6) herk\u00f6mmliche 1,5-l-Flaschen oder 100 Dosen (60+40; 330 ml)<\/li>\n<li class=\"bullet-list-item\">Zwei Lagerf\u00e4cher mit unabh\u00e4ngiger Temperaturregelung<\/li>\n<li class=\"bullet-list-item\">Gro\u00dfz\u00fcgige Isolierung und gute Temperaturverteilung sorgen f\u00fcr hervorragende K\u00fchlleistung und Energieeffizienz<\/li>\n<li class=\"bullet-list-item\">Leistungsstarke Kompressor-K\u00fchltechnologie erm\u00f6glicht zuverl\u00e4ssiges K\u00fchlen auch bei hohen Umgebungstemperaturen<\/li>\n<li class=\"bullet-list-item\">Solide Bauweise \u2013 f\u00fcr die Nutzung im Freien geeignet<\/li>\n<li class=\"bullet-list-item\">Problemlose Temperatureinstellung zwischen +20 \u00b0C und -18 \u00b0C<\/li>\n<li class=\"bullet-list-item\">Dreistufiges Batterieschutzsystem mit automatischer Abschaltung, um die Entleerung der Autobatterie zu vermeiden, sowie Stromaufnahmem\u00f6glichkeit durch Doppelbatteriesysteme.<\/li>\n<\/ul>\n<\/div>\n<p class=\"mb-l\">\n<div class=\"titlepage\">\n<h2 class=\"text-h3 mb-l\">Erstklassige und flexible K\u00fchlleistung<\/h2>\n<\/div>\n<p class=\"mb-l\">Mit einem Gewicht von 26 kg nutzt die CFF 70DZ ihre 70 l Fassungsverm\u00f6gen voll aus. Das Steckenpferd der Dometic CFF 70DZ ist zweifelsfrei ihr Innenleben mit zwei Zonen, das Ihnen die M\u00f6glichkeit gibt, Lebensmittel und Getr\u00e4nke in unabh\u00e4ngigen F\u00e4chern zu k\u00fchlen. Im Zusammenspiel mit der gro\u00dfz\u00fcgigen Isolierung wird die Batterie dadurch weniger stark beansprucht. Deshalb z\u00e4hlt die CFF70DZ zu den stromsparenden mobilen K\u00fchlboxen. Eine erstklassige Wahl f\u00fcr moderne Nomaden und Abenteurer, die immer unterwegs sind.<\/p>\n<p class=\"mb-l\">\n<div class=\"titlepage\">\n<h2 class=\"text-h3 mb-l\">Erstklassige und flexible K\u00fchlleistung<\/h2>\n<\/div>\n<p class=\"mb-l\">\n<div class=\"titlepage\">\n<h2 class=\"text-h3 mb-l\">Optimierter Nutzinhalt<\/h2>\n<\/div>\n<p class=\"mb-l\">Der vielseitige Dometic CFF 70DZ verf\u00fcgt \u00fcber Zwei-Zonen-K\u00fchlf\u00e4cher mit unabh\u00e4ngiger Temperaturregelung. Ihre leistungsstarke Kompressork\u00fchlung garantiert auch bei hohen Umgebungstemperaturen eine zuverl\u00e4ssige K\u00fchlung. Die Temperatur kann nach Wunsch zwischen +20 \u00b0C und -18 \u00b0C eingestellt werden. Die -18 \u00b0C k\u00f6nnen bei Umgebungstemperaturen bis zu +32 \u00b0C gehalten werden. Sie verf\u00fcgt \u00fcber eine benutzerfreundliche elektronische Steuerung und eignet sich dank ihres robusten Designs f\u00fcr die Nutzung im Freien. Unser CFF Sortiment zeichnet sich durch seine optimale Raumnutzung und hervorragende Temperaturverteilung aus. In Kombination mit der gro\u00dfz\u00fcgigen Isolierung bietet es eine erstklassige und energieeffiziente K\u00fchlleistung. Nicht zuletzt verf\u00fcgt das Sortiment \u00fcber ein Dreistufiges dynamisches Batterieschutzsystem, das die Entleerung der Autobatterie vermeidet und die Stromaufnahme durch Doppelbatteriesysteme erm\u00f6glicht. So brauchen Sie sich nie Sorgen um Ihre gek\u00fchlten Lebensmittel und Getr\u00e4nke zu machen.<\/p>\n<li class=\"mb-m\">\n<div class=\"flex flex-col m:flex-row gap-s m:gap-xl\">\n<div class=\"text-h3 min-w-[244px] max-w-[244px]\">Bauform<\/div>\n<div class=\"flex flex-col gap-s\"><span class=\"\"><\/p>\n<ul class=\"flex flex-col gap-s\">\n<li class=\"ml-3xs pl-[15px] relative before:absolute before:w-[8px] before:h-[8px] before:bg-dark before:top-[8px] before:left-0 before:rounded-full\">Mobilger\u00e4t<\/li>\n<\/ul>\n<p><\/span><\/div>\n<\/div>\n<\/li>\n<li class=\"mb-m\">\n<div class=\"flex flex-col m:flex-row gap-s m:gap-xl\">\n<div class=\"text-h3 min-w-[244px] max-w-[244px]\">K\u00fchlger\u00e4te<\/div>\n<div class=\"flex flex-col gap-s\"><span class=\"\"><\/p>\n<ul class=\"flex flex-col gap-s\">\n<li class=\"ml-3xs pl-[15px] relative before:absolute before:w-[8px] before:h-[8px] before:bg-dark before:top-[8px] before:left-0 before:rounded-full\">Nutzinhalt gesamt: 70 l<\/li>\n<li class=\"ml-3xs pl-[15px] relative before:absolute before:w-[8px] before:h-[8px] before:bg-dark before:top-[8px] before:left-0 before:rounded-full\">Nutzinhalt K\u00fchlbereich: 70 l<\/li>\n<li class=\"ml-3xs pl-[15px] relative before:absolute before:w-[8px] before:h-[8px] before:bg-dark before:top-[8px] before:left-0 before:rounded-full\">K\u00fchltechnologie: Kompressor<\/li>\n<\/ul>\n<p><\/span><\/div>\n<\/div>\n<\/li>\n<li class=\"mb-m\">\n<div class=\"flex flex-col m:flex-row gap-s m:gap-xl\">\n<div class=\"text-h3 min-w-[244px] max-w-[244px]\">Jahresverbrauch<\/div>\n<div class=\"flex flex-col gap-s\"><span class=\"\"><\/p>\n<ul class=\"flex flex-col gap-s\">\n<li class=\"ml-3xs pl-[15px] relative before:absolute before:w-[8px] before:h-[8px] before:bg-dark before:top-[8px] before:left-0 before:rounded-full\">46 kWh<\/li>\n<\/ul>\n<p><\/span><\/div>\n<\/div>\n<\/li>\n<li class=\"mb-m\">\n<div class=\"flex flex-col m:flex-row gap-s m:gap-xl\">\n<div class=\"text-h3 min-w-[244px] max-w-[244px]\">Farbe<\/div>\n<div class=\"flex flex-col gap-s\"><span class=\"\"><\/p>\n<ul class=\"flex flex-col gap-s\">\n<li class=\"ml-3xs pl-[15px] relative before:absolute before:w-[8px] before:h-[8px] before:bg-dark before:top-[8px] before:left-0 before:rounded-full\">Grau<\/li>\n<\/ul>\n<p><\/span><\/div>\n<\/div>\n<\/li>\n<li class=\"mb-m\">\n<div class=\"flex flex-col m:flex-row gap-s m:gap-xl\">\n<div class=\"text-h3 min-w-[244px] max-w-[244px]\">Abmessungen \/ Gewicht<\/div>\n<div class=\"flex flex-col gap-s\"><span class=\"\"><\/p>\n<ul class=\"flex flex-col gap-s\">\n<li class=\"ml-3xs pl-[15px] relative before:absolute before:w-[8px] before:h-[8px] before:bg-dark before:top-[8px] before:left-0 before:rounded-full\">Breite: 91.4 mm<\/li>\n<li class=\"ml-3xs pl-[15px] relative before:absolute before:w-[8px] before:h-[8px] before:bg-dark before:top-[8px] before:left-0 before:rounded-full\">H\u00f6he: 500 mm<\/li>\n<li class=\"ml-3xs pl-[15px] relative before:absolute before:w-[8px] before:h-[8px] before:bg-dark before:top-[8px] before:left-0 before:rounded-full\">Tiefe: 43.3 mm<\/li>\n<li class=\"ml-3xs pl-[15px] relative before:absolute before:w-[8px] before:h-[8px] before:bg-dark before:top-[8px] before:left-0 before:rounded-full\">Gewicht: 26 kg<\/li>\n<\/ul>\n<p><\/span><\/div>\n<\/div>\n<\/li>\n<li class=\"mb-m\">\n<div class=\"flex flex-col m:flex-row gap-s m:gap-xl\">\n<div class=\"text-h3 min-w-[244px] max-w-[244px]\">Zertifikate \/ Garantie<\/div>\n<div class=\"flex flex-col gap-s\"><span class=\"\"><\/p>\n<ul class=\"flex flex-col gap-s\">\n<li class=\"ml-3xs pl-[15px] relative before:absolute before:w-[8px] before:h-[8px] before:bg-dark before:top-[8px] before:left-0 before:rounded-full\">Energieeffizienzklasse: D<\/li>\n<li class=\"ml-3xs pl-[15px] relative before:absolute before:w-[8px] before:h-[8px] before:bg-dark before:top-[8px] before:left-0 before:rounded-full\">Klimaklasse: N-T<\/li>\n<\/ul>\n<p><\/span><\/div>\n<\/div>\n<\/li>\n<li class=\"mb-m\">\n<div class=\"flex flex-col m:flex-row gap-s m:gap-xl\">\n<div class=\"text-h3 min-w-[244px] max-w-[244px]\">Ger\u00e4uschentwicklung<\/div>\n<div class=\"flex flex-col gap-s\"><span class=\"\"><\/p>\n<ul class=\"flex flex-col gap-s\">\n<li class=\"ml-3xs pl-[15px] relative before:absolute before:w-[8px] before:h-[8px] before:bg-dark before:top-[8px] before:left-0 before:rounded-full\">43 dB<\/li>\n<\/ul>\n<p><\/span><\/div>\n<\/div>\n<\/li>\n","protected":false},"excerpt":{"rendered":"<li class=\"bullet-list-item\">Energieeffizienzklasse: D<\/li>\n<li class=\"bullet-list-item\"> Nutzinhalt gesamt: 70;  K\u00fchltechnologie Kompressor  <\/li>\n<li class=\"bullet-list-item\">Ger\u00e4uschemission: 43 dB ;  Jahresverbrauch: 46 kWh <\/li>\n<p> Herstellernummer 97000150807<\/p>","protected":false},"featured_media":46651,"comment_status":"open","ping_status":"closed","template":"","meta":{"_monsterinsights_skip_tracking":false,"_monsterinsights_sitenote_active":false,"_monsterinsights_sitenote_note":"","_monsterinsights_sitenote_category":0,"_uf_show_specific_survey":0,"_uf_disable_surveys":false},"product_brand":[],"product_cat":[503],"product_tag":[],"models":[],"years":[],"class_list":{"0":"post-58069","1":"product","2":"type-product","3":"status-publish","4":"has-post-thumbnail","6":"product_cat-kuhlen-gefrieren","8":"first","9":"instock","10":"sale","11":"shipping-taxable","12":"purchasable","13":"product-type-simple"},"aioseo_notices":[],"acf":[],"_links":{"self":[{"href":"https:\/\/amannforg.com\/fr\/wp-json\/wp\/v2\/product\/58069","targetHints":{"allow":["GET"]}}],"collection":[{"href":"https:\/\/amannforg.com\/fr\/wp-json\/wp\/v2\/product"}],"about":[{"href":"https:\/\/amannforg.com\/fr\/wp-json\/wp\/v2\/types\/product"}],"replies":[{"embeddable":true,"href":"https:\/\/amannforg.com\/fr\/wp-json\/wp\/v2\/comments?post=58069"}],"version-history":[{"count":1,"href":"https:\/\/amannforg.com\/fr\/wp-json\/wp\/v2\/product\/58069\/revisions"}],"predecessor-version":[{"id":58070,"href":"https:\/\/amannforg.com\/fr\/wp-json\/wp\/v2\/product\/58069\/revisions\/58070"}],"wp:featuredmedia":[{"embeddable":true,"href":"https:\/\/amannforg.com\/fr\/wp-json\/wp\/v2\/media\/46651"}],"wp:attachment":[{"href":"https:\/\/amannforg.com\/fr\/wp-json\/wp\/v2\/media?parent=58069"}],"wp:term":[{"taxonomy":"product_brand","embeddable":true,"href":"https:\/\/amannforg.com\/fr\/wp-json\/wp\/v2\/product_brand?post=58069"},{"taxonomy":"product_cat","embeddable":true,"href":"https:\/\/amannforg.com\/fr\/wp-json\/wp\/v2\/product_cat?post=58069"},{"taxonomy":"product_tag","embeddable":true,"href":"https:\/\/amannforg.com\/fr\/wp-json\/wp\/v2\/product_tag?post=58069"},{"taxonomy":"models","embeddable":true,"href":"https:\/\/amannforg.com\/fr\/wp-json\/wp\/v2\/models?post=58069"},{"taxonomy":"years","embeddable":true,"href":"https:\/\/amannforg.com\/fr\/wp-json\/wp\/v2\/years?post=58069"}],"curies":[{"name":"wp","href":"https:\/\/api.w.org\/{rel}","templated":true}]}}