{"id":58104,"date":"2026-03-04T00:15:37","date_gmt":"2026-03-04T00:15:37","guid":{"rendered":"https:\/\/amannforg.com\/?post_type=product&#038;p=58104"},"modified":"2026-03-07T16:30:08","modified_gmt":"2026-03-07T16:30:08","slug":"bosch-kag93aiep-serie-6-side-by-side-freistehende-kuhl-gefrier-kombination","status":"publish","type":"product","link":"https:\/\/amannforg.com\/fr\/produit\/bosch-kag93aiep-serie-6-side-by-side-freistehende-kuhl-gefrier-kombination\/","title":{"rendered":"Bosch KAG93AIEP Serie 6 Side-by-Side Freistehende K\u00fchl-Gefrier-Kombination"},"content":{"rendered":"<p class=\"mb-l\">\n<div class=\"titlepage\">\n<h2 class=\"text-h3 mb-l\">Bosch KAG93AIEP Serie 6 Side-by-Side Freistehende K\u00fchl-Gefrier-Kombination<\/h2>\n<\/div>\n<p class=\"mb-l\">\n<div class=\"titlepage\">\n<h2 class=\"text-h3 mb-l\">Wasser, Eisw\u00fcrfel und Crushed Ice per Knopfdruck.<\/h2>\n<\/div>\n<p class=\"mb-l\">Noch nie war es so einfach, erfrischende Getr\u00e4nke zu genie\u00dfen. Mit nur einem Knopfdruck erh\u00e4ltst du dank des integrierten Eis- und Wasserspenders im Gefrierfach gek\u00fchltes Wasser, frische Eisw\u00fcrfel und Crushed Eis. Der Eis- und Wasserspender wird durch einen Wasserfilter und einen direkten Wasseranschluss erm\u00f6glicht.<\/p>\n<p class=\"mb-l\">\n<div class=\"titlepage\">\n<h2 class=\"text-h3 mb-l\">K\u00fchlschrank? Geht auch gr\u00f6\u00dfer!<\/h2>\n<\/div>\n<p class=\"mb-l\">Wenn du einen ger\u00e4umigen K\u00fchlschrank brauchst, der nicht zu viel Platz in der K\u00fcche einnimmt, sind unsere K\u00fchlschr\u00e4nke mit XXL-Fassungsverm\u00f6gen genau das Richtige f\u00fcr dich. Sie sind nur geringf\u00fcgig breiter als ein Standardmodell, allerdings kannst du in ihnen von Backblechen bis zu gro\u00dfen Wassermelonen und anderen sperrigen Gegenst\u00e4nden alles unterbringen. Der gr\u00f6\u00dfere Innenraum erleichtert dir den \u00dcberblick \u00fcber deine Lebensmittel und bietet maximale Lagerungsflexibilit\u00e4t.<\/p>\n<p class=\"mb-l\">\n<div class=\"titlepage\">\n<h2 class=\"text-h3 mb-l\">Nie wieder abtauen, keine Tropfen an der R\u00fcckwand des K\u00fchlschranks.<\/h2>\n<\/div>\n<p class=\"mb-l\">Mit der Total No Frost-Technologie musst du deinen Gefrierschrank nie wieder abtauen. Sie entzieht Feuchtigkeit und h\u00e4lt die Luft im Ger\u00e4t trocken, um das Entstehen von Frost an den W\u00e4nden und deinen Lebensmitteln zu verhindern. Dies gilt auch f\u00fcr den K\u00fchlschrankbereich. Verabschiede dich von Wassertr\u00f6pfchen und Eisbildung an der R\u00fcckwand. Dadurch sparst du nicht nur den Aufwand des Abtauens und Reinigens, sondern machst dein Ger\u00e4t auch energieeffizienter.<\/p>\n<p class=\"mb-l\">\n<div class=\"titlepage\">\n<h2 class=\"text-h3 mb-l\">Deine Lebensmittel im Blick behalten.<\/h2>\n<\/div>\n<p class=\"mb-l\">Die LED-Beleuchtung hilft, alles im K\u00fchlschrank im Blick zu behalten. Die langlebigen, energiesparenden LEDs tauchen den Innenraum automatisch in ein brillantes wei\u00dfes Licht. Die voll integrierten LED-Lichtquellen sorgen f\u00fcr eine angenehm helle, gleichm\u00e4\u00dfige und blendfreie Ausleuchtung des Innenraums. Nie wieder etwas \u00fcbersehen.<\/p>\n<p class=\"mb-l\">\n<div class=\"titlepage\">\n<h2 class=\"text-h3 mb-l\">Flexibilit\u00e4t im Gefrierraum.<\/h2>\n<\/div>\n<p class=\"mb-l\">Um mehr Platz zu schaffen, k\u00f6nnen die Sicherheitsglasplatten im Gefrierraum einfach entfernt werden, um gro\u00dfes Gefriergut zu lagern. Gro\u00dfe Lebensmittel, wie eine Familienpackung Pizzen, k\u00f6nnen auf den Glasfl\u00e4chen m\u00fchelos gestapelt werden.<\/p>\n<p class=\"mb-l\">\n<div class=\"titlepage\">\n<h2 class=\"text-h3 mb-l\">Der K\u00fchlschrank, der wei\u00df, wie man cool bleibt.<\/h2>\n<\/div>\n<p class=\"mb-l\">Aktiviere vor dem Einkaufen die Super K\u00fchlen-Funktion, um die Temperatur im K\u00fchlschrank f\u00fcr kurze Zeit zu senken, damit die frischen Eink\u00e4ufe auf der richtigen Temperatur bleiben. Die Temperatur wird per Knopfdruck abgesenkt (mindestens 2\u00b0C). Um unn\u00f6tigen Stromverbrauch zu vermeiden, schaltet die Funktion nach ca. 6 Stunden automatisch zur\u00fcck.<\/p>\n<li class=\"mb-m\">\n<div class=\"flex flex-col m:flex-row gap-s m:gap-xl\">\n<div class=\"text-h3 min-w-[244px] max-w-[244px]\">K\u00fchlger\u00e4te<\/div>\n<div class=\"flex flex-col gap-s\"><span class=\"\"><\/p>\n<ul class=\"flex flex-col gap-s\">\n<li class=\"ml-3xs pl-[15px] relative before:absolute before:w-[8px] before:h-[8px] before:bg-dark before:top-[8px] before:left-0 before:rounded-full\">Nutzinhalt gesamt: 560 l<\/li>\n<li class=\"ml-3xs pl-[15px] relative before:absolute before:w-[8px] before:h-[8px] before:bg-dark before:top-[8px] before:left-0 before:rounded-full\">Nutzinhalt K\u00fchlbereich: 369 l<\/li>\n<li class=\"ml-3xs pl-[15px] relative before:absolute before:w-[8px] before:h-[8px] before:bg-dark before:top-[8px] before:left-0 before:rounded-full\">Nutzinhalt Gefrierbereich: 191 l<\/li>\n<li class=\"ml-3xs pl-[15px] relative before:absolute before:w-[8px] before:h-[8px] before:bg-dark before:top-[8px] before:left-0 before:rounded-full\">Gefrierleistung in24h: 13 kg<\/li>\n<li class=\"ml-3xs pl-[15px] relative before:absolute before:w-[8px] before:h-[8px] before:bg-dark before:top-[8px] before:left-0 before:rounded-full\">Frostschutz: NoFrost<\/li>\n<li class=\"ml-3xs pl-[15px] relative before:absolute before:w-[8px] before:h-[8px] before:bg-dark before:top-[8px] before:left-0 before:rounded-full\">Spenderfunktion: <\/li>\n<div class=\"itemizedlist\">\n<ul class=\"flex flex-col gap-s\">\n<li class=\"ml-3xs pl-[15px] relative before:absolute before:w-[8px] before:h-[8px] before:bg-dark before:top-[8px] before:left-0 before:rounded-full\">Crushed Ice<\/li>\n<li class=\"ml-3xs pl-[15px] relative before:absolute before:w-[8px] before:h-[8px] before:bg-dark before:top-[8px] before:left-0 before:rounded-full\">Eisw\u00fcrfel<\/li>\n<li class=\"ml-3xs pl-[15px] relative before:absolute before:w-[8px] before:h-[8px] before:bg-dark before:top-[8px] before:left-0 before:rounded-full\">Wasser<\/li>\n<\/ul>\n<\/div>\n<li class=\"ml-3xs pl-[15px] relative before:absolute before:w-[8px] before:h-[8px] before:bg-dark before:top-[8px] before:left-0 before:rounded-full\">T\u00fcrsystem: American<\/li>\n<li class=\"ml-3xs pl-[15px] relative before:absolute before:w-[8px] before:h-[8px] before:bg-dark before:top-[8px] before:left-0 before:rounded-full\">Lagerzeit bei St\u00f6rung: 8 h<\/li>\n<\/ul>\n<p><\/span><\/div>\n<\/div>\n<\/li>\n<li class=\"mb-m\">\n<div class=\"flex flex-col m:flex-row gap-s m:gap-xl\">\n<div class=\"text-h3 min-w-[244px] max-w-[244px]\">Farbe \/ Material<\/div>\n<div class=\"flex flex-col gap-s\"><span class=\"\"><\/p>\n<ul class=\"flex flex-col gap-s\">\n<li class=\"ml-3xs pl-[15px] relative before:absolute before:w-[8px] before:h-[8px] before:bg-dark before:top-[8px] before:left-0 before:rounded-full\">Farbe: Silber<\/li>\n<li class=\"ml-3xs pl-[15px] relative before:absolute before:w-[8px] before:h-[8px] before:bg-dark before:top-[8px] before:left-0 before:rounded-full\">Frontmaterial: Edelstahl<\/li>\n<\/ul>\n<p><\/span><\/div>\n<\/div>\n<\/li>\n<li class=\"mb-m\">\n<div class=\"flex flex-col m:flex-row gap-s m:gap-xl\">\n<div class=\"text-h3 min-w-[244px] max-w-[244px]\">Wasserversorgung<\/div>\n<div class=\"flex flex-col gap-s\"><span class=\"\"><\/p>\n<ul class=\"flex flex-col gap-s\">\n<li class=\"ml-3xs pl-[15px] relative before:absolute before:w-[8px] before:h-[8px] before:bg-dark before:top-[8px] before:left-0 before:rounded-full\">Festwasseranschluss<\/li>\n<\/ul>\n<p><\/span><\/div>\n<\/div>\n<\/li>\n<li class=\"mb-m\">\n<div class=\"flex flex-col m:flex-row gap-s m:gap-xl\">\n<div class=\"text-h3 min-w-[244px] max-w-[244px]\">Abmessungen \/ Gewicht<\/div>\n<div class=\"flex flex-col gap-s\"><span class=\"\"><\/p>\n<ul class=\"flex flex-col gap-s\">\n<li class=\"ml-3xs pl-[15px] relative before:absolute before:w-[8px] before:h-[8px] before:bg-dark before:top-[8px] before:left-0 before:rounded-full\">Breite: 908 mm<\/li>\n<li class=\"ml-3xs pl-[15px] relative before:absolute before:w-[8px] before:h-[8px] before:bg-dark before:top-[8px] before:left-0 before:rounded-full\">H\u00f6he: 1787 mm<\/li>\n<li class=\"ml-3xs pl-[15px] relative before:absolute before:w-[8px] before:h-[8px] before:bg-dark before:top-[8px] before:left-0 before:rounded-full\">Tiefe: 707 mm<\/li>\n<li class=\"ml-3xs pl-[15px] relative before:absolute before:w-[8px] before:h-[8px] before:bg-dark before:top-[8px] before:left-0 before:rounded-full\">Gewicht: 120.2 kg<\/li>\n<\/ul>\n<p><\/span><\/div>\n<\/div>\n<\/li>\n<li class=\"mb-m\">\n<div class=\"flex flex-col m:flex-row gap-s m:gap-xl\">\n<div class=\"text-h3 min-w-[244px] max-w-[244px]\">Energieeffizienzklasse<\/div>\n<div class=\"flex flex-col gap-s\"><span class=\"\"><\/p>\n<ul class=\"flex flex-col gap-s\">\n<li class=\"ml-3xs pl-[15px] relative before:absolute before:w-[8px] before:h-[8px] before:bg-dark before:top-[8px] before:left-0 before:rounded-full\">E<\/li>\n<\/ul>\n<p><\/span><\/div>\n<\/div>\n<\/li>\n<li class=\"mb-m\">\n<div class=\"flex flex-col m:flex-row gap-s m:gap-xl\">\n<div class=\"text-h3 min-w-[244px] max-w-[244px]\">Ger\u00e4uschentwicklung<\/div>\n<div class=\"flex flex-col gap-s\"><span class=\"\"><\/p>\n<ul class=\"flex flex-col gap-s\">\n<li class=\"ml-3xs pl-[15px] relative before:absolute before:w-[8px] before:h-[8px] before:bg-dark before:top-[8px] before:left-0 before:rounded-full\">42 dB<\/li>\n<\/ul>\n<p><\/span><\/div>\n<\/div>\n<\/li>\n","protected":false},"excerpt":{"rendered":"<li class=\"bullet-list-item\">Energieeffizienzklasse: E<\/li>\n<li class=\"bullet-list-item\">American Style Side-by-Side, Edelstahl-Front<\/li>\n<li class=\"bullet-list-item\">Kapazit\u00e4t K\u00fchlen: 369 l, Kapazit\u00e4t Gefrieren: 191 l<\/li>\n<li class=\"bullet-list-item\">Spender f\u00fcr Crushed Ice, Eisw\u00fcrfel, Wasser (Versorgung per Festwasseranschluss)<\/li>\n<li class=\"bullet-list-item\">Standger\u00e4t, Ma\u00dfe: B 90.8 cm x H 178.7 cm x T 70.7 cm<\/li>\n<p> Herstellernummer KAG93AIEP<\/p>","protected":false},"featured_media":46764,"comment_status":"open","ping_status":"closed","template":"","meta":{"_monsterinsights_skip_tracking":false,"_monsterinsights_sitenote_active":false,"_monsterinsights_sitenote_note":"","_monsterinsights_sitenote_category":0,"_uf_show_specific_survey":0,"_uf_disable_surveys":false},"product_brand":[],"product_cat":[503],"product_tag":[],"models":[],"years":[],"class_list":{"0":"post-58104","1":"product","2":"type-product","3":"status-publish","4":"has-post-thumbnail","6":"product_cat-kuhlen-gefrieren","8":"first","9":"instock","10":"sale","11":"shipping-taxable","12":"purchasable","13":"product-type-simple"},"aioseo_notices":[],"acf":[],"_links":{"self":[{"href":"https:\/\/amannforg.com\/fr\/wp-json\/wp\/v2\/product\/58104","targetHints":{"allow":["GET"]}}],"collection":[{"href":"https:\/\/amannforg.com\/fr\/wp-json\/wp\/v2\/product"}],"about":[{"href":"https:\/\/amannforg.com\/fr\/wp-json\/wp\/v2\/types\/product"}],"replies":[{"embeddable":true,"href":"https:\/\/amannforg.com\/fr\/wp-json\/wp\/v2\/comments?post=58104"}],"version-history":[{"count":1,"href":"https:\/\/amannforg.com\/fr\/wp-json\/wp\/v2\/product\/58104\/revisions"}],"predecessor-version":[{"id":58105,"href":"https:\/\/amannforg.com\/fr\/wp-json\/wp\/v2\/product\/58104\/revisions\/58105"}],"wp:featuredmedia":[{"embeddable":true,"href":"https:\/\/amannforg.com\/fr\/wp-json\/wp\/v2\/media\/46764"}],"wp:attachment":[{"href":"https:\/\/amannforg.com\/fr\/wp-json\/wp\/v2\/media?parent=58104"}],"wp:term":[{"taxonomy":"product_brand","embeddable":true,"href":"https:\/\/amannforg.com\/fr\/wp-json\/wp\/v2\/product_brand?post=58104"},{"taxonomy":"product_cat","embeddable":true,"href":"https:\/\/amannforg.com\/fr\/wp-json\/wp\/v2\/product_cat?post=58104"},{"taxonomy":"product_tag","embeddable":true,"href":"https:\/\/amannforg.com\/fr\/wp-json\/wp\/v2\/product_tag?post=58104"},{"taxonomy":"models","embeddable":true,"href":"https:\/\/amannforg.com\/fr\/wp-json\/wp\/v2\/models?post=58104"},{"taxonomy":"years","embeddable":true,"href":"https:\/\/amannforg.com\/fr\/wp-json\/wp\/v2\/years?post=58104"}],"curies":[{"name":"wp","href":"https:\/\/api.w.org\/{rel}","templated":true}]}}