{"id":58222,"date":"2026-03-04T09:37:12","date_gmt":"2026-03-04T09:37:12","guid":{"rendered":"https:\/\/amannforg.com\/?post_type=product&#038;p=58222"},"modified":"2026-03-07T16:30:21","modified_gmt":"2026-03-07T16:30:21","slug":"asus-pb63-b5046ah-mini-pc-i5-13400-16gb-512gb-win-11-pro","status":"publish","type":"product","link":"https:\/\/amannforg.com\/fr\/produit\/asus-pb63-b5046ah-mini-pc-i5-13400-16gb-512gb-win-11-pro\/","title":{"rendered":"ASUS PB63-B5046AH Mini PC i5-13400 16GB\/512GB Win 11 Pro"},"content":{"rendered":"<div class=\"article\">\n<div class=\"titlepage\">\n<h2 class=\"text-h3 mb-l\">ASUS PB63-B5046AH Mini PC i5-13400 16GB\/512GB Win 11 Pro<\/h2>\n<\/div>\n<div class=\"formalpara\">\n<div class=\"titlepage\">\n<h2 class=\"text-h3 mb-l\">Highlights<\/h2>\n<\/div>\n<p class=\"mb-l\">\n<div class=\"itemizedlist\">\n<ul class=\"bullet-list\">\n<li class=\"bullet-list-item\">\n<p class=\"mb-l\">Intel\u00ae Prozessoren der 13. Generation: Neueste Technologie f\u00fcr Leistung auf Desktop-Niveau<\/p>\n<\/li>\n<li class=\"bullet-list-item\">\n<p class=\"mb-l\">Intel Wi-Fi 6E und Bluetooth 5.2: Ultrafast Gig+ WLAN-Geschwindigkeiten, plus die neueste hocheffiziente Bluetooth-Konnektivit\u00e4t<\/p>\n<\/li>\n<li class=\"bullet-list-item\">\n<p class=\"mb-l\">Flexibler Anschluss: HDMI 2.0<\/p>\n<\/li>\n<li class=\"bullet-list-item\">\n<p class=\"mb-l\">Physische Sicherheit: Eingebauter Kensington-Schloss-Slot f\u00fcr sofortigen Schutz<\/p>\n<\/li>\n<li class=\"bullet-list-item\">\n<p class=\"mb-l\">Dynamische Tuning-Technologie: Automatische Optimierung zur Gew\u00e4hrleistung der besten Systemleistung<\/p>\n<\/li>\n<li class=\"bullet-list-item\">\n<p class=\"mb-l\">ASUS Corporate Stable Model (CSM): Exklusives Programm garantiert stabile Produktversorgung f\u00fcr mindestens drei Jahre 24\/7 Zuverl\u00e4ssigkeitstest: Eine Reihe strenger Verfahren gew\u00e4hrleistet einen stabilen Betrieb<\/p>\n<\/li>\n<\/ul>\n<\/div>\n<\/p><\/div>\n<div class=\"formalpara\">\n<div class=\"titlepage\">\n<h2 class=\"text-h3 mb-l\">Solide Zuverl\u00e4ssigkeit f\u00fcr Ihr Unternehmen<\/h2>\n<\/div>\n<p class=\"mb-l\">Das ASUS ExpertCenter PB63 ist ein robuster, vielseitiger und leistungsstarker PC, der sich f\u00fcr eine Reihe von Gesch\u00e4ftsanwendungen eignet, darunter Digital Signage, Point-of-Sales-Systeme (POS), Kioske und intelligente Verkaufsautomaten. Angetrieben von den neuesten Intel\u00ae Core\u2122 Prozessoren der 13. Generation mit Intel\u00ae UHD-Grafikprozessoren bietet der PB63 Desktop-Leistung in einem kompakten Format und unterst\u00fctzt DDR5-Speicher der n\u00e4chsten Generation. Um den unterschiedlichen Anforderungen gerecht zu werden, unterst\u00fctzt der PB63 eine 46- bis 65-Watt-CPU &#8211; Sie k\u00f6nnen also ganz einfach zwischen h\u00f6chster Effizienz und maximaler Leistung w\u00e4hlen. Dank umfassender Konnektivit\u00e4t mit acht USB-Anschl\u00fcssen und Unterst\u00fctzung f\u00fcr bis zu drei 4K UHD-Displays ist der PB63 perfekt f\u00fcr nahezu jedes Gesch\u00e4ftsszenario geeignet. Er wurde au\u00dferdem nach dem neuesten Milit\u00e4rstandard MIL-STD-810H getestet, um sicherzustellen, dass er f\u00fcr raue Umgebungen geeignet ist.<\/p>\n<\/p><\/div>\n<div class=\"formalpara\">\n<div class=\"titlepage\">\n<h2 class=\"text-h3 mb-l\">Vielseitiges, platzsparendes und sicheres Design<\/h2>\n<\/div>\n<p class=\"mb-l\">Mit seiner kompakten Gr\u00f6\u00dfe und der VESA-kompatiblen Halterung ist das ASUS ExpertCenter PB63 perfekt f\u00fcr den Einsatz in B\u00fcros, Krankenh\u00e4usern oder im Einzelhandel geeignet. Das ASUS ExpertCenter PB63 ist erstmalig in zwei Farben erh\u00e4ltlich &#8211; klassisches Schwarz oder sauberes Wei\u00df &#8211; so dass es sich in jede Umgebung einf\u00fcgt. Es verf\u00fcgt sogar \u00fcber einen integrierten Kensington-Schloss-Slot und ein Vorh\u00e4ngeschloss-\u00d6sen-Design, das in jeder Situation f\u00fcr Sicherheit sorgt.<\/p>\n<\/p><\/div>\n<div class=\"formalpara\">\n<div class=\"titlepage\">\n<h2 class=\"text-h3 mb-l\">Innovative abschlie\u00dfbare VESA-Halterung f\u00fcr sofortige Sicherheit<\/h2>\n<\/div>\n<p class=\"mb-l\">Der ASUS Mini PC PB63 l\u00e4sst sich ganz einfach auf einer Standard-VESA-Platte montieren, und ein innovativer Verriegelungsmechanismus sorgt f\u00fcr zus\u00e4tzliche Sicherheit. Die mitgelieferten gummiummantelten Feststellschrauben verbessern die Verbindung und sch\u00fctzen die Geh\u00e4useoberfl\u00e4che vor Kratzern.<\/p>\n<\/p><\/div>\n<div class=\"formalpara\">\n<div class=\"titlepage\">\n<h2 class=\"text-h3 mb-l\">V\u00f6llig neuer Staubfilter<\/h2>\n<\/div>\n<p class=\"mb-l\">Der ASUS Mini PC PB63 ist mit einem v\u00f6llig neuen Staubfilter ausgestattet, der ihn vor dem Eindringen von Partikeln aus der Luft sch\u00fctzt* und dazu beitr\u00e4gt, die internen Komponenten sauber zu halten und so die Zuverl\u00e4ssigkeit zu verbessern. Dieses Design macht den PB63 auch ideal f\u00fcr den Einsatz in Bereichen mit hoher Staubdichte, von Industrieumgebungen oder stark frequentierten Einzelhandelsgesch\u00e4ften bis hin zu trockenen Regionen.<\/p>\n<\/p><\/div>\n<div class=\"formalpara\">\n<div class=\"titlepage\">\n<h2 class=\"text-h3 mb-l\">Vielseitige Anschlussm\u00f6glichkeiten<\/h2>\n<\/div>\n<p class=\"mb-l\">Der ASUS Mini PC PB63 bietet schnelle und bequeme Anschlussm\u00f6glichkeiten mit zwei USB Gen1 Typ-A , zwei USB 2.0 Anschl\u00fcssen und einem 3.2 Gen 1 Typ-C\u00ae auf der Vorderseite sowie einem USB 2.0 und zwei USB Gen2 Typ-A auf der R\u00fcckseite.<\/p>\n<\/p><\/div>\n<\/p><\/div>\n<li class=\"mb-m\">\n<div class=\"flex flex-col m:flex-row gap-s m:gap-xl\">\n<div class=\"text-h3 min-w-[244px] max-w-[244px]\">Geh\u00e4use<\/div>\n<div class=\"flex flex-col gap-s\"><span class=\"ml-3xs pl-[15px] relative before:absolute before:w-[8px] before:h-[8px] before:bg-dark before:top-[8px] before:left-0 before:rounded-full\">Mini-PC Geh\u00e4use<\/span><\/div>\n<\/div>\n<\/li>\n<li class=\"mb-m\">\n<div class=\"flex flex-col m:flex-row gap-s m:gap-xl\">\n<div class=\"text-h3 min-w-[244px] max-w-[244px]\">Prozessor<\/div>\n<div class=\"flex flex-col gap-s\"><span class=\"ml-3xs pl-[15px] relative before:absolute before:w-[8px] before:h-[8px] before:bg-dark before:top-[8px] before:left-0 before:rounded-full\">Intel\u00ae Core\u2122 i5-13400 Prozessor<\/span><span class=\"ml-3xs pl-[15px] relative before:absolute before:w-[8px] before:h-[8px] before:bg-dark before:top-[8px] before:left-0 before:rounded-full\">2,5 GHz mit Turbo-Boost bis zu 4,60 GHz, 20 MB Cache<\/span><span class=\"ml-3xs pl-[15px] relative before:absolute before:w-[8px] before:h-[8px] before:bg-dark before:top-[8px] before:left-0 before:rounded-full\">Deca-Core<\/span><\/div>\n<\/div>\n<\/li>\n<li class=\"mb-m\">\n<div class=\"flex flex-col m:flex-row gap-s m:gap-xl\">\n<div class=\"text-h3 min-w-[244px] max-w-[244px]\">Arbeitsspeicher<\/div>\n<div class=\"flex flex-col gap-s\"><span class=\"ml-3xs pl-[15px] relative before:absolute before:w-[8px] before:h-[8px] before:bg-dark before:top-[8px] before:left-0 before:rounded-full\">16 GB DDR5 &#8211; k.A SDRAM<\/span><span class=\"ml-3xs pl-[15px] relative before:absolute before:w-[8px] before:h-[8px] before:bg-dark before:top-[8px] before:left-0 before:rounded-full\">maximal erweiterbar auf 32 GB DDR5-SDRAM<\/span><span class=\"ml-3xs pl-[15px] relative before:absolute before:w-[8px] before:h-[8px] before:bg-dark before:top-[8px] before:left-0 before:rounded-full\">2 Steckpl\u00e4tze gesamt, davon 1 frei<\/span><\/div>\n<\/div>\n<\/li>\n<li class=\"mb-m\">\n<div class=\"flex flex-col m:flex-row gap-s m:gap-xl\">\n<div class=\"text-h3 min-w-[244px] max-w-[244px]\">Steckpl\u00e4tze<\/div>\n<div class=\"flex flex-col gap-s\"><span class=\"ml-3xs pl-[15px] relative before:absolute before:w-[8px] before:h-[8px] before:bg-dark before:top-[8px] before:left-0 before:rounded-full\">Speicherkartensteckpl\u00e4tze: 2x SO-DIMM<\/span><\/div>\n<\/div>\n<\/li>\n<li class=\"mb-m\">\n<div class=\"flex flex-col m:flex-row gap-s m:gap-xl\">\n<div class=\"text-h3 min-w-[244px] max-w-[244px]\">Grafik<\/div>\n<div class=\"flex flex-col gap-s\"><span class=\"ml-3xs pl-[15px] relative before:absolute before:w-[8px] before:h-[8px] before:bg-dark before:top-[8px] before:left-0 before:rounded-full\">Intel UHD 730 Grafik (Shared RAM)<\/span><span class=\"ml-3xs pl-[15px] relative before:absolute before:w-[8px] before:h-[8px] before:bg-dark before:top-[8px] before:left-0 before:rounded-full\">HDMI<\/span><span class=\"ml-3xs pl-[15px] relative before:absolute before:w-[8px] before:h-[8px] before:bg-dark before:top-[8px] before:left-0 before:rounded-full\">VGA<\/span><\/div>\n<\/div>\n<\/li>\n<li class=\"mb-m\">\n<div class=\"flex flex-col m:flex-row gap-s m:gap-xl\">\n<div class=\"text-h3 min-w-[244px] max-w-[244px]\">Festplatten<\/div>\n<div class=\"flex flex-col gap-s\"><span class=\"ml-3xs pl-[15px] relative before:absolute before:w-[8px] before:h-[8px] before:bg-dark before:top-[8px] before:left-0 before:rounded-full\">512 GB SSD<\/span><\/div>\n<\/div>\n<\/li>\n<li class=\"mb-m\">\n<div class=\"flex flex-col m:flex-row gap-s m:gap-xl\">\n<div class=\"text-h3 min-w-[244px] max-w-[244px]\">Laufwerke<\/div>\n<div class=\"flex flex-col gap-s\"><span class=\"ml-3xs pl-[15px] relative before:absolute before:w-[8px] before:h-[8px] before:bg-dark before:top-[8px] before:left-0 before:rounded-full\">Dieses Ger\u00e4t verf\u00fcgt \u00fcber kein optisches Laufwerk.<\/span><span class=\"ml-3xs pl-[15px] relative before:absolute before:w-[8px] before:h-[8px] before:bg-dark before:top-[8px] before:left-0 before:rounded-full\">Passende Laufwerke und Brenner finden Sie als Zubeh\u00f6r an diesem Artikel.<\/span><\/div>\n<\/div>\n<\/li>\n<li class=\"mb-m\">\n<div class=\"flex flex-col m:flex-row gap-s m:gap-xl\">\n<div class=\"text-h3 min-w-[244px] max-w-[244px]\">Schnittstellen<\/div>\n<div class=\"flex flex-col gap-s\"><span class=\"ml-3xs pl-[15px] relative before:absolute before:w-[8px] before:h-[8px] before:bg-dark before:top-[8px] before:left-0 before:rounded-full\">Anzahl USB 2.0 Anschl\u00fcsse: 3<\/span><span class=\"ml-3xs pl-[15px] relative before:absolute before:w-[8px] before:h-[8px] before:bg-dark before:top-[8px] before:left-0 before:rounded-full\">USB 3.2 Gen 1 (3.1 Gen 1) Anzahl der Anschl\u00fcsse vom Typ A: 2<\/span><span class=\"ml-3xs pl-[15px] relative before:absolute before:w-[8px] before:h-[8px] before:bg-dark before:top-[8px] before:left-0 before:rounded-full\">USB 3.2 Gen 2 (3.1 Gen 2) Anzahl der Anschl\u00fcsse vom Typ A: 2<\/span><span class=\"ml-3xs pl-[15px] relative before:absolute before:w-[8px] before:h-[8px] before:bg-dark before:top-[8px] before:left-0 before:rounded-full\">Anzahl HDMI-Anschl\u00fcsse: 1<\/span><span class=\"ml-3xs pl-[15px] relative before:absolute before:w-[8px] before:h-[8px] before:bg-dark before:top-[8px] before:left-0 before:rounded-full\">USB 3.2 Gen 2\u00d72 Typ-C Anzahl Anschl\u00fcsse: 1<\/span><span class=\"ml-3xs pl-[15px] relative before:absolute before:w-[8px] before:h-[8px] before:bg-dark before:top-[8px] before:left-0 before:rounded-full\">HDMI-Version: 2.0<\/span><span class=\"ml-3xs pl-[15px] relative before:absolute before:w-[8px] before:h-[8px] before:bg-dark before:top-[8px] before:left-0 before:rounded-full\">Anzahl DisplayPort Anschl\u00fcsse: 2<\/span><span class=\"ml-3xs pl-[15px] relative before:absolute before:w-[8px] before:h-[8px] before:bg-dark before:top-[8px] before:left-0 before:rounded-full\">Anzahl Ethernet-LAN-Anschl\u00fcsse (RJ-45): 1<\/span><span class=\"ml-3xs pl-[15px] relative before:absolute before:w-[8px] before:h-[8px] before:bg-dark before:top-[8px] before:left-0 before:rounded-full\">Mikrofon-Eingang: Ja<\/span><span class=\"ml-3xs pl-[15px] relative before:absolute before:w-[8px] before:h-[8px] before:bg-dark before:top-[8px] before:left-0 before:rounded-full\">Kopfh\u00f6rerausg\u00e4nge: 1<\/span><span class=\"ml-3xs pl-[15px] relative before:absolute before:w-[8px] before:h-[8px] before:bg-dark before:top-[8px] before:left-0 before:rounded-full\">Gleichstrom-Anschluss (DC): Ja<\/span><\/div>\n<\/div>\n<\/li>\n<li class=\"mb-m\">\n<div class=\"flex flex-col m:flex-row gap-s m:gap-xl\">\n<div class=\"text-h3 min-w-[244px] max-w-[244px]\">Kommunikation<\/div>\n<div class=\"flex flex-col gap-s\"><span class=\"ml-3xs pl-[15px] relative before:absolute before:w-[8px] before:h-[8px] before:bg-dark before:top-[8px] before:left-0 before:rounded-full\">10\/100\/1000 Mbit\/s Gigabit Ethernet LAN<\/span><span class=\"ml-3xs pl-[15px] relative before:absolute before:w-[8px] before:h-[8px] before:bg-dark before:top-[8px] before:left-0 before:rounded-full\">Wireless LAN 802.11 ax (abw\u00e4rtskompatibel zu b\/g\/n\/ac)<\/span><span class=\"ml-3xs pl-[15px] relative before:absolute before:w-[8px] before:h-[8px] before:bg-dark before:top-[8px] before:left-0 before:rounded-full\">Bluetooth 5.0<\/span><\/div>\n<\/div>\n<\/li>\n<li class=\"mb-m\">\n<div class=\"flex flex-col m:flex-row gap-s m:gap-xl\">\n<div class=\"text-h3 min-w-[244px] max-w-[244px]\">Sound<\/div>\n<div class=\"flex flex-col gap-s\"><span class=\"ml-3xs pl-[15px] relative before:absolute before:w-[8px] before:h-[8px] before:bg-dark before:top-[8px] before:left-0 before:rounded-full\">Ja<\/span><\/div>\n<\/div>\n<\/li>\n<li class=\"mb-m\">\n<div class=\"flex flex-col m:flex-row gap-s m:gap-xl\">\n<div class=\"text-h3 min-w-[244px] max-w-[244px]\">Maus<\/div>\n<div class=\"flex flex-col gap-s\"><span class=\"ml-3xs pl-[15px] relative before:absolute before:w-[8px] before:h-[8px] before:bg-dark before:top-[8px] before:left-0 before:rounded-full\">nicht im Lieferumfang enthalten<\/span><\/div>\n<\/div>\n<\/li>\n<li class=\"mb-m\">\n<div class=\"flex flex-col m:flex-row gap-s m:gap-xl\">\n<div class=\"text-h3 min-w-[244px] max-w-[244px]\">Tastatur<\/div>\n<div class=\"flex flex-col gap-s\"><span class=\"ml-3xs pl-[15px] relative before:absolute before:w-[8px] before:h-[8px] before:bg-dark before:top-[8px] before:left-0 before:rounded-full\">nicht im Lieferumfang enthalten<\/span><\/div>\n<\/div>\n<\/li>\n<li class=\"mb-m\">\n<div class=\"flex flex-col m:flex-row gap-s m:gap-xl\">\n<div class=\"text-h3 min-w-[244px] max-w-[244px]\">Betriebssystem<\/div>\n<div class=\"flex flex-col gap-s\"><span class=\"ml-3xs pl-[15px] relative before:absolute before:w-[8px] before:h-[8px] before:bg-dark before:top-[8px] before:left-0 before:rounded-full\">Windows 11 Professional 64 Bit<\/span><\/div>\n<\/div>\n<\/li>\n<li class=\"mb-m\">\n<div class=\"flex flex-col m:flex-row gap-s m:gap-xl\">\n<div class=\"text-h3 min-w-[244px] max-w-[244px]\">Abmessungen (B x H x T)<\/div>\n<div class=\"flex flex-col gap-s\"><span class=\"ml-3xs pl-[15px] relative before:absolute before:w-[8px] before:h-[8px] before:bg-dark before:top-[8px] before:left-0 before:rounded-full\">175 x 44 x 175 mm<\/span><\/div>\n<\/div>\n<\/li>\n<li class=\"mb-m\">\n<div class=\"flex flex-col m:flex-row gap-s m:gap-xl\">\n<div class=\"text-h3 min-w-[244px] max-w-[244px]\">Gewicht<\/div>\n<div class=\"flex flex-col gap-s\"><span class=\"ml-3xs pl-[15px] relative before:absolute before:w-[8px] before:h-[8px] before:bg-dark before:top-[8px] before:left-0 before:rounded-full\">1,2 kg<\/span><\/div>\n<\/div>\n<\/li>\n","protected":false},"excerpt":{"rendered":"<li class=\"bullet-list-item\">Intel\u00ae Core\u2122 i5-13400 Prozessor (bis zu 4,60 GHz), Deca-Core<\/li>\n<li class=\"bullet-list-item\">16 GB RAM, 512 GB SSD, USB 3.0<\/li>\n<li class=\"bullet-list-item\">Intel UHD 730 Grafik, HDMI<\/li>\n<li class=\"bullet-list-item\">Formfaktor: Mini-PC, WLAN, BT, Gb LAN<\/li>\n<li class=\"bullet-list-item\">Windows 11 Professional 64 Bit<\/li>\n<p> Herstellernummer 90MS02R1-M001E0<\/p>","protected":false},"featured_media":48158,"comment_status":"open","ping_status":"closed","template":"","meta":{"_monsterinsights_skip_tracking":false,"_monsterinsights_sitenote_active":false,"_monsterinsights_sitenote_note":"","_monsterinsights_sitenote_category":0,"_uf_show_specific_survey":0,"_uf_disable_surveys":false},"product_brand":[],"product_cat":[506],"product_tag":[],"models":[],"years":[],"class_list":{"0":"post-58222","1":"product","2":"type-product","3":"status-publish","4":"has-post-thumbnail","6":"product_cat-pc-systeme","8":"first","9":"instock","10":"sale","11":"shipping-taxable","12":"purchasable","13":"product-type-simple"},"aioseo_notices":[],"acf":[],"_links":{"self":[{"href":"https:\/\/amannforg.com\/fr\/wp-json\/wp\/v2\/product\/58222","targetHints":{"allow":["GET"]}}],"collection":[{"href":"https:\/\/amannforg.com\/fr\/wp-json\/wp\/v2\/product"}],"about":[{"href":"https:\/\/amannforg.com\/fr\/wp-json\/wp\/v2\/types\/product"}],"replies":[{"embeddable":true,"href":"https:\/\/amannforg.com\/fr\/wp-json\/wp\/v2\/comments?post=58222"}],"version-history":[{"count":1,"href":"https:\/\/amannforg.com\/fr\/wp-json\/wp\/v2\/product\/58222\/revisions"}],"predecessor-version":[{"id":58223,"href":"https:\/\/amannforg.com\/fr\/wp-json\/wp\/v2\/product\/58222\/revisions\/58223"}],"wp:featuredmedia":[{"embeddable":true,"href":"https:\/\/amannforg.com\/fr\/wp-json\/wp\/v2\/media\/48158"}],"wp:attachment":[{"href":"https:\/\/amannforg.com\/fr\/wp-json\/wp\/v2\/media?parent=58222"}],"wp:term":[{"taxonomy":"product_brand","embeddable":true,"href":"https:\/\/amannforg.com\/fr\/wp-json\/wp\/v2\/product_brand?post=58222"},{"taxonomy":"product_cat","embeddable":true,"href":"https:\/\/amannforg.com\/fr\/wp-json\/wp\/v2\/product_cat?post=58222"},{"taxonomy":"product_tag","embeddable":true,"href":"https:\/\/amannforg.com\/fr\/wp-json\/wp\/v2\/product_tag?post=58222"},{"taxonomy":"models","embeddable":true,"href":"https:\/\/amannforg.com\/fr\/wp-json\/wp\/v2\/models?post=58222"},{"taxonomy":"years","embeddable":true,"href":"https:\/\/amannforg.com\/fr\/wp-json\/wp\/v2\/years?post=58222"}],"curies":[{"name":"wp","href":"https:\/\/api.w.org\/{rel}","templated":true}]}}