{"id":58224,"date":"2026-03-04T09:37:16","date_gmt":"2026-03-04T09:37:16","guid":{"rendered":"https:\/\/amannforg.com\/?post_type=product&#038;p=58224"},"modified":"2026-03-07T16:30:21","modified_gmt":"2026-03-07T16:30:21","slug":"asus-pn53-bbr777hd-barebone-mini-pc-celeron-ryzen-7-7735h-nos","status":"publish","type":"product","link":"https:\/\/amannforg.com\/fr\/produit\/asus-pn53-bbr777hd-barebone-mini-pc-celeron-ryzen-7-7735h-nos\/","title":{"rendered":"ASUS PN53-BBR777HD Barebone Mini PC Celeron Ryzen 7-7735H nOS"},"content":{"rendered":"<div class=\"article\">\n<div class=\"titlepage\">\n<h2 class=\"text-h3 mb-l\">ASUS PN53-BBR777HD Barebone Mini PC Celeron Ryzen 7-7735H nOS<\/h2>\n<\/div>\n<div class=\"formalpara\">\n<div class=\"titlepage\">\n<h2 class=\"text-h3 mb-l\">Highlights<\/h2>\n<\/div><\/div>\n<div class=\"itemizedlist\">\n<ul class=\"bullet-list\">\n<li class=\"bullet-list-item\">\n<p class=\"mb-l\">Angetrieben von der neuesten AMD Ryzen\u2122 7000H Prozessor-Serie mit Radeon\u2122 Grafik Unterst\u00fctzung f\u00fcr vier 4K-Displays und 8K UHD<\/p>\n<\/li>\n<li class=\"bullet-list-item\">\n<p class=\"mb-l\">Unterst\u00fctzt 7 USB-Anschl\u00fcsse, darunter 2 x USB 4 Typ C, und zwei integrierte HDMI-Anschl\u00fcsse<\/p>\n<\/li>\n<li class=\"bullet-list-item\">\n<p class=\"mb-l\">Mit Two-Way AI Noise Cancelation f\u00fcr kristallklare Online-Sprachkommunikation<\/p>\n<\/li>\n<li class=\"bullet-list-item\">\n<p class=\"mb-l\">Unterst\u00fctzt DisplayPort 1.4 &amp; Power Delivery-Eingang \u00fcber r\u00fcckseitigen USB Typ C-Anschluss<\/p>\n<\/li>\n<li class=\"bullet-list-item\">\n<p class=\"mb-l\">Onboard 2.5GbE LAN f\u00fcr schnellere Ethernet-Konnektivit\u00e4t<\/p>\n<\/li>\n<li class=\"bullet-list-item\">\n<p class=\"mb-l\"> Multi-Storage-Design, unterst\u00fctzt bis zu 2x M.2 PCIe Gen4x4 SSD und 1x HDD<\/p>\n<\/li>\n<li class=\"bullet-list-item\">\n<p class=\"mb-l\">Integriertes Wi-Fi 6E und Bluetooth f\u00fcr einfache kabellose Verbindungen<\/p>\n<\/li>\n<li class=\"bullet-list-item\">\n<p class=\"mb-l\">24\/7-Zuverl\u00e4ssigkeit \u2013 Ausgiebig getestet, um langfristige Zuverl\u00e4ssigkeit zu gew\u00e4hrleisten<\/p>\n<\/li>\n<\/ul>\n<\/div>\n<div class=\"formalpara\">\n<div class=\"titlepage\">\n<h2 class=\"text-h3 mb-l\">ASUS ExpertCenter PN53 Barebone Mini PC<\/h2>\n<\/div>\n<p class=\"mb-l\">Ultrakompakter Mini-PC mit AMD Ryzen\u2122 Prozessoren der 7000H-Serie und AMD Radeon\u2122 Grafik, unterst\u00fctzt Quad-4K-Displays und 8K-Aufl\u00f6sung, 2,5 Gb LAN, WiFi 6E Angetrieben von der neuesten AMD Ryzen\u2122 7000H Prozessor-Serie mit Radeon\u2122 Grafik Unterst\u00fctzung f\u00fcr vier 4K-Displays und 8K UHDUnterst\u00fctzt 7 USB-Anschl\u00fcsse, darunter 2 x USB 4 Typ C, und zwei integrierte HDMI-Anschl\u00fcsse Mit Two-Way AI Noise Cancelation f\u00fcr kristallklare Online-Sprachkommunikation Unterst\u00fctzt DisplayPort 1.4 &amp; Power Delivery-Eingang \u00fcber r\u00fcckseitigen USB Typ C-Anschluss Onboard 2.5GbE LAN f\u00fcr schnellere Ethernet-Konnektivit\u00e4t Multi-Storage-Design, unterst\u00fctzt bis zu 2x M.2 PCIe Gen4x4 SSD und 1x HDD Integriertes Wi-Fi 6E und Bluetooth f\u00fcr einfache kabellose Verbindungen 24\/7-Zuverl\u00e4ssigkeit &#8211; Ausgiebig getestet, um langfristige Zuverl\u00e4ssigkeit zu gew\u00e4hrleisten<\/p>\n<\/p><\/div>\n<div class=\"formalpara\">\n<div class=\"titlepage\">\n<h2 class=\"text-h3 mb-l\">System &amp; CPU-Leistung<\/h2>\n<\/div>\n<p class=\"mb-l\">PN53 bietet im Vergleich zur Vorg\u00e4ngergeneration eine um bis zu 10 % h\u00f6here Systemleistung bei t\u00e4glichen Multitasking-Aufgaben. Damit bietet es eine hohe Rechenkapazit\u00e4t und erm\u00f6glicht einfaches Multitasking und einen reibungslosen Betrieb.<\/p>\n<\/p><\/div>\n<div class=\"formalpara\">\n<div class=\"titlepage\">\n<h2 class=\"text-h3 mb-l\">Grafikleistung<\/h2>\n<\/div>\n<p class=\"mb-l\">Das ExpertCenter PN53 erh\u00e4lt durch die Radeon\u2122 Grafikkarte einen deutlichen grafischen Schub und liefert eine gestochen scharfe, klare Darstellung, die ihrer Klasse weit voraus ist. Es liefert eine deutliche Verbesserung, indem es seine Punktzahl von 55% im 3DMark Fire Strike und 49% in den 3DMark Night Raid Leistungsbenchmarks erh\u00f6ht.<\/p>\n<\/p><\/div>\n<div class=\"formalpara\">\n<div class=\"titlepage\">\n<h2 class=\"text-h3 mb-l\">Ultraschnelle PCIe\u00ae 4.0 SSD<\/h2>\n<\/div>\n<p class=\"mb-l\">PCIe 4.0 verdoppelt die Daten\u00fcbertragungsrate des vorherigen PCIe 3.0 Standards. Das ExpertCenter PN53 unterst\u00fctzt eine PCIe Gen4 x4 SSD, um eine h\u00f6here Datenleistung und eine geringere Latenzzeit zu erzielen.<\/p>\n<\/p><\/div>\n<div class=\"formalpara\">\n<div class=\"titlepage\">\n<h2 class=\"text-h3 mb-l\">Vielseitiger USB 4 Typ-C<\/h2>\n<\/div>\n<p class=\"mb-l\">Power DeliveryDie Power Delivery (PD) Funktion kann entweder Strom von einem unterst\u00fctzten Display empfangen oder mobile Ger\u00e4te mit Strom versorgen. Superschnelle Daten\u00fcbertragungen Erleben Sie Daten\u00fcbertragungsgeschwindigkeiten von bis zu 40 Gbit\/s mit USB DisplayPort\u2122 Genie\u00dfen Sie eine Videoausgabe von bis zu 8K @ 30 Hz.<\/p>\n<\/p><\/div>\n<div class=\"formalpara\">\n<div class=\"titlepage\">\n<h2 class=\"text-h3 mb-l\">4K-Aufl\u00f6sung &amp; Unterst\u00fctzung f\u00fcr vier Displays<\/h2>\n<\/div>\n<p class=\"mb-l\">Dank der integrierten AMD Radeon 600M Serie Grafikkarte kann das ExpertCenter PN53 atemberaubende 4K UHD Videos und Bilder anzeigen. Mit HDMI, USB-C DisplayPort und einem konfigurierbaren Anschluss, der f\u00fcr die Videosignalausgabe festgelegt werden kann, k\u00f6nnen Sie mit dem PN53 Ihren Arbeitsbereich auf bis zu vier Bildschirme erweitern.<\/p>\n<\/p><\/div>\n<div class=\"formalpara\">\n<div class=\"titlepage\">\n<h2 class=\"text-h3 mb-l\">Ultra-realistische 8K-Grafiken<\/h2>\n<\/div>\n<p class=\"mb-l\">Das ExpertCenter PN53 unterst\u00fctzt atemberaubende 8K UHD-Darstellungen \u00fcber USB 4 oder die konfigurierbaren Videoausgangsanschl\u00fcsse f\u00fcr eine viermal h\u00f6here Detailgenauigkeit als 4K oder eine bemerkenswerte 16-fache Detailgenauigkeit als bei herk\u00f6mmlichen FHD-Darstellungen. Der PN53 ist in der Lage, 8K-Bilder mit 30 Hz \u00fcber USB 4 oder DisplayPort 1.4 oder mit bis zu 60 Hz \u00fcber HDMI 2.1* wiederzugeben, um Bilder zum Leben zu erwecken.<\/p>\n<\/p><\/div>\n<div class=\"formalpara\">\n<div class=\"titlepage\">\n<h2 class=\"text-h3 mb-l\">Au\u00dfergew\u00f6hnliches Verbindungserlebnis &#8211; Wi-Fi 6<\/h2>\n<\/div>\n<p class=\"mb-l\">Dank des integrierten WiFi 6-Moduls liefert das ExpertCenter PN53 selbst in dichten Umgebungen fl\u00fcssige, hochaufl\u00f6sende Videostreams, weniger Verbindungsabbr\u00fcche und eine schnellere Leistung in gr\u00f6\u00dferer Entfernung vom Router. <\/p>\n<\/p><\/div>\n<div class=\"formalpara\">\n<div class=\"titlepage\">\n<h2 class=\"text-h3 mb-l\">Einfache Modifikation, maximale M\u00f6glichkeiten<\/h2>\n<\/div>\n<p class=\"mb-l\">Ein optionales Multi-Storage-Design, das bis zu zwei PCIe Gen4 M.2 SSD und ein 2,5-Zoll-Solid-State-Laufwerk (SSD) oder ein Festplattenlaufwerk (HDD) f\u00fcr zus\u00e4tzliche Speicherflexibilit\u00e4t aufnehmen kann.<\/p>\n<\/p><\/div>\n<div class=\"formalpara\">\n<div class=\"titlepage\">\n<h2 class=\"text-h3 mb-l\">Power Delivery (PD) &#8211; Eingang &amp; Ausgang<\/h2>\n<\/div>\n<p class=\"mb-l\">\u00dcber den PD-Eingang kann der Monitor das ExpertCenter PN53 \u00fcber ein einziges USB-C-Kabel mit Strom versorgen, was einen aufger\u00e4umten Arbeitsplatz erm\u00f6glicht. Das ExpertCenter PN53 ist in der Lage, \u00fcber diese Verbindung Strom zu empfangen und ein DisplayPort-Signal zu liefern und auch Strom zum Aufladen mobiler Ger\u00e4te zu liefern.<\/p>\n<\/p><\/div>\n<div class=\"formalpara\">\n<div class=\"titlepage\">\n<h2 class=\"text-h3 mb-l\">Extreme K\u00fchlung<\/h2>\n<\/div>\n<p class=\"mb-l\">Um High-End-Leistung in einem so kompakten Ger\u00e4t zu entfesseln, haben die Designer und Ingenieure von ASUS jeden Aspekt des K\u00fchlsystems des ExpertCenter PN53 fein abgestimmt. Das selbstreinigende L\u00fcftermodul umfasst flache Heatpipes, die mit vollwertigen K\u00fchlk\u00f6rpern und L\u00fcfterausl\u00e4ssen verbunden sind. Diese umfassende K\u00fchll\u00f6sung erm\u00f6glicht es der CPU, bei optimalen Temperaturen zu arbeiten, um eine dauerhaft h\u00f6here Leistung zu erzielen.<\/p>\n<\/p><\/div>\n<div class=\"formalpara\">\n<div class=\"titlepage\">\n<h2 class=\"text-h3 mb-l\">Anti-Staub-Selbstreinigungssystem<\/h2>\n<\/div>\n<p class=\"mb-l\">Das Anti-Dust-Selbstreinigungssystem h\u00e4lt nicht nur die K\u00fchlk\u00f6rper sauber, sondern wirft auch Staub und andere Partikel effektiv ab, um die Lebensdauer des Systems zu verl\u00e4ngern. Der L\u00fcfter wird nie \u00fcberlastet, so dass weniger Ger\u00e4usche entstehen und der Arbeitsplatz leiser ist.<\/p>\n<\/p><\/div>\n<p class=\"mb-l\">Das Prinzip der Zentrifugalkraft wirkt auf den Staub oder die Partikel, die sich auf der kreisf\u00f6rmigen Bahn im Ventilator bewegen. Der Staub wird effektiv von der Rotationsachse weggedr\u00fcckt und gelangt in die Staubschutztunnel.<\/p>\n<p class=\"mb-l\">Staub und andere Partikel im L\u00fcftermodul werden an den L\u00fcfterw\u00e4nden entlang geblasen und schlie\u00dflich durch die Anti-Staub-Tunnel aus dem Geh\u00e4use herausgeschleudert. Dies verhindert Ablagerungen auf den K\u00fchlk\u00f6rperrippen.<\/p>\n<div class=\"formalpara\">\n<div class=\"titlepage\">\n<h2 class=\"text-h3 mb-l\">AI Ger\u00e4uschunterdr\u00fcckung<\/h2>\n<\/div>\n<p class=\"mb-l\">Two-Way AI Noise Cancelation Filtert unerw\u00fcnschte Ger\u00e4usche aus dem Mikrofon und dem eingehenden Ton f\u00fcr eine kristallklare Sprachkommunikation.<\/p>\n<\/p><\/div>\n<div class=\"formalpara\">\n<div class=\"titlepage\">\n<h2 class=\"text-h3 mb-l\">System-Diagnose<\/h2>\n<\/div>\n<p class=\"mb-l\">Hardware-Diagnose Szenario-Checkup Bietet kurze Beschreibungen, die es dem Benutzer erm\u00f6glichen, verschiedene Situationen zu erkennen und den idealen Diagnose-Checkup auszuw\u00e4hlen.<\/p>\n<\/p><\/div>\n<div class=\"formalpara\">\n<div class=\"titlepage\">\n<h2 class=\"text-h3 mb-l\">Intelligente L\u00fcftersteuerung<\/h2>\n<\/div>\n<p class=\"mb-l\">Leistung &amp; Leise Modi Erm\u00f6glicht dem Benutzer die Flexibilit\u00e4t, bei hoher Belastung die maximale L\u00fcftergeschwindigkeit zu nutzen oder auf eine niedrigere Geschwindigkeit f\u00fcr einen leisen Betrieb umzuschalten.<\/p>\n<\/p><\/div>\n<div class=\"formalpara\">\n<div class=\"titlepage\">\n<h2 class=\"text-h3 mb-l\">Andere Funktionen<\/h2>\n<\/div>\n<p class=\"mb-l\">WiFi SmartConnect Optimiert die drahtlose Verbindung TaskFirst Weisen Sie bestimmten Aufgaben Netzwerkbandbreite zu. Link zu MyASUS Erm\u00f6glicht Benutzern, den Computer mit einem mobilen Ger\u00e4t zu verbinden.<\/p>\n<\/p><\/div>\n<\/p><\/div>\n<li class=\"mb-m\">\n<div class=\"flex flex-col m:flex-row gap-s m:gap-xl\">\n<div class=\"text-h3 min-w-[244px] max-w-[244px]\">Geh\u00e4use<\/div>\n<div class=\"flex flex-col gap-s\"><span class=\"ml-3xs pl-[15px] relative before:absolute before:w-[8px] before:h-[8px] before:bg-dark before:top-[8px] before:left-0 before:rounded-full\">Mini-PC Geh\u00e4use<\/span><\/div>\n<\/div>\n<\/li>\n<li class=\"mb-m\">\n<div class=\"flex flex-col m:flex-row gap-s m:gap-xl\">\n<div class=\"text-h3 min-w-[244px] max-w-[244px]\">Prozessor<\/div>\n<div class=\"flex flex-col gap-s\"><span class=\"ml-3xs pl-[15px] relative before:absolute before:w-[8px] before:h-[8px] before:bg-dark before:top-[8px] before:left-0 before:rounded-full\">AMD Ryzen 7 7735H Prozessor<\/span><span class=\"ml-3xs pl-[15px] relative before:absolute before:w-[8px] before:h-[8px] before:bg-dark before:top-[8px] before:left-0 before:rounded-full\">3,2 GHz mit Turbo-Boost bis zu 4,80 GHz, 16 MB Cache<\/span><span class=\"ml-3xs pl-[15px] relative before:absolute before:w-[8px] before:h-[8px] before:bg-dark before:top-[8px] before:left-0 before:rounded-full\">Octa-Core<\/span><\/div>\n<\/div>\n<\/li>\n<li class=\"mb-m\">\n<div class=\"flex flex-col m:flex-row gap-s m:gap-xl\">\n<div class=\"text-h3 min-w-[244px] max-w-[244px]\">Arbeitsspeicher<\/div>\n<div class=\"flex flex-col gap-s\"><span class=\"ml-3xs pl-[15px] relative before:absolute before:w-[8px] before:h-[8px] before:bg-dark before:top-[8px] before:left-0 before:rounded-full\">0 GB DDR5 &#8211; 4800 MHz SDRAM SO-DIMM<\/span><span class=\"ml-3xs pl-[15px] relative before:absolute before:w-[8px] before:h-[8px] before:bg-dark before:top-[8px] before:left-0 before:rounded-full\">maximal erweiterbar auf 64 GB DDR5-SDRAM<\/span><span class=\"ml-3xs pl-[15px] relative before:absolute before:w-[8px] before:h-[8px] before:bg-dark before:top-[8px] before:left-0 before:rounded-full\">2 Steckpl\u00e4tze gesamt, davon 2 frei<\/span><\/div>\n<\/div>\n<\/li>\n<li class=\"mb-m\">\n<div class=\"flex flex-col m:flex-row gap-s m:gap-xl\">\n<div class=\"text-h3 min-w-[244px] max-w-[244px]\">Steckpl\u00e4tze<\/div>\n<div class=\"flex flex-col gap-s\"><span class=\"ml-3xs pl-[15px] relative before:absolute before:w-[8px] before:h-[8px] before:bg-dark before:top-[8px] before:left-0 before:rounded-full\">Unterst\u00fctzte Speicherlaufwerke: HDD &amp; SSD<\/span><span class=\"ml-3xs pl-[15px] relative before:absolute before:w-[8px] before:h-[8px] before:bg-dark before:top-[8px] before:left-0 before:rounded-full\">unterst\u00fctzte Speicherlaufwerksgr\u00f6\u00dfen: 2.5,M.2<\/span><span class=\"ml-3xs pl-[15px] relative before:absolute before:w-[8px] before:h-[8px] before:bg-dark before:top-[8px] before:left-0 before:rounded-full\">Speicherlaufwerk Schnittstelle: PCI Express, Serial ATA III<\/span><span class=\"ml-3xs pl-[15px] relative before:absolute before:w-[8px] before:h-[8px] before:bg-dark before:top-[8px] before:left-0 before:rounded-full\">Anzahl der unterst\u00fctzten Speicherlaufwerke: 3<\/span><\/div>\n<\/div>\n<\/li>\n<li class=\"mb-m\">\n<div class=\"flex flex-col m:flex-row gap-s m:gap-xl\">\n<div class=\"text-h3 min-w-[244px] max-w-[244px]\">Grafik<\/div>\n<div class=\"flex flex-col gap-s\"><span class=\"ml-3xs pl-[15px] relative before:absolute before:w-[8px] before:h-[8px] before:bg-dark before:top-[8px] before:left-0 before:rounded-full\">Eingebaute Grafikadapter: Ja<\/span><span class=\"ml-3xs pl-[15px] relative before:absolute before:w-[8px] before:h-[8px] before:bg-dark before:top-[8px] before:left-0 before:rounded-full\">Grafikkarte-Familie: AMD<\/span><span class=\"ml-3xs pl-[15px] relative before:absolute before:w-[8px] before:h-[8px] before:bg-dark before:top-[8px] before:left-0 before:rounded-full\">On-Board Grafikadaptermodell: AMD Radeon 680M<\/span><span class=\"ml-3xs pl-[15px] relative before:absolute before:w-[8px] before:h-[8px] before:bg-dark before:top-[8px] before:left-0 before:rounded-full\">2x HDMI<\/span><span class=\"ml-3xs pl-[15px] relative before:absolute before:w-[8px] before:h-[8px] before:bg-dark before:top-[8px] before:left-0 before:rounded-full\">1x DP (Displayport)<\/span><\/div>\n<\/div>\n<\/li>\n<li class=\"mb-m\">\n<div class=\"flex flex-col m:flex-row gap-s m:gap-xl\">\n<div class=\"text-h3 min-w-[244px] max-w-[244px]\">Festplatten<\/div>\n<div class=\"flex flex-col gap-s\"><span class=\"ml-3xs pl-[15px] relative before:absolute before:w-[8px] before:h-[8px] before:bg-dark before:top-[8px] before:left-0 before:rounded-full\">Unterst\u00fctzte Speicherlaufwerke: HDD &amp; SSD<\/span><span class=\"ml-3xs pl-[15px] relative before:absolute before:w-[8px] before:h-[8px] before:bg-dark before:top-[8px] before:left-0 before:rounded-full\">unterst\u00fctzte Speicherlaufwerksgr\u00f6\u00dfen: 2.5,M.2<\/span><span class=\"ml-3xs pl-[15px] relative before:absolute before:w-[8px] before:h-[8px] before:bg-dark before:top-[8px] before:left-0 before:rounded-full\">Speicherlaufwerk Schnittstelle: PCI Express, Serial ATA III<\/span><span class=\"ml-3xs pl-[15px] relative before:absolute before:w-[8px] before:h-[8px] before:bg-dark before:top-[8px] before:left-0 before:rounded-full\">Anzahl der unterst\u00fctzten Speicherlaufwerke: 3<\/span><\/div>\n<\/div>\n<\/li>\n<li class=\"mb-m\">\n<div class=\"flex flex-col m:flex-row gap-s m:gap-xl\">\n<div class=\"text-h3 min-w-[244px] max-w-[244px]\">Laufwerke<\/div>\n<div class=\"flex flex-col gap-s\"><span class=\"ml-3xs pl-[15px] relative before:absolute before:w-[8px] before:h-[8px] before:bg-dark before:top-[8px] before:left-0 before:rounded-full\">Dieses Ger\u00e4t verf\u00fcgt \u00fcber kein optisches Laufwerk.<\/span><span class=\"ml-3xs pl-[15px] relative before:absolute before:w-[8px] before:h-[8px] before:bg-dark before:top-[8px] before:left-0 before:rounded-full\">Passende Laufwerke und Brenner finden Sie als Zubeh\u00f6r an diesem Artikel.<\/span><\/div>\n<\/div>\n<\/li>\n<li class=\"mb-m\">\n<div class=\"flex flex-col m:flex-row gap-s m:gap-xl\">\n<div class=\"text-h3 min-w-[244px] max-w-[244px]\">Card Reader<\/div>\n<div class=\"flex flex-col gap-s\"><span class=\"ml-3xs pl-[15px] relative before:absolute before:w-[8px] before:h-[8px] before:bg-dark before:top-[8px] before:left-0 before:rounded-full\">nein<\/span><\/div>\n<\/div>\n<\/li>\n<li class=\"mb-m\">\n<div class=\"flex flex-col m:flex-row gap-s m:gap-xl\">\n<div class=\"text-h3 min-w-[244px] max-w-[244px]\">Schnittstellen<\/div>\n<div class=\"flex flex-col gap-s\"><span class=\"ml-3xs pl-[15px] relative before:absolute before:w-[8px] before:h-[8px] before:bg-dark before:top-[8px] before:left-0 before:rounded-full\">USB 3.2 Gen 1 (3.1 Gen 1) Anzahl der Anschl\u00fcsse vom Typ A: 5<\/span><span class=\"ml-3xs pl-[15px] relative before:absolute before:w-[8px] before:h-[8px] before:bg-dark before:top-[8px] before:left-0 before:rounded-full\">Anzahl HDMI-Anschl\u00fcsse: 2<\/span><span class=\"ml-3xs pl-[15px] relative before:absolute before:w-[8px] before:h-[8px] before:bg-dark before:top-[8px] before:left-0 before:rounded-full\">Anzahl Ethernet-LAN-Anschl\u00fcsse (RJ-45): 1<\/span><span class=\"ml-3xs pl-[15px] relative before:absolute before:w-[8px] before:h-[8px] before:bg-dark before:top-[8px] before:left-0 before:rounded-full\">Anzahl USB4 Gen 2\u00d72-Ports: 2<\/span><span class=\"ml-3xs pl-[15px] relative before:absolute before:w-[8px] before:h-[8px] before:bg-dark before:top-[8px] before:left-0 before:rounded-full\">HDMI-Version: 2.1<\/span><span class=\"ml-3xs pl-[15px] relative before:absolute before:w-[8px] before:h-[8px] before:bg-dark before:top-[8px] before:left-0 before:rounded-full\">Mikrofon-Eingang: Ja<\/span><span class=\"ml-3xs pl-[15px] relative before:absolute before:w-[8px] before:h-[8px] before:bg-dark before:top-[8px] before:left-0 before:rounded-full\">Kopfh\u00f6rerausg\u00e4nge: 1<\/span><span class=\"ml-3xs pl-[15px] relative before:absolute before:w-[8px] before:h-[8px] before:bg-dark before:top-[8px] before:left-0 before:rounded-full\">Gleichstrom-Anschluss (DC): Ja<\/span><\/div>\n<\/div>\n<\/li>\n<li class=\"mb-m\">\n<div class=\"flex flex-col m:flex-row gap-s m:gap-xl\">\n<div class=\"text-h3 min-w-[244px] max-w-[244px]\">Kommunikation<\/div>\n<div class=\"flex flex-col gap-s\"><span class=\"ml-3xs pl-[15px] relative before:absolute before:w-[8px] before:h-[8px] before:bg-dark before:top-[8px] before:left-0 before:rounded-full\">Eingebauter Ethernet-Anschluss: Ja<\/span><span class=\"ml-3xs pl-[15px] relative before:absolute before:w-[8px] before:h-[8px] before:bg-dark before:top-[8px] before:left-0 before:rounded-full\">WLAN: Ja<\/span><span class=\"ml-3xs pl-[15px] relative before:absolute before:w-[8px] before:h-[8px] before:bg-dark before:top-[8px] before:left-0 before:rounded-full\">Top WLAN-Standard: Wi-Fi 6E (802.11ax)<\/span><span class=\"ml-3xs pl-[15px] relative before:absolute before:w-[8px] before:h-[8px] before:bg-dark before:top-[8px] before:left-0 before:rounded-full\">WLAN-Standards: Wi-Fi 6E (802.11ax)<\/span><span class=\"ml-3xs pl-[15px] relative before:absolute before:w-[8px] before:h-[8px] before:bg-dark before:top-[8px] before:left-0 before:rounded-full\">Kupfer Ethernet Verkabelungstechnologie: 2500BASE-T<\/span><span class=\"ml-3xs pl-[15px] relative before:absolute before:w-[8px] before:h-[8px] before:bg-dark before:top-[8px] before:left-0 before:rounded-full\">LAN-Controller: Realtek RTL8125B-CG<\/span><span class=\"ml-3xs pl-[15px] relative before:absolute before:w-[8px] before:h-[8px] before:bg-dark before:top-[8px] before:left-0 before:rounded-full\">Bluetooth: Ja<\/span><span class=\"ml-3xs pl-[15px] relative before:absolute before:w-[8px] before:h-[8px] before:bg-dark before:top-[8px] before:left-0 before:rounded-full\">Bluetooth-Version: 5.2<\/span><\/div>\n<\/div>\n<\/li>\n<li class=\"mb-m\">\n<div class=\"flex flex-col m:flex-row gap-s m:gap-xl\">\n<div class=\"text-h3 min-w-[244px] max-w-[244px]\">Sound<\/div>\n<div class=\"flex flex-col gap-s\"><span class=\"ml-3xs pl-[15px] relative before:absolute before:w-[8px] before:h-[8px] before:bg-dark before:top-[8px] before:left-0 before:rounded-full\">Ja<\/span><\/div>\n<\/div>\n<\/li>\n<li class=\"mb-m\">\n<div class=\"flex flex-col m:flex-row gap-s m:gap-xl\">\n<div class=\"text-h3 min-w-[244px] max-w-[244px]\">Maus<\/div>\n<div class=\"flex flex-col gap-s\"><span class=\"ml-3xs pl-[15px] relative before:absolute before:w-[8px] before:h-[8px] before:bg-dark before:top-[8px] before:left-0 before:rounded-full\">nicht im Lieferumfang enthalten<\/span><\/div>\n<\/div>\n<\/li>\n<li class=\"mb-m\">\n<div class=\"flex flex-col m:flex-row gap-s m:gap-xl\">\n<div class=\"text-h3 min-w-[244px] max-w-[244px]\">Tastatur<\/div>\n<div class=\"flex flex-col gap-s\"><span class=\"ml-3xs pl-[15px] relative before:absolute before:w-[8px] before:h-[8px] before:bg-dark before:top-[8px] before:left-0 before:rounded-full\">nicht im Lieferumfang enthalten<\/span><\/div>\n<\/div>\n<\/li>\n<li class=\"mb-m\">\n<div class=\"flex flex-col m:flex-row gap-s m:gap-xl\">\n<div class=\"text-h3 min-w-[244px] max-w-[244px]\">Betriebssystem<\/div>\n<div class=\"flex flex-col gap-s\"><span class=\"ml-3xs pl-[15px] relative before:absolute before:w-[8px] before:h-[8px] before:bg-dark before:top-[8px] before:left-0 before:rounded-full\">ohne Betriebssystem<\/span><\/div>\n<\/div>\n<\/li>\n<li class=\"mb-m\">\n<div class=\"flex flex-col m:flex-row gap-s m:gap-xl\">\n<div class=\"text-h3 min-w-[244px] max-w-[244px]\">Abmessungen (B x H x T)<\/div>\n<div class=\"flex flex-col gap-s\"><span class=\"ml-3xs pl-[15px] relative before:absolute before:w-[8px] before:h-[8px] before:bg-dark before:top-[8px] before:left-0 before:rounded-full\">130 x 58 x 120 mm<\/span><\/div>\n<\/div>\n<\/li>\n<li class=\"mb-m\">\n<div class=\"flex flex-col m:flex-row gap-s m:gap-xl\">\n<div class=\"text-h3 min-w-[244px] max-w-[244px]\">Gewicht<\/div>\n<div class=\"flex flex-col gap-s\"><span class=\"ml-3xs pl-[15px] relative before:absolute before:w-[8px] before:h-[8px] before:bg-dark before:top-[8px] before:left-0 before:rounded-full\">0,8 kg<\/span><\/div>\n<\/div>\n<\/li>\n","protected":false},"excerpt":{"rendered":"<li class=\"bullet-list-item\">AMD Ryzen 7 7735H Prozessor (bis zu 4,80 GHz), Octa-Core<\/li>\n<li class=\"bullet-list-item\">0 GB RAM, 0 GB SSD, USB 3.0<\/li>\n<li class=\"bullet-list-item\">nein Grafik, HDMI, DisplayPort<\/li>\n<li class=\"bullet-list-item\">Formfaktor: Mini-PC, WLAN, BT, 2.5Gb LAN<\/li>\n<li class=\"bullet-list-item\">ohne Betriebssystem <\/li>\n<p> Herstellernummer 90MR00S2-M001F0<\/p>","protected":false},"featured_media":48165,"comment_status":"open","ping_status":"closed","template":"","meta":{"_monsterinsights_skip_tracking":false,"_monsterinsights_sitenote_active":false,"_monsterinsights_sitenote_note":"","_monsterinsights_sitenote_category":0,"_uf_show_specific_survey":0,"_uf_disable_surveys":false},"product_brand":[],"product_cat":[506],"product_tag":[],"models":[],"years":[],"class_list":{"0":"post-58224","1":"product","2":"type-product","3":"status-publish","4":"has-post-thumbnail","6":"product_cat-pc-systeme","8":"first","9":"instock","10":"sale","11":"shipping-taxable","12":"purchasable","13":"product-type-simple"},"aioseo_notices":[],"acf":[],"_links":{"self":[{"href":"https:\/\/amannforg.com\/fr\/wp-json\/wp\/v2\/product\/58224","targetHints":{"allow":["GET"]}}],"collection":[{"href":"https:\/\/amannforg.com\/fr\/wp-json\/wp\/v2\/product"}],"about":[{"href":"https:\/\/amannforg.com\/fr\/wp-json\/wp\/v2\/types\/product"}],"replies":[{"embeddable":true,"href":"https:\/\/amannforg.com\/fr\/wp-json\/wp\/v2\/comments?post=58224"}],"version-history":[{"count":1,"href":"https:\/\/amannforg.com\/fr\/wp-json\/wp\/v2\/product\/58224\/revisions"}],"predecessor-version":[{"id":58225,"href":"https:\/\/amannforg.com\/fr\/wp-json\/wp\/v2\/product\/58224\/revisions\/58225"}],"wp:featuredmedia":[{"embeddable":true,"href":"https:\/\/amannforg.com\/fr\/wp-json\/wp\/v2\/media\/48165"}],"wp:attachment":[{"href":"https:\/\/amannforg.com\/fr\/wp-json\/wp\/v2\/media?parent=58224"}],"wp:term":[{"taxonomy":"product_brand","embeddable":true,"href":"https:\/\/amannforg.com\/fr\/wp-json\/wp\/v2\/product_brand?post=58224"},{"taxonomy":"product_cat","embeddable":true,"href":"https:\/\/amannforg.com\/fr\/wp-json\/wp\/v2\/product_cat?post=58224"},{"taxonomy":"product_tag","embeddable":true,"href":"https:\/\/amannforg.com\/fr\/wp-json\/wp\/v2\/product_tag?post=58224"},{"taxonomy":"models","embeddable":true,"href":"https:\/\/amannforg.com\/fr\/wp-json\/wp\/v2\/models?post=58224"},{"taxonomy":"years","embeddable":true,"href":"https:\/\/amannforg.com\/fr\/wp-json\/wp\/v2\/years?post=58224"}],"curies":[{"name":"wp","href":"https:\/\/api.w.org\/{rel}","templated":true}]}}