{"id":58228,"date":"2026-03-04T09:37:25","date_gmt":"2026-03-04T09:37:25","guid":{"rendered":"https:\/\/amannforg.com\/?post_type=product&#038;p=58228"},"modified":"2026-03-07T16:30:22","modified_gmt":"2026-03-07T16:30:22","slug":"asus-pn64-bb5003mde1-barebone-mini-pc-i5-13500h-dos","status":"publish","type":"product","link":"https:\/\/amannforg.com\/fr\/produit\/asus-pn64-bb5003mde1-barebone-mini-pc-i5-13500h-dos\/","title":{"rendered":"ASUS PN64-BB5003MDE1 Barebone Mini PC i5-13500H DOS"},"content":{"rendered":"<div class=\"article\">\n<div class=\"titlepage\">\n<h2 class=\"text-h3 mb-l\">ASUS PN64-BB5003MDE1 Barebone Mini PC i5-13500H DOS<\/h2>\n<\/div>\n<div class=\"formalpara\">\n<div class=\"titlepage\">\n<h2 class=\"text-h3 mb-l\">Highlights<\/h2>\n<\/div>\n<p class=\"mb-l\">\n<div class=\"itemizedlist\">\n<ul class=\"bullet-list\">\n<li class=\"bullet-list-item\">\n<p class=\"mb-l\">Angetrieben von den neuesten Intel Core Prozessoren der 13. Generation<\/p>\n<\/li>\n<li class=\"bullet-list-item\">\n<p class=\"mb-l\">V\u00f6llig neues hybrides Architekturdesign mit leistungsstarken Performance-Kernen f\u00fcr ein verbessertes Multitasking, Streaming-Erlebnis und intelligente Workload-Optimierung.<\/p>\n<\/li>\n<li class=\"bullet-list-item\">\n<p class=\"mb-l\">Dank der Unterst\u00fctzung von DDR5-4800-Speicher kann Ihr Computer Daten schneller \u00fcbertragen als mit DDR4<\/p>\n<\/li>\n<li class=\"bullet-list-item\">\n<p class=\"mb-l\">Unterst\u00fctzung einer PCIe Gen4x4 SSD f\u00fcr mehr Leistung und geringere Latenzzeiten<\/p>\n<\/li>\n<li class=\"bullet-list-item\">\n<p class=\"mb-l\">4 Display-Anschl\u00fcsse m\u00f6glich darunter zwei HDMI2.0 (je nach Konfiguration)<\/p>\n<\/li>\n<li class=\"bullet-list-item\">\n<p class=\"mb-l\">Mit Two-Way AI Noise Cancelation f\u00fcr kristallklare Online-Sprachkommunikation<\/p>\n<\/li>\n<li class=\"bullet-list-item\">\n<p class=\"mb-l\">Fortschrittliche L\u00fcftersteuerung f\u00fcr eine bessere W\u00e4rmeableitung<\/p>\n<\/li>\n<li class=\"bullet-list-item\">\n<p class=\"mb-l\">24\/7-Zuverl\u00e4ssigkeit \u2013 Ausgiebig getestet, um langfristige Zuverl\u00e4ssigkeit zu gew\u00e4hrleisten<\/p>\n<\/li>\n<\/ul>\n<\/div>\n<\/p><\/div>\n<div class=\"formalpara\">\n<div class=\"titlepage\">\n<h2 class=\"text-h3 mb-l\">Neuer Prozessor im Architektur-Design<\/h2>\n<\/div>\n<p class=\"mb-l\">Der ASUS ExpertCenter PN64 wird von der neuen Intel Core CPU der 13. Generation angetrieben, die ein neues Hybrid-Prozessor-Design aufweist. Es umfasst sowohl Performance-Kerne (P-Kerne), die f\u00fcr die Verarbeitung schwerer Lasten und priorisierter Aufgaben zust\u00e4ndig sind, als auch Effizienz-Kerne (E-Kerne), die f\u00fcr Hintergrundaufgaben wie das Surfen im Internet und PowerPoint-Pr\u00e4sentationen verwendet werden. Dieses neue Core-Design erm\u00f6glicht es dem PN64, mehrere Aufgaben gleichzeitig auf die effizienteste Weise zu verarbeiten.<\/p>\n<\/p><\/div>\n<div class=\"formalpara\">\n<div class=\"titlepage\">\n<h2 class=\"text-h3 mb-l\">\u00dcberlegene Rechenleistung<\/h2>\n<\/div>\n<p class=\"mb-l\">Der ASUS ExpertCenter PN64 bietet eine \u00fcberragende Leistung, die es dem Benutzer erm\u00f6glicht, m\u00fchelos mehr zu erledigen &#8211; und das mit h\u00f6herer Effizienz. Im Vergleich zum Vorg\u00e4ngermodell PN63-S1 bietet der PN64 eine um 28% gesteigerte Gesamtsystemleistung und ist damit perfekt f\u00fcr Multitasking geeignet.<\/p>\n<\/p><\/div>\n<div class=\"formalpara\">\n<div class=\"titlepage\">\n<h2 class=\"text-h3 mb-l\">Schnellerer und besserer DDR5 RAM<\/h2>\n<\/div>\n<p class=\"mb-l\">Der ASUS ExpertCenter PN64 wird von der neuen Intel Core CPU der 13. Generation angetrieben, die den DDR5-Speicher der n\u00e4chsten Generation unterst\u00fctzt. Mit DDR5 4800MHz-Speicher, der 1,5 Mal schneller und 8 % energieeffizienter ist als DDR4 3200MHz-Speicher, bietet der PN64 eine hervorragende Leistung f\u00fcr t\u00e4gliche Computeraufgaben.<\/p>\n<\/p><\/div>\n<div class=\"formalpara\">\n<div class=\"titlepage\">\n<h2 class=\"text-h3 mb-l\">Ultra-realistische 8K-Grafiken<\/h2>\n<\/div>\n<p class=\"mb-l\">Der ASUS ExpertCenter PN64 liefert atemberaubende 8K-Grafiken mit 30 Bildern pro Sekunde \u00fcber den konfigurierbaren Standard DisplayPort oder DisplayPort \u00fcber USB-C. Erleben Sie eine Detailgenauigkeit, die 4-mal h\u00f6her ist als bei 4K oder 16-mal h\u00f6her als bei herk\u00f6mmlicher FHD-Ausgabe.<\/p>\n<\/p><\/div>\n<div class=\"formalpara\">\n<div class=\"titlepage\">\n<h2 class=\"text-h3 mb-l\">USB Power Delivery Eingang<\/h2>\n<\/div>\n<p class=\"mb-l\">Der ASUS ExpertCenter PN64 kann jedes USB Power Delivery-f\u00e4hige Display oder Ger\u00e4t mit Strom versorgen und macht so ein separates Netzteil \u00fcberfl\u00fcssig, um einen aufger\u00e4umten Arbeitsplatz zu schaffen.<\/p>\n<\/p><\/div>\n<div class=\"formalpara\">\n<div class=\"titlepage\">\n<h2 class=\"text-h3 mb-l\">4K-Aufl\u00f6sung &amp; Unterst\u00fctzung f\u00fcr vier Displays<\/h2>\n<\/div>\n<p class=\"mb-l\">Der ASUS ExpertCenter PN64 kann bis zu vier 4K-Displays \u00fcber zwei HDMI-Anschl\u00fcsse, zwei DisplayPort \u00fcber USB-C oder andere vom Benutzer konfigurierbare Anschl\u00fcsse unterst\u00fctzen, ohne Einschr\u00e4nkung der verwendeten Kombination.<\/p>\n<\/p><\/div>\n<\/p><\/div>\n<li class=\"mb-m\">\n<div class=\"flex flex-col m:flex-row gap-s m:gap-xl\">\n<div class=\"text-h3 min-w-[244px] max-w-[244px]\">Geh\u00e4use<\/div>\n<div class=\"flex flex-col gap-s\"><span class=\"ml-3xs pl-[15px] relative before:absolute before:w-[8px] before:h-[8px] before:bg-dark before:top-[8px] before:left-0 before:rounded-full\">Mini-PC Geh\u00e4use<\/span><\/div>\n<\/div>\n<\/li>\n<li class=\"mb-m\">\n<div class=\"flex flex-col m:flex-row gap-s m:gap-xl\">\n<div class=\"text-h3 min-w-[244px] max-w-[244px]\">Prozessor<\/div>\n<div class=\"flex flex-col gap-s\"><span class=\"ml-3xs pl-[15px] relative before:absolute before:w-[8px] before:h-[8px] before:bg-dark before:top-[8px] before:left-0 before:rounded-full\">Intel\u00ae Core\u2122 i5-13500H Prozessor<\/span><span class=\"ml-3xs pl-[15px] relative before:absolute before:w-[8px] before:h-[8px] before:bg-dark before:top-[8px] before:left-0 before:rounded-full\">2,6 GHz mit Turbo-Boost bis zu 4,70 GHz, 18 MB Cache<\/span><span class=\"ml-3xs pl-[15px] relative before:absolute before:w-[8px] before:h-[8px] before:bg-dark before:top-[8px] before:left-0 before:rounded-full\">Dodeca-Core<\/span><\/div>\n<\/div>\n<\/li>\n<li class=\"mb-m\">\n<div class=\"flex flex-col m:flex-row gap-s m:gap-xl\">\n<div class=\"text-h3 min-w-[244px] max-w-[244px]\">Arbeitsspeicher<\/div>\n<div class=\"flex flex-col gap-s\"><span class=\"ml-3xs pl-[15px] relative before:absolute before:w-[8px] before:h-[8px] before:bg-dark before:top-[8px] before:left-0 before:rounded-full\">0 GB DDR5 &#8211; k.A SDRAM<\/span><span class=\"ml-3xs pl-[15px] relative before:absolute before:w-[8px] before:h-[8px] before:bg-dark before:top-[8px] before:left-0 before:rounded-full\">maximal erweiterbar auf k.A DDR5-SDRAM<\/span><span class=\"ml-3xs pl-[15px] relative before:absolute before:w-[8px] before:h-[8px] before:bg-dark before:top-[8px] before:left-0 before:rounded-full\">2 Steckpl\u00e4tze gesamt, davon 0 frei<\/span><\/div>\n<\/div>\n<\/li>\n<li class=\"mb-m\">\n<div class=\"flex flex-col m:flex-row gap-s m:gap-xl\">\n<div class=\"text-h3 min-w-[244px] max-w-[244px]\">Grafik<\/div>\n<div class=\"flex flex-col gap-s\"><span class=\"ml-3xs pl-[15px] relative before:absolute before:w-[8px] before:h-[8px] before:bg-dark before:top-[8px] before:left-0 before:rounded-full\">nein Grafik (Shared RAM)<\/span><span class=\"ml-3xs pl-[15px] relative before:absolute before:w-[8px] before:h-[8px] before:bg-dark before:top-[8px] before:left-0 before:rounded-full\">2x HDMI<\/span><span class=\"ml-3xs pl-[15px] relative before:absolute before:w-[8px] before:h-[8px] before:bg-dark before:top-[8px] before:left-0 before:rounded-full\">1x DP (Displayport)<\/span><span class=\"ml-3xs pl-[15px] relative before:absolute before:w-[8px] before:h-[8px] before:bg-dark before:top-[8px] before:left-0 before:rounded-full\">VGA<\/span><\/div>\n<\/div>\n<\/li>\n<li class=\"mb-m\">\n<div class=\"flex flex-col m:flex-row gap-s m:gap-xl\">\n<div class=\"text-h3 min-w-[244px] max-w-[244px]\">Festplatten<\/div>\n<div class=\"flex flex-col gap-s\"><span class=\"ml-3xs pl-[15px] relative before:absolute before:w-[8px] before:h-[8px] before:bg-dark before:top-[8px] before:left-0 before:rounded-full\">keine Festplatte verbaut, Schnittstelle: SSD bestehend aus GB HDD und GB SSD<\/span><\/div>\n<\/div>\n<\/li>\n<li class=\"mb-m\">\n<div class=\"flex flex-col m:flex-row gap-s m:gap-xl\">\n<div class=\"text-h3 min-w-[244px] max-w-[244px]\">Laufwerke<\/div>\n<div class=\"flex flex-col gap-s\"><span class=\"ml-3xs pl-[15px] relative before:absolute before:w-[8px] before:h-[8px] before:bg-dark before:top-[8px] before:left-0 before:rounded-full\">Dieses Ger\u00e4t verf\u00fcgt \u00fcber kein optisches Laufwerk.<\/span><span class=\"ml-3xs pl-[15px] relative before:absolute before:w-[8px] before:h-[8px] before:bg-dark before:top-[8px] before:left-0 before:rounded-full\">Passende Laufwerke und Brenner finden Sie als Zubeh\u00f6r an diesem Artikel.<\/span><\/div>\n<\/div>\n<\/li>\n<li class=\"mb-m\">\n<div class=\"flex flex-col m:flex-row gap-s m:gap-xl\">\n<div class=\"text-h3 min-w-[244px] max-w-[244px]\">Schnittstellen<\/div>\n<div class=\"flex flex-col gap-s\"><span class=\"ml-3xs pl-[15px] relative before:absolute before:w-[8px] before:h-[8px] before:bg-dark before:top-[8px] before:left-0 before:rounded-full\">Anzahl HDMI-Anschl\u00fcsse: 2<\/span><span class=\"ml-3xs pl-[15px] relative before:absolute before:w-[8px] before:h-[8px] before:bg-dark before:top-[8px] before:left-0 before:rounded-full\">Anzahl Ethernet-LAN-Anschl\u00fcsse (RJ-45): 1<\/span><span class=\"ml-3xs pl-[15px] relative before:absolute before:w-[8px] before:h-[8px] before:bg-dark before:top-[8px] before:left-0 before:rounded-full\">USB 3.2 Gen 2 (3.1 Gen 2) Anzahl der Anschl\u00fcsse vom Typ A: 3<\/span><span class=\"ml-3xs pl-[15px] relative before:absolute before:w-[8px] before:h-[8px] before:bg-dark before:top-[8px] before:left-0 before:rounded-full\">USB 3.2 Gen 2 (3.1 Gen 2) Anzahl der Anschl\u00fcsse vom Typ C: 2<\/span><span class=\"ml-3xs pl-[15px] relative before:absolute before:w-[8px] before:h-[8px] before:bg-dark before:top-[8px] before:left-0 before:rounded-full\">HDMI-Version: 2.0<\/span><span class=\"ml-3xs pl-[15px] relative before:absolute before:w-[8px] before:h-[8px] before:bg-dark before:top-[8px] before:left-0 before:rounded-full\">Anzahl DisplayPort Anschl\u00fcsse: 1<\/span><span class=\"ml-3xs pl-[15px] relative before:absolute before:w-[8px] before:h-[8px] before:bg-dark before:top-[8px] before:left-0 before:rounded-full\">DisplayPorts-Version: 1.2<\/span><span class=\"ml-3xs pl-[15px] relative before:absolute before:w-[8px] before:h-[8px] before:bg-dark before:top-[8px] before:left-0 before:rounded-full\">Mikrofon-Eingang: Ja<\/span><span class=\"ml-3xs pl-[15px] relative before:absolute before:w-[8px] before:h-[8px] before:bg-dark before:top-[8px] before:left-0 before:rounded-full\">Kopfh\u00f6rerausg\u00e4nge: 1<\/span><span class=\"ml-3xs pl-[15px] relative before:absolute before:w-[8px] before:h-[8px] before:bg-dark before:top-[8px] before:left-0 before:rounded-full\">Gleichstrom-Anschluss (DC): Ja<\/span><\/div>\n<\/div>\n<\/li>\n<li class=\"mb-m\">\n<div class=\"flex flex-col m:flex-row gap-s m:gap-xl\">\n<div class=\"text-h3 min-w-[244px] max-w-[244px]\">Kommunikation<\/div>\n<div class=\"flex flex-col gap-s\"><span class=\"ml-3xs pl-[15px] relative before:absolute before:w-[8px] before:h-[8px] before:bg-dark before:top-[8px] before:left-0 before:rounded-full\">10\/100\/1000 Mbit\/s Gigabit Ethernet LAN<\/span><span class=\"ml-3xs pl-[15px] relative before:absolute before:w-[8px] before:h-[8px] before:bg-dark before:top-[8px] before:left-0 before:rounded-full\">Wireless LAN 802.11 ax (abw\u00e4rtskompatibel zu b\/g\/n\/ac)<\/span><span class=\"ml-3xs pl-[15px] relative before:absolute before:w-[8px] before:h-[8px] before:bg-dark before:top-[8px] before:left-0 before:rounded-full\">Bluetooth 5.0<\/span><\/div>\n<\/div>\n<\/li>\n<li class=\"mb-m\">\n<div class=\"flex flex-col m:flex-row gap-s m:gap-xl\">\n<div class=\"text-h3 min-w-[244px] max-w-[244px]\">Sound<\/div>\n<div class=\"flex flex-col gap-s\"><span class=\"ml-3xs pl-[15px] relative before:absolute before:w-[8px] before:h-[8px] before:bg-dark before:top-[8px] before:left-0 before:rounded-full\">Ja<\/span><\/div>\n<\/div>\n<\/li>\n<li class=\"mb-m\">\n<div class=\"flex flex-col m:flex-row gap-s m:gap-xl\">\n<div class=\"text-h3 min-w-[244px] max-w-[244px]\">Maus<\/div>\n<div class=\"flex flex-col gap-s\"><span class=\"ml-3xs pl-[15px] relative before:absolute before:w-[8px] before:h-[8px] before:bg-dark before:top-[8px] before:left-0 before:rounded-full\">nicht im Lieferumfang enthalten<\/span><\/div>\n<\/div>\n<\/li>\n<li class=\"mb-m\">\n<div class=\"flex flex-col m:flex-row gap-s m:gap-xl\">\n<div class=\"text-h3 min-w-[244px] max-w-[244px]\">Tastatur<\/div>\n<div class=\"flex flex-col gap-s\"><span class=\"ml-3xs pl-[15px] relative before:absolute before:w-[8px] before:h-[8px] before:bg-dark before:top-[8px] before:left-0 before:rounded-full\">nicht im Lieferumfang enthalten<\/span><\/div>\n<\/div>\n<\/li>\n<li class=\"mb-m\">\n<div class=\"flex flex-col m:flex-row gap-s m:gap-xl\">\n<div class=\"text-h3 min-w-[244px] max-w-[244px]\">Betriebssystem<\/div>\n<div class=\"flex flex-col gap-s\"><span class=\"ml-3xs pl-[15px] relative before:absolute before:w-[8px] before:h-[8px] before:bg-dark before:top-[8px] before:left-0 before:rounded-full\">ohne Betriebssystem<\/span><\/div>\n<\/div>\n<\/li>\n<li class=\"mb-m\">\n<div class=\"flex flex-col m:flex-row gap-s m:gap-xl\">\n<div class=\"text-h3 min-w-[244px] max-w-[244px]\">Abmessungen (B x H x T)<\/div>\n<div class=\"flex flex-col gap-s\"><span class=\"ml-3xs pl-[15px] relative before:absolute before:w-[8px] before:h-[8px] before:bg-dark before:top-[8px] before:left-0 before:rounded-full\">120 x 58 x 130 mm<\/span><\/div>\n<\/div>\n<\/li>\n<li class=\"mb-m\">\n<div class=\"flex flex-col m:flex-row gap-s m:gap-xl\">\n<div class=\"text-h3 min-w-[244px] max-w-[244px]\">Gewicht<\/div>\n<div class=\"flex flex-col gap-s\"><span class=\"ml-3xs pl-[15px] relative before:absolute before:w-[8px] before:h-[8px] before:bg-dark before:top-[8px] before:left-0 before:rounded-full\">0,8 kg<\/span><\/div>\n<\/div>\n<\/li>\n","protected":false},"excerpt":{"rendered":"<li class=\"bullet-list-item\">Intel\u00ae Core\u2122 i5-13500H Prozessor (bis zu 4,70 GHz), Dodeca-Core<\/li>\n<li class=\"bullet-list-item\">0 GB RAM, 0 GB SSD, USB 3.0<\/li>\n<li class=\"bullet-list-item\">nein Grafik, HDMI, DisplayPort<\/li>\n<li class=\"bullet-list-item\">Formfaktor: Mini-PC, WLAN, BT, Gb LAN<\/li>\n<li class=\"bullet-list-item\">ohne Betriebssystem <\/li>\n<p> Herstellernummer 90MR00W2-M00030<\/p>","protected":false},"featured_media":48179,"comment_status":"open","ping_status":"closed","template":"","meta":{"_monsterinsights_skip_tracking":false,"_monsterinsights_sitenote_active":false,"_monsterinsights_sitenote_note":"","_monsterinsights_sitenote_category":0,"_uf_show_specific_survey":0,"_uf_disable_surveys":false},"product_brand":[],"product_cat":[506],"product_tag":[],"models":[],"years":[],"class_list":{"0":"post-58228","1":"product","2":"type-product","3":"status-publish","4":"has-post-thumbnail","6":"product_cat-pc-systeme","8":"first","9":"instock","10":"sale","11":"shipping-taxable","12":"purchasable","13":"product-type-simple"},"aioseo_notices":[],"acf":[],"_links":{"self":[{"href":"https:\/\/amannforg.com\/fr\/wp-json\/wp\/v2\/product\/58228","targetHints":{"allow":["GET"]}}],"collection":[{"href":"https:\/\/amannforg.com\/fr\/wp-json\/wp\/v2\/product"}],"about":[{"href":"https:\/\/amannforg.com\/fr\/wp-json\/wp\/v2\/types\/product"}],"replies":[{"embeddable":true,"href":"https:\/\/amannforg.com\/fr\/wp-json\/wp\/v2\/comments?post=58228"}],"version-history":[{"count":1,"href":"https:\/\/amannforg.com\/fr\/wp-json\/wp\/v2\/product\/58228\/revisions"}],"predecessor-version":[{"id":58229,"href":"https:\/\/amannforg.com\/fr\/wp-json\/wp\/v2\/product\/58228\/revisions\/58229"}],"wp:featuredmedia":[{"embeddable":true,"href":"https:\/\/amannforg.com\/fr\/wp-json\/wp\/v2\/media\/48179"}],"wp:attachment":[{"href":"https:\/\/amannforg.com\/fr\/wp-json\/wp\/v2\/media?parent=58228"}],"wp:term":[{"taxonomy":"product_brand","embeddable":true,"href":"https:\/\/amannforg.com\/fr\/wp-json\/wp\/v2\/product_brand?post=58228"},{"taxonomy":"product_cat","embeddable":true,"href":"https:\/\/amannforg.com\/fr\/wp-json\/wp\/v2\/product_cat?post=58228"},{"taxonomy":"product_tag","embeddable":true,"href":"https:\/\/amannforg.com\/fr\/wp-json\/wp\/v2\/product_tag?post=58228"},{"taxonomy":"models","embeddable":true,"href":"https:\/\/amannforg.com\/fr\/wp-json\/wp\/v2\/models?post=58228"},{"taxonomy":"years","embeddable":true,"href":"https:\/\/amannforg.com\/fr\/wp-json\/wp\/v2\/years?post=58228"}],"curies":[{"name":"wp","href":"https:\/\/api.w.org\/{rel}","templated":true}]}}