{"id":58330,"date":"2026-03-05T00:31:57","date_gmt":"2026-03-05T00:31:57","guid":{"rendered":"https:\/\/amannforg.com\/?post_type=product&#038;p=58330"},"modified":"2026-03-07T16:30:34","modified_gmt":"2026-03-07T16:30:34","slug":"qnap-qxg-10g2t-x71010gbe-netzwerkerweiterungskarte","status":"publish","type":"product","link":"https:\/\/amannforg.com\/fr\/produit\/qnap-qxg-10g2t-x71010gbe-netzwerkerweiterungskarte\/","title":{"rendered":"QNAP QXG-10G2T-X71010GbE Netzwerkerweiterungskarte"},"content":{"rendered":"<div class=\"article\">\n<div class=\"titlepage\">\n<h2 class=\"text-h3 mb-l\">QNAP QXG-10G2T-X71010GbE Netzwerkerweiterungskarte<\/h2>\n<\/div>\n<p class=\"mb-l\">QXG-10G2T-X710<\/p>\n<p class=\"mb-l\">Zwei 10GbE Ports mit SR-IOV und iSCSI, blockbasiert, unterst\u00fctzt mehrere Virtual Disk Modi.<\/p>\n<p class=\"mb-l\">Die Dual Port QXG-10G2T-X710 ist eine PCIe Gen 3 (kompatibel mit PCIe Gen 2) 10GbE Netzwerkerweiterungskarte mit einem Intel Ethernet Controller X710 und unterst\u00fctzt bis zu f\u00fcnf Geschwindigkeiten (10G \/ 5G \/ 2,5G \/ 1G \/ 100M). Durch die Verwendung von Portb\u00fcndelung k\u00f6nnen beide Ports kombiniert werden, um \u00dcbertragungsgeschwindigkeiten von bis zu 20Gbps zu erreichen und so die gemeinsame Nutzung von Dateien und intensive Daten\u00fcbertragungen zu beschleunigen. Mit SR-IOV und iSCSI Unterst\u00fctzung steigert die QXG-10G2T-X710 die Netzwerkeffizienz erheblich und ist damit ideal f\u00fcr I\/O-intensive und latenzempfindliche Virtualisierungsanwendungen und Rechenzentren.<\/p>\n<p class=\"mb-l\"> <span class=\"bold\">Aufbau einer 10GbE Netzwerkumgebung<\/span> <\/p>\n<p class=\"mb-l\">Die QXG-10G2T-X710 kann mit den 10GbE Switches von QNAP, wie dem QSW-M2108-2C oder QSW-1208-8C, verwendet werden, damit Sie eine budgetfreundliche High-Speed Netzwerkumgebung aufbauen k\u00f6nnen.<\/p>\n<p class=\"mb-l\"> <span class=\"bold\">Unterst\u00fctzt SR-IOV und iSCSI, um die beste Virtualisierungsumgebung zu erreichen<\/span> <\/p>\n<p class=\"mb-l\">Die QXG-10G2T-X710 unterst\u00fctzt SR-IOV, das Bandbreitenressourcen von einer physischen Netzwerkkarte direkt an VMs zuweisen kann. Es sorgt f\u00fcr zuverl\u00e4ssige VM Anwendungen und reduzierte CPU Overheads. Die QXG-10G2T-X710 unterst\u00fctzt auch iSCSI, was es Computern, Servern oder virtuellen Maschinen erm\u00f6glicht, Speicher von Ihrem QNAP NAS als virtuelle Festplatten zu nutzen. Sie k\u00f6nnen diese virtuellen Festplatten genau wie lokale Festplatten partitionieren, formatieren und verwenden, oder sie sogar zur Speichererweiterung oder als Sicherungsziel verwenden.<\/p>\n<p class=\"mb-l\">Hinweis: SR-IOV wird von bestimmten QNAP NAS-Modellen unterst\u00fctzt und sollte mit SR-IOV kompatiblen Adaptern funktionieren. <\/p>\n<p class=\"mb-l\"> <span class=\"bold\">Unterst\u00fctzt Windows und Linux Server\/Workstations<\/span> <\/p>\n<p class=\"mb-l\">Neben QNAP Ger\u00e4ten unterst\u00fctzt die QXG-10G2T-X710 Windows\u00ae 10, Windows Server\u00ae und Linux\u00ae (Treiber erforderlich) und erm\u00f6glicht es Ihnen, eine optimale Gesch\u00e4ftsleistung f\u00fcr eine breitere Palette von Systemanwendungen und Diensten zu erreichen.<\/p>\n<\/p><\/div>\n<li class=\"mb-m\">\n<div class=\"flex flex-col m:flex-row gap-s m:gap-xl\">\n<div class=\"text-h3 min-w-[244px] max-w-[244px]\">Technische Daten<\/div>\n<div class=\"flex flex-col gap-s\"><span class=\"\"><\/p>\n<div class=\"itemizedlist\">\n<ul class=\"flex flex-col gap-s\">\n<li class=\"ml-3xs pl-[15px] relative before:absolute before:w-[8px] before:h-[8px] before:bg-dark before:top-[8px] before:left-0 before:rounded-full\">QXG-10G2T-X710<\/li>\n<li class=\"ml-3xs pl-[15px] relative before:absolute before:w-[8px] before:h-[8px] before:bg-dark before:top-[8px] before:left-0 before:rounded-full\">ControllerIntel Ethernet Controller X710<\/li>\n<li class=\"ml-3xs pl-[15px] relative before:absolute before:w-[8px] before:h-[8px] before:bg-dark before:top-[8px] before:left-0 before:rounded-full\">Anzahl der Ports2 x NBASE-T (RJ45)<\/li>\n<li class=\"ml-3xs pl-[15px] relative before:absolute before:w-[8px] before:h-[8px] before:bg-dark before:top-[8px] before:left-0 before:rounded-full\">AnschlussNBASE-T (RJ45)<\/li>\n<li class=\"ml-3xs pl-[15px] relative before:absolute before:w-[8px] before:h-[8px] before:bg-dark before:top-[8px] before:left-0 before:rounded-full\">PCIe und LanesPCIe 3.0 x4<\/li>\n<li class=\"ml-3xs pl-[15px] relative before:absolute before:w-[8px] before:h-[8px] before:bg-dark before:top-[8px] before:left-0 before:rounded-full\">\u00dcbertragungsraten10Gbps\/5Gbps\/2,5Gbps\/1Gbps\/100Mbps<\/li>\n<li class=\"ml-3xs pl-[15px] relative before:absolute before:w-[8px] before:h-[8px] before:bg-dark before:top-[8px] before:left-0 before:rounded-full\">IEEE-StandardsIEEE 802.1Q<\/li>\n<li class=\"ml-3xs pl-[15px] relative before:absolute before:w-[8px] before:h-[8px] before:bg-dark before:top-[8px] before:left-0 before:rounded-full\">IEEE 802.3x<\/li>\n<li class=\"ml-3xs pl-[15px] relative before:absolute before:w-[8px] before:h-[8px] before:bg-dark before:top-[8px] before:left-0 before:rounded-full\">IEEE 802.1p<\/li>\n<li class=\"ml-3xs pl-[15px] relative before:absolute before:w-[8px] before:h-[8px] before:bg-dark before:top-[8px] before:left-0 before:rounded-full\">IEEE 802.3ad<\/li>\n<li class=\"ml-3xs pl-[15px] relative before:absolute before:w-[8px] before:h-[8px] before:bg-dark before:top-[8px] before:left-0 before:rounded-full\">IEEE 802.3ae<\/li>\n<li class=\"ml-3xs pl-[15px] relative before:absolute before:w-[8px] before:h-[8px] before:bg-dark before:top-[8px] before:left-0 before:rounded-full\">IEEE 1588<\/li>\n<li class=\"ml-3xs pl-[15px] relative before:absolute before:w-[8px] before:h-[8px] before:bg-dark before:top-[8px] before:left-0 before:rounded-full\">IEEE 802.1as<\/li>\n<li class=\"ml-3xs pl-[15px] relative before:absolute before:w-[8px] before:h-[8px] before:bg-dark before:top-[8px] before:left-0 before:rounded-full\">HalterungNiedrigprofil-Halterung vorinstalliert; Halterungen in voller H\u00f6he und spezielle Halterungen (f\u00fcr ausgew\u00e4hlte QNAP NAS) sind im Lieferumfang enthalten<\/li>\n<li class=\"ml-3xs pl-[15px] relative before:absolute before:w-[8px] before:h-[8px] before:bg-dark before:top-[8px] before:left-0 before:rounded-full\">SR-IOV-Unterst\u00fctzung<\/li>\n<li class=\"ml-3xs pl-[15px] relative before:absolute before:w-[8px] before:h-[8px] before:bg-dark before:top-[8px] before:left-0 before:rounded-full\">NVGRE, VXLAN, Geneve Unterst\u00fctzung<\/li>\n<li class=\"ml-3xs pl-[15px] relative before:absolute before:w-[8px] before:h-[8px] before:bg-dark before:top-[8px] before:left-0 before:rounded-full\">1K QoS-Ebenen f\u00fcr Eingang und AusgangOn-Chip QoS<\/li>\n<li class=\"ml-3xs pl-[15px] relative before:absolute before:w-[8px] before:h-[8px] before:bg-dark before:top-[8px] before:left-0 before:rounded-full\">Wie viele virtuelle Funktionen128<\/li>\n<li class=\"ml-3xs pl-[15px] relative before:absolute before:w-[8px] before:h-[8px] before:bg-dark before:top-[8px] before:left-0 before:rounded-full\">(64\/Port)<\/li>\n<li class=\"ml-3xs pl-[15px] relative before:absolute before:w-[8px] before:h-[8px] before:bg-dark before:top-[8px] before:left-0 before:rounded-full\">Unterst\u00fctzte NAS-BetriebssystemeQTS 4.4.3 oder h\u00f6her (Upgrade auf die neueste Version empfohlen); Windows 10 (1809 oder h\u00f6her); Linux Stable Kernel 4.20\/5.x; Windows Server 2019 (Treiber erforderlich)<\/li>\n<li class=\"ml-3xs pl-[15px] relative before:absolute before:w-[8px] before:h-[8px] before:bg-dark before:top-[8px] before:left-0 before:rounded-full\">Unterst\u00fctzte QNAP NASModelle mit PCIe-Steckplatz (1 freier Steckplatz erforderlich)<\/li>\n<li class=\"ml-3xs pl-[15px] relative before:absolute before:w-[8px] before:h-[8px] before:bg-dark before:top-[8px] before:left-0 before:rounded-full\">Unterst\u00fctzt Ubuntu Commercial Linux DistributionUbuntu 18.04\/20.04<\/li>\n<li class=\"ml-3xs pl-[15px] relative before:absolute before:w-[8px] before:h-[8px] before:bg-dark before:top-[8px] before:left-0 before:rounded-full\">Unterst\u00fctzt WindowsWindows 8\/10<\/li>\n<li class=\"ml-3xs pl-[15px] relative before:absolute before:w-[8px] before:h-[8px] before:bg-dark before:top-[8px] before:left-0 before:rounded-full\">Port und KabelRJ-45; \u00fcber CAT-6 Klasse Kabel<\/li>\n<li class=\"ml-3xs pl-[15px] relative before:absolute before:w-[8px] before:h-[8px] before:bg-dark before:top-[8px] before:left-0 before:rounded-full\">Lieferumfang1 x Netzwerkkarte; 1 x Kurzanleitung; 3 x Halterungen<\/li>\n<\/ul>\n<\/div>\n<p><\/span><\/div>\n<\/div>\n<\/li>\n","protected":false},"excerpt":{"rendered":"<li class=\"bullet-list-item\">Dual Port QXG-10G2T-X710 PCIe Gen 3 (kompatibel mit PCIe Gen 2)<\/li>\n<li class=\"bullet-list-item\">Zwei 10GbE Ports mit SR-IOV und iSCSI<\/li>\n<li class=\"bullet-list-item\">unterst\u00fctzt mehrere Virtual Disk Modi<\/li>\n<li class=\"bullet-list-item\">unterst\u00fctzt bis zu f\u00fcnf Geschwindigkeiten (10G \/ 5G \/ 2,5G \/ 1G \/ 100M<\/li>\n<li class=\"bullet-list-item\">Intel Ethernet Controller X710<\/li>\n<p> Herstellernummer QXG-10G2T-X710<\/p>","protected":false},"featured_media":0,"comment_status":"open","ping_status":"closed","template":"","meta":{"_monsterinsights_skip_tracking":false,"_monsterinsights_sitenote_active":false,"_monsterinsights_sitenote_note":"","_monsterinsights_sitenote_category":0,"_uf_show_specific_survey":0,"_uf_disable_surveys":false},"product_brand":[],"product_cat":[509],"product_tag":[],"models":[],"years":[],"class_list":{"0":"post-58330","1":"product","2":"type-product","3":"status-publish","5":"product_cat-nas-das","7":"first","8":"instock","9":"sale","10":"shipping-taxable","11":"purchasable","12":"product-type-simple"},"aioseo_notices":[],"acf":[],"_links":{"self":[{"href":"https:\/\/amannforg.com\/fr\/wp-json\/wp\/v2\/product\/58330","targetHints":{"allow":["GET"]}}],"collection":[{"href":"https:\/\/amannforg.com\/fr\/wp-json\/wp\/v2\/product"}],"about":[{"href":"https:\/\/amannforg.com\/fr\/wp-json\/wp\/v2\/types\/product"}],"replies":[{"embeddable":true,"href":"https:\/\/amannforg.com\/fr\/wp-json\/wp\/v2\/comments?post=58330"}],"version-history":[{"count":1,"href":"https:\/\/amannforg.com\/fr\/wp-json\/wp\/v2\/product\/58330\/revisions"}],"predecessor-version":[{"id":58331,"href":"https:\/\/amannforg.com\/fr\/wp-json\/wp\/v2\/product\/58330\/revisions\/58331"}],"wp:attachment":[{"href":"https:\/\/amannforg.com\/fr\/wp-json\/wp\/v2\/media?parent=58330"}],"wp:term":[{"taxonomy":"product_brand","embeddable":true,"href":"https:\/\/amannforg.com\/fr\/wp-json\/wp\/v2\/product_brand?post=58330"},{"taxonomy":"product_cat","embeddable":true,"href":"https:\/\/amannforg.com\/fr\/wp-json\/wp\/v2\/product_cat?post=58330"},{"taxonomy":"product_tag","embeddable":true,"href":"https:\/\/amannforg.com\/fr\/wp-json\/wp\/v2\/product_tag?post=58330"},{"taxonomy":"models","embeddable":true,"href":"https:\/\/amannforg.com\/fr\/wp-json\/wp\/v2\/models?post=58330"},{"taxonomy":"years","embeddable":true,"href":"https:\/\/amannforg.com\/fr\/wp-json\/wp\/v2\/years?post=58330"}],"curies":[{"name":"wp","href":"https:\/\/api.w.org\/{rel}","templated":true}]}}