{"id":58332,"date":"2026-03-05T00:32:03","date_gmt":"2026-03-05T00:32:03","guid":{"rendered":"https:\/\/amannforg.com\/?post_type=product&#038;p=58332"},"modified":"2026-03-07T16:30:34","modified_gmt":"2026-03-07T16:30:34","slug":"qnap-koibox-100w-videokonferenz-und-4k-wireless-prasentationslosung","status":"publish","type":"product","link":"https:\/\/amannforg.com\/fr\/produit\/qnap-koibox-100w-videokonferenz-und-4k-wireless-prasentationslosung\/","title":{"rendered":"QNAP KoiBox-100W Videokonferenz- und 4K-Wireless-Pr\u00e4sentationsl\u00f6sung"},"content":{"rendered":"<div class=\"article\">\n<div class=\"titlepage\">\n<h2 class=\"text-h3 mb-l\">QNAP KoiBox-100W Videokonferenz- und 4K-Wireless-Pr\u00e4sentationsl\u00f6sung<\/h2>\n<\/div>\n<p class=\"mb-l\">Hochwertige Videokonferenz- und 4K-Wireless-Pr\u00e4sentationsl\u00f6sung f\u00fcr gesch\u00e4ftliche Besprechungsr\u00e4ume.<\/p>\n<p class=\"mb-l\">Mit dem KoiMeeter Videokonferenzbetriebssystem ist die KoiBox-100W der ideale Ersatz f\u00fcr kostenspielige SIP- basierte Konferenzsysteme und bietet zus\u00e4tzliche Funktionen wie drahtlose 4K Projektion, Vierwege-Kommunikation und lokale Speicherung. Das Erstellen privater Meetings mit KoiBox-100W bietet im Vergleich zu \u00f6ffentlichen Cloud-Meetings mehr Sicherheit und Privatsph\u00e4re, und die automatische Antwortfunktion bietet in bestimmten Nutzungsumgebungen mehr Komfort. Neben privaten Meetings vereinfacht die KoiBox-100W die Kommunikation zwischen verschiedenen Plattformen, indem sie die Verbindung von Anrufen mit Zoom\u00ae, Skype\u2122, Microsoft Teams\u00ae, Cisco Webex\u00ae und Google Meet\u2122 erm\u00f6glicht.<\/p>\n<div class=\"itemizedlist\">\n<ul class=\"bullet-list\">\n<li class=\"bullet-list-item\">\n<p class=\"mb-l\"> <span class=\"bold\">Drahtlose 4K-Projektion &#8211; <\/span>Pr\u00e4sentieren Sie mit einem hochaufl\u00f6senden 4K-Visualisierungserlebnis. <\/p>\n<\/li>\n<\/ul>\n<\/div>\n<div class=\"itemizedlist\">\n<ul class=\"bullet-list\">\n<li class=\"bullet-list-item\">\n<p class=\"mb-l\"> <span class=\"bold\">Vierwege-Kommunikation &#8211; <\/span>Videokonferenzen an mehreren Standorten mit QNAP KoiBox-100W, KoiMeeter und der KoiMeeter Mobil-App. <\/p>\n<\/li>\n<\/ul>\n<\/div>\n<div class=\"itemizedlist\">\n<ul class=\"bullet-list\">\n<li class=\"bullet-list-item\">\n<p class=\"mb-l\"> <span class=\"bold\">Nehmen Sie an Cloud-Meetings teil &#8211; <\/span>Nutzen Sie fast t\u00e4glich Cloud-basierte Meeting Plattformen? Kein Problem! Die KoiBox-100W unterst\u00fctzt bekannte Cloud Meeting Dienste. <\/p>\n<\/li>\n<\/ul>\n<\/div>\n<div class=\"itemizedlist\">\n<ul class=\"bullet-list\">\n<li class=\"bullet-list-item\">\n<p class=\"mb-l\"> <span class=\"bold\">Teilen Sie den Bildschirm von Ihrem Smartphone &#8211; <\/span>Scannen Sie den QR-Code auf dem KoiBox-100W Display, um den Bildschirm Ihres Telefons schnell freizugeben. <\/p>\n<\/li>\n<\/ul>\n<\/div>\n<div class=\"itemizedlist\">\n<ul class=\"bullet-list\">\n<li class=\"bullet-list-item\">\n<p class=\"mb-l\"> <span class=\"bold\">Lokaler Speicher &#8211; <\/span>Installieren Sie ein 2,5-Zoll SATA Laufwerk zum Speichern von Videos, Audio und Dateien des Meetings. <\/p>\n<\/li>\n<\/ul>\n<\/div>\n<p class=\"mb-l\"> <sup>Hinweis: SSD\/Festplatte separat erh\u00e4ltlich.<\/sup> <\/p>\n<p class=\"mb-l\"> <span class=\"bold\">Verbinden, klicken und Ihre Meetings beginnen!<\/span> <\/p>\n<p class=\"mb-l\">Schlie\u00dfen Sie die KoiBox-100W einfach an ein HDMI Display und Ihr Netzwerk an und schon k\u00f6nnen Sie loslegen. Zusammen mit erschwinglichen Kameras und Mikrofonen k\u00f6nnen Sie problemlos Videokonferenzen und drahtlose Pr\u00e4sentationen starten, ohne komplexe Einstellungen vornehmen zu m\u00fcssen. Rufen Sie einfach eine andere KoiBox-100W, ein KoiMeeter System, KoiMeeter Mobil-App oder ein kompatibles SIP System (wie Avaya\u00ae oder Poly\u00ae) an, um eine hochaufl\u00f6sende Videokonferenz zu starten, oder schlie\u00dfen Sie sich alternativ anderen Cloud Konferenzr\u00e4umen* an. Die KoiBox-100W ist die ideale L\u00f6sung f\u00fcr Organisationen mit begrenztem Budget, die all ihre Konferenzr\u00e4ume damit ausstatten m\u00f6chten.<\/p>\n<p class=\"mb-l\"> <sup>*Hinweis: F\u00fcr die Verbindung mit der KoiBox-100W zur Verwaltung der Cloud Konferenz sind eine Tastatur und eine Maus erforderlich.<\/sup> <\/p>\n<p class=\"mb-l\"> <span class=\"bold\">Das KoiMeeter Betriebssystem f\u00fcr Videokonferenzen<\/span> <\/p>\n<p class=\"mb-l\">KoiMeeter wurde f\u00fcr optimale Videokonferenzerfahrungen entwickelt und ist die ideale L\u00f6sung f\u00fcr Unternehmen, um private Konferenzsysteme mit zuverl\u00e4ssiger Sicherheit zu schaffen. Es bietet au\u00dferdem eine hohe Kompatibilit\u00e4t mit g\u00e4ngigen Cloud-Videokonferenzdiensten f\u00fcr eine nahtlose Kommunikation. Die mit Spannung erwartete kabellose 4K Projektion macht es allen Teilnehmern im selben Konferenzraum leicht, den Bildschirm der KoiBox-100W auf einem HDMI Bildschirm zu sehen, ohne dass ein spezieller Computer erforderlich ist.<\/p>\n<p class=\"mb-l\"> <span class=\"bold\">Bis zu Vier-Wege-Videokonferenzen und Zusammenarbeit<\/span> <\/p>\n<p class=\"mb-l\">Die KoiBox-100W kann bis zu 4-Wege Videokonferenzen mit einem QNAP NAS, auf dem die KoiMeeter App l\u00e4uft, sowie Telefonen mit der KoiMeeter Mobil-App* bilden. Die KoiBox-100W unterst\u00fctzt auch SIP-Systeme und Cloud Meeting Plattformen f\u00fcr plattform\u00fcbergreifende Kommunikation.<\/p>\n<p class=\"mb-l\"> <sup> *Hinweis: Der Gastgeber der 4-Wege Videokonferenz muss eine KoiBox-100W oder ein KoiMeeter System sein.<\/sup> <\/p>\n<div class=\"itemizedlist\">\n<ul class=\"bullet-list\">\n<li class=\"bullet-list-item\">\n<p class=\"mb-l\"> <span class=\"bold\">Teilnahme an Meetings mit NAS &#8211; <\/span>Installieren Sie KoiMeeter auf einem QNAP NAS, um das NAS in ein Videokonferenzsystem zu verwandeln! <\/p>\n<\/li>\n<\/ul>\n<\/div>\n<div class=\"itemizedlist\">\n<ul class=\"bullet-list\">\n<li class=\"bullet-list-item\">\n<p class=\"mb-l\"> <span class=\"bold\">Teilnahme an Meetings von mobilen Ger\u00e4ten aus &#8211; <\/span>Nehmen Sie mit der mobilen KoiMeeter App von \u00fcberall aus an Meetings teil. <\/p>\n<\/li>\n<\/ul>\n<\/div>\n<div class=\"itemizedlist\">\n<ul class=\"bullet-list\">\n<li class=\"bullet-list-item\">\n<p class=\"mb-l\"> <span class=\"bold\">An Meetings von Computern aus teilnehmen &#8211; <\/span>Nehmen Sie an Meetings in einem Webbrowser (Chrome\u2122 oder Firefox\u00ae) teil, indem Sie die browserbasierte Version von KoiMeeter verwenden. <\/p>\n<\/li>\n<\/ul>\n<\/div>\n<div class=\"itemizedlist\">\n<ul class=\"bullet-list\">\n<li class=\"bullet-list-item\">\n<p class=\"mb-l\"> <span class=\"bold\">Teilnahme an Cloud Meetingr\u00e4umen &#8211; <\/span>Die KoiBox-100W ist gut in beliebte Cloud Meeting Plattformen integriert. <\/p>\n<\/li>\n<\/ul>\n<\/div>\n<div class=\"itemizedlist\">\n<ul class=\"bullet-list\">\n<li class=\"bullet-list-item\">\n<p class=\"mb-l\"> <span class=\"bold\">Teilnahme an Meetings mit SIP-Systemen &#8211; <\/span>Nehmen Sie flexibel an einer Multipoint-Videokonferenz teil, die von einem SIP-System (wie Avaya, Poly und anderen) gestartet wurde. <\/p>\n<\/li>\n<\/ul>\n<\/div>\n<p class=\"mb-l\"> <span class=\"bold\">Teilnahme an Cloud Meetings \u00fcber Ihren Browser<\/span> <\/p>\n<p class=\"mb-l\">Nehmen Sie ganz einfach \u00fcber Ihren Webbrowser als Gast an Meetings (wie Zoom\u00ae, Skype\u2122, Microsoft Teams\u00ae, Cisco Webex\u00ae und Google Meet\u2122) teil, um eine produktive und flexible Remote Zusammenarbeit zu erm\u00f6glichen.<\/p>\n<p class=\"mb-l\"> <span class=\"bold\">Optimierte Zoom, Skype und Microsoft Teams Nutzung<\/span> <\/p>\n<p class=\"mb-l\">Die KoiBox-100W ist vollumf\u00e4nglich in Zoom\u00ae, Skype\u2122 und Microsoft Teams\u00ae integriert, um ein optimales Meeting zu bieten. Sie k\u00f6nnen sich \u00fcber die KoiBox-100W bei Ihrem Microsoft Teams Konto anmelden, um Teams Meetings reibungsloser zu gestalten.<\/p>\n<p class=\"mb-l\"> <span class=\"bold\">Automatische Anrufannahme<\/span> <\/p>\n<p class=\"mb-l\">Stellen Sie sicher, dass Sie keine Anrufe und Meetings verpassen, indem Sie die Funktion zur automatischen Beantwortung aktivieren. Sie ist z.B. n\u00fctzlich f\u00fcr \u00e4ltere oder behinderte Menschen oder Flie\u00dfbandarbeiter, die ihren Arbeitsplatz nicht verlassen k\u00f6nnen.<\/p>\n<p class=\"mb-l\"> <span class=\"bold\">Drahtlose 4K-Projektion. Befreien Sie sich von Kabeln.<\/span> <\/p>\n<p class=\"mb-l\">Keine Kabel. Keine Software-Installation. Die KoiBox-100W bietet eine nahtlose, kabellose Projektion ohne komplexe Verkabelung und ohne die Notwendigkeit, zus\u00e4tzliche Projektionsger\u00e4te zu kaufen.<\/p>\n<div class=\"itemizedlist\">\n<ul class=\"bullet-list\">\n<li class=\"bullet-list-item\">\n<p class=\"mb-l\"> <span class=\"bold\">Projizieren Sie Ihren Bildschirm \u00fcber einen Browser &#8211; <\/span>\u00d6ffnen Sie einen Browser (Chrome\u2122 oder Firefox\u00ae), geben Sie die IP-Adresse des Displays ein, und projizieren Sie Ihren Bildschirm, um die Pr\u00e4sentation zu starten. Es werden keine zus\u00e4tzlichen drahtlosen Projektoren, Dongles oder Software ben\u00f6tigt. <\/p>\n<\/li>\n<\/ul>\n<\/div>\n<div class=\"itemizedlist\">\n<ul class=\"bullet-list\">\n<li class=\"bullet-list-item\">\n<p class=\"mb-l\"> <span class=\"bold\">4K UHD Wiedergabe &#8211; <\/span>Die KoiBox-100W unterst\u00fctzt eine Aufl\u00f6sung von bis zu 4K Ultra HD, so dass Sie Ihre Pr\u00e4sentation in optimaler Bildqualit\u00e4t abhalten und Ihr Publikum begeistern k\u00f6nnen. <\/p>\n<\/li>\n<\/ul>\n<\/div>\n<div class=\"itemizedlist\">\n<ul class=\"bullet-list\">\n<li class=\"bullet-list-item\">\n<p class=\"mb-l\"> <span class=\"bold\">Vierfach geteilte Bildschirme &#8211; <\/span>Zeigen Sie bis zu vier geteilte Bildschirme von verschiedenen Ger\u00e4ten in einer einzigen Pr\u00e4sentation an. <\/p>\n<\/li>\n<\/ul>\n<\/div>\n<div class=\"itemizedlist\">\n<ul class=\"bullet-list\">\n<li class=\"bullet-list-item\">\n<p class=\"mb-l\"> <span class=\"bold\">Drei Projektionsmodi &#8211; <\/span>Die Vortragenden k\u00f6nnen je nach Bedarf zwischen dem &#8220;Gesamtbildschirmmodus&#8221;, dem &#8220;spezifischen Anwendungsfenstermodus&#8221; und dem &#8220;Chrome Tab Modus&#8221; w\u00e4hlen. <\/p>\n<\/li>\n<\/ul>\n<\/div>\n<p class=\"mb-l\"> <sup>Hinweise: Firefox\u00ae unterst\u00fctzt den &#8220;Chrome Tab Modus&#8221; nicht.<\/sup> <\/p>\n<div class=\"itemizedlist\">\n<ul class=\"bullet-list\">\n<li class=\"bullet-list-item\">\n<p class=\"mb-l\"> <span class=\"bold\">Fernprojektion &#8211; <\/span>Projizieren Sie einen Bildschirm \u00fcber das Internet gleichzeitig auf mehrere KoiBox-100W oder KoiMeeter Systeme, um mehr Flexibilit\u00e4t und Komfort zu erreichen. <\/p>\n<\/li>\n<\/ul>\n<\/div><\/div>\n<li class=\"mb-m\">\n<div class=\"flex flex-col m:flex-row gap-s m:gap-xl\">\n<div class=\"text-h3 min-w-[244px] max-w-[244px]\">Technische Daten<\/div>\n<div class=\"flex flex-col gap-s\"><span class=\"\"><\/p>\n<div class=\"itemizedlist\">\n<ul class=\"flex flex-col gap-s\">\n<li class=\"ml-3xs pl-[15px] relative before:absolute before:w-[8px] before:h-[8px] before:bg-dark before:top-[8px] before:left-0 before:rounded-full\">KoiBox-100W<\/li>\n<li class=\"ml-3xs pl-[15px] relative before:absolute before:w-[8px] before:h-[8px] before:bg-dark before:top-[8px] before:left-0 before:rounded-full\">CPUIntel\u00ae Celeron\u00ae dual-core 1.8GHz<\/li>\n<li class=\"ml-3xs pl-[15px] relative before:absolute before:w-[8px] before:h-[8px] before:bg-dark before:top-[8px] before:left-0 before:rounded-full\">Systemspeicher4GB DDR4<\/li>\n<li class=\"ml-3xs pl-[15px] relative before:absolute before:w-[8px] before:h-[8px] before:bg-dark before:top-[8px] before:left-0 before:rounded-full\">Flash-SpeicherM.2 2242 SSD 30GB<\/li>\n<li class=\"ml-3xs pl-[15px] relative before:absolute before:w-[8px] before:h-[8px] before:bg-dark before:top-[8px] before:left-0 before:rounded-full\">Laufwerkseinschub1 x 2.5-inch SATA (HDD\/SSD not included)<\/li>\n<li class=\"ml-3xs pl-[15px] relative before:absolute before:w-[8px] before:h-[8px] before:bg-dark before:top-[8px] before:left-0 before:rounded-full\">Gigabit-Ethernet-Port1 x 1GbE RJ45<\/li>\n<li class=\"ml-3xs pl-[15px] relative before:absolute before:w-[8px] before:h-[8px] before:bg-dark before:top-[8px] before:left-0 before:rounded-full\">Wi-Fi \/ BluetoothIntel Wi-Fi 6 AX201, 802.11ax, Bluetooth 5.2<\/li>\n<li class=\"ml-3xs pl-[15px] relative before:absolute before:w-[8px] before:h-[8px] before:bg-dark before:top-[8px] before:left-0 before:rounded-full\">HDMI-Ausgang1 x HDMI 1.4b output<\/li>\n<li class=\"ml-3xs pl-[15px] relative before:absolute before:w-[8px] before:h-[8px] before:bg-dark before:top-[8px] before:left-0 before:rounded-full\">USB-Port4 x USB 3.2 Gen 2 Type-A<\/li>\n<li class=\"ml-3xs pl-[15px] relative before:absolute before:w-[8px] before:h-[8px] before:bg-dark before:top-[8px] before:left-0 before:rounded-full\">IR-SensorYes, supports remote controller (RM-IR004)<\/li>\n<li class=\"ml-3xs pl-[15px] relative before:absolute before:w-[8px] before:h-[8px] before:bg-dark before:top-[8px] before:left-0 before:rounded-full\">Tasten1 x Power button<\/li>\n<li class=\"ml-3xs pl-[15px] relative before:absolute before:w-[8px] before:h-[8px] before:bg-dark before:top-[8px] before:left-0 before:rounded-full\">LED-AnzeigenPower status<\/li>\n<li class=\"ml-3xs pl-[15px] relative before:absolute before:w-[8px] before:h-[8px] before:bg-dark before:top-[8px] before:left-0 before:rounded-full\">(On: blue, Standby: blue breathing light, Off: red)<\/li>\n<li class=\"ml-3xs pl-[15px] relative before:absolute before:w-[8px] before:h-[8px] before:bg-dark before:top-[8px] before:left-0 before:rounded-full\">Netzteil36W, 100-240V DC, 50\/60Hz<\/li>\n<li class=\"ml-3xs pl-[15px] relative before:absolute before:w-[8px] before:h-[8px] before:bg-dark before:top-[8px] before:left-0 before:rounded-full\">Sicherheitssteckplatz1x Kensington security slot<\/li>\n<li class=\"ml-3xs pl-[15px] relative before:absolute before:w-[8px] before:h-[8px] before:bg-dark before:top-[8px] before:left-0 before:rounded-full\">Abmessungen (H x B x T)45 x 232 x 152 mm<\/li>\n<li class=\"ml-3xs pl-[15px] relative before:absolute before:w-[8px] before:h-[8px] before:bg-dark before:top-[8px] before:left-0 before:rounded-full\">Nettogewicht1.09 kg (2.4lbs)<\/li>\n<li class=\"ml-3xs pl-[15px] relative before:absolute before:w-[8px] before:h-[8px] before:bg-dark before:top-[8px] before:left-0 before:rounded-full\">Betriebstemperatur &amp; relative Luftfeuchtigkeit0 ~ 40\u02daC ( 32\u02daF ~ 104\u02daF )\uff0c5 &#8211; 95% RH non-condensing<\/li>\n<\/ul>\n<\/div>\n<p><\/span><\/div>\n<\/div>\n<\/li>\n<li class=\"mb-m\">\n<div class=\"flex flex-col m:flex-row gap-s m:gap-xl\">\n<div class=\"text-h3 min-w-[244px] max-w-[244px]\">Abmessungen<\/div>\n<div class=\"flex flex-col gap-s\"><span class=\"\"><\/p>\n<div class=\"itemizedlist\">\n<ul class=\"flex flex-col gap-s\">\n<li class=\"ml-3xs pl-[15px] relative before:absolute before:w-[8px] before:h-[8px] before:bg-dark before:top-[8px] before:left-0 before:rounded-full\">Abmessungen (H x B x T)45 x 232 x 152 mm<\/li>\n<li class=\"ml-3xs pl-[15px] relative before:absolute before:w-[8px] before:h-[8px] before:bg-dark before:top-[8px] before:left-0 before:rounded-full\">Nettogewicht1.09 kg<\/li>\n<\/ul>\n<\/div>\n<p><\/span><\/div>\n<\/div>\n<\/li>\n<li class=\"mb-m\">\n<div class=\"flex flex-col m:flex-row gap-s m:gap-xl\">\n<div class=\"text-h3 min-w-[244px] max-w-[244px]\">Lieferumfang<\/div>\n<div class=\"flex flex-col gap-s\"><span class=\"ml-3xs pl-[15px] relative before:absolute before:w-[8px] before:h-[8px] before:bg-dark before:top-[8px] before:left-0 before:rounded-full\">KoiBox-100W<\/span><\/div>\n<\/div>\n<\/li>\n","protected":false},"excerpt":{"rendered":"<li class=\"bullet-list-item\">Drahtlose 4K-Projektion<\/li>\n<li class=\"bullet-list-item\">Vierwege-Kommunikation<\/li>\n<li class=\"bullet-list-item\">Nehmen Sie an Cloud-Meetings teil<\/li>\n<li class=\"bullet-list-item\">Teilen Sie den Bildschirm von Ihrem Smartphone<\/li>\n<li class=\"bullet-list-item\">Lokaler Speicher<\/li>\n<p> Herstellernummer KOIBOX-100W<\/p>","protected":false},"featured_media":52776,"comment_status":"open","ping_status":"closed","template":"","meta":{"_monsterinsights_skip_tracking":false,"_monsterinsights_sitenote_active":false,"_monsterinsights_sitenote_note":"","_monsterinsights_sitenote_category":0,"_uf_show_specific_survey":0,"_uf_disable_surveys":false},"product_brand":[],"product_cat":[509],"product_tag":[],"models":[],"years":[],"class_list":{"0":"post-58332","1":"product","2":"type-product","3":"status-publish","4":"has-post-thumbnail","6":"product_cat-nas-das","8":"first","9":"instock","10":"sale","11":"shipping-taxable","12":"purchasable","13":"product-type-simple"},"aioseo_notices":[],"acf":[],"_links":{"self":[{"href":"https:\/\/amannforg.com\/fr\/wp-json\/wp\/v2\/product\/58332","targetHints":{"allow":["GET"]}}],"collection":[{"href":"https:\/\/amannforg.com\/fr\/wp-json\/wp\/v2\/product"}],"about":[{"href":"https:\/\/amannforg.com\/fr\/wp-json\/wp\/v2\/types\/product"}],"replies":[{"embeddable":true,"href":"https:\/\/amannforg.com\/fr\/wp-json\/wp\/v2\/comments?post=58332"}],"version-history":[{"count":1,"href":"https:\/\/amannforg.com\/fr\/wp-json\/wp\/v2\/product\/58332\/revisions"}],"predecessor-version":[{"id":58333,"href":"https:\/\/amannforg.com\/fr\/wp-json\/wp\/v2\/product\/58332\/revisions\/58333"}],"wp:featuredmedia":[{"embeddable":true,"href":"https:\/\/amannforg.com\/fr\/wp-json\/wp\/v2\/media\/52776"}],"wp:attachment":[{"href":"https:\/\/amannforg.com\/fr\/wp-json\/wp\/v2\/media?parent=58332"}],"wp:term":[{"taxonomy":"product_brand","embeddable":true,"href":"https:\/\/amannforg.com\/fr\/wp-json\/wp\/v2\/product_brand?post=58332"},{"taxonomy":"product_cat","embeddable":true,"href":"https:\/\/amannforg.com\/fr\/wp-json\/wp\/v2\/product_cat?post=58332"},{"taxonomy":"product_tag","embeddable":true,"href":"https:\/\/amannforg.com\/fr\/wp-json\/wp\/v2\/product_tag?post=58332"},{"taxonomy":"models","embeddable":true,"href":"https:\/\/amannforg.com\/fr\/wp-json\/wp\/v2\/models?post=58332"},{"taxonomy":"years","embeddable":true,"href":"https:\/\/amannforg.com\/fr\/wp-json\/wp\/v2\/years?post=58332"}],"curies":[{"name":"wp","href":"https:\/\/api.w.org\/{rel}","templated":true}]}}