{"id":58336,"date":"2026-03-05T00:32:27","date_gmt":"2026-03-05T00:32:27","guid":{"rendered":"https:\/\/amannforg.com\/?post_type=product&#038;p=58336"},"modified":"2026-03-11T14:21:55","modified_gmt":"2026-03-11T14:21:55","slug":"qnap-qhora-321-2-5g-high-speed-quwan-vpn-router","status":"publish","type":"product","link":"https:\/\/amannforg.com\/fr\/produit\/qnap-qhora-321-2-5g-high-speed-quwan-vpn-router\/","title":{"rendered":"QNAP QHora-321 2.5G High Speed QuWAN VPN Router"},"content":{"rendered":"<p class=\"mb-l\">\n<div class=\"titlepage\">\n<h2 class=\"text-h3 mb-l\">QNAP QHora-321 2.5G High Speed QuWAN VPN Router<\/h2>\n<\/div>\n<p class=\"mb-l\">Ultimative kabelgebundene Netzwerkleistung<\/p>\n<p class=\"mb-l\">Der QHora-321 bietet sechs 2,5 GbE Ports (kompatibel mit 2,5G\/ 1G\/ 100M) f\u00fcr kabelgebundene High-Speed Netzwerke.<\/p>\n<p class=\"mb-l\">\n<div class=\"titlepage\">\n<h2 class=\"text-h3 mb-l\">Kabelgebundene Netzwerkbereitstellung f\u00fcr jedes Szenario<\/h2>\n<\/div>\n<p class=\"mb-l\">\n<div class=\"titlepage\">\n<h2 class=\"text-h3 mb-l\">IoT Direkt-zu-Ger\u00e4t Konnektivit\u00e4t<\/h2>\n<\/div>\n<p class=\"mb-l\">Verbinden Sie einzelne IoT Ger\u00e4te \u00fcber unabh\u00e4ngige Netzwerksegmente direkt mit dem QHora-321, so dass verschiedene Ger\u00e4te reibungslos zusammenarbeiten k\u00f6nnen.<\/p>\n<p class=\"mb-l\">1. Jeder Netzwerkport und jedes Netzwerksegment sind standardm\u00e4\u00dfig unabh\u00e4ngig.<\/p>\n<p class=\"mb-l\">2. Sie k\u00f6nnen den Datenverkehr an einen bestimmten WAN Port des QuWAN Ger\u00e4ts leiten.<\/p>\n<p class=\"mb-l\">\n<div class=\"titlepage\">\n<h2 class=\"text-h3 mb-l\">High-Speed LAN<\/h2>\n<\/div>\n<p class=\"mb-l\">Richten Sie mit dem QuRouter OS mehrere LAN Ports in einem LAN ein. Ein High-Speed Intranet ist ideal f\u00fcr die \u00dcbertragung gro\u00dfer Dateien oder die Kommunikation zwischen Workstations.<\/p>\n<p class=\"mb-l\">\n<div class=\"titlepage\">\n<h2 class=\"text-h3 mb-l\">VLAN Network Slicing<\/h2>\n<\/div>\n<p class=\"mb-l\">Verwenden Sie die VLAN Funktion, um Dom\u00e4nen f\u00fcr verschiedene Anwendungen zu segmentieren, so dass mehrere Anwendungen \u00fcber einen einzigen Netzwerkport mit dem Netzwerk verbunden werden k\u00f6nnen.<\/p>\n<p class=\"mb-l\">\n<div class=\"titlepage\">\n<h2 class=\"text-h3 mb-l\">Flexibles Routing<\/h2>\n<\/div>\n<p class=\"mb-l\">Unterst\u00fctzt auf Richtlinien basierendes Routing und statische Routen, die eine automatische Verkehrslenkung basierend auf der Quell-IP, der Anwendung oder dem Ger\u00e4t erm\u00f6glichen. Sie k\u00f6nnen auch manuell spezifische Routen definieren, um den Datenverkehr weiter zu optimieren. Diese Flexibilit\u00e4t erm\u00f6glicht eine pr\u00e4zise Verkehrsverteilung, Vermeidung von Staus und optimierte Netzwerkleistung sowie Stabilit\u00e4t\u2014sowohl durch Automatisierung als auch durch manuelle Steuerung.<\/p>\n<p class=\"mb-l\">\n<div class=\"titlepage\">\n<h2 class=\"text-h3 mb-l\">Zuverl\u00e4ssige Verbindung zur Minimierung von Gesch\u00e4ftsrisiken<\/h2>\n<\/div>\n<p class=\"mb-l\">Unterst\u00fctzt die Aggregation von dualen WAN-Verbindungen, Failover und Lastverteilung, wodurch mehrere Netzwerkverbindungen sich gegenseitig unterst\u00fctzen und den Datenverkehr intelligent verteilen k\u00f6nnen. Bei einem Ausfall der prim\u00e4ren Verbindung kann das System sofort auf ein Backup umschalten, um den ununterbrochenen Betrieb kritischer Dienste sicherzustellen.<\/p>\n<p class=\"mb-l\">\n<div class=\"titlepage\">\n<h2 class=\"text-h3 mb-l\">Sicherer Zugriff auf Ihr NAS<\/h2>\n<\/div>\n<p class=\"mb-l\">Zur Absicherung Ihres Fernzugangs und zur Verhinderung potenzieller Angriffe wird dringend empfohlen, den QHora-321 vor Ihrem NAS Ger\u00e4t anzuschlie\u00dfen. NAT (Network Address Translation) erm\u00f6glicht die Sicherheit eines privaten Netzwerks, indem es die tats\u00e4chlich im privaten Netzwerk verwendete IP-Adresse vor Benutzern au\u00dferhalb der Firewall verbirgt.<\/p>\n<p class=\"mb-l\">\n<div class=\"titlepage\">\n<h2 class=\"text-h3 mb-l\">Einfache Air-Gap Backups mit einem QHora Router<\/h2>\n<\/div>\n<p class=\"mb-l\">Sichern Sie Unternehmensdaten mit QNAPs Airgap+ Sicherungsl\u00f6sung. Verwenden Sie QNAP NAS mit dem QHora-321, um Sicherungsaufgaben mit Airgap Netzwerkisolation problemlos auszuf\u00fchren \u2013 was Ihre Sicherungsdaten effektiv vor Cyberangriffen und Datenverletzungen sch\u00fctzt.<\/p>\n<p class=\"mb-l\">\n<div class=\"titlepage\">\n<h2 class=\"text-h3 mb-l\">Ein modernes Design f\u00fcr jede Einsatzumgebung<\/h2>\n<\/div>\n<p class=\"mb-l\">Der QHora-321 arbeitet nahezu ger\u00e4uschlos. Selbst wenn er an mehrere Ger\u00e4te angeschlossen ist, bietet er eine zuverl\u00e4ssige Leistung f\u00fcr B\u00fcros und Privathaushalte. Mit seinem modernen Erscheinungsbild und der hocheffektiven K\u00fchlung passt der QHora-321 perfekt zu anderen Ger\u00e4ten in modernen digitalen Wohnungen und B\u00fcros.<\/p>\n<p class=\"mb-l\">\n<div class=\"titlepage\">\n<h2 class=\"text-h3 mb-l\">QuRouter OS: Benutzerfreundliche Routerverwaltung<\/h2>\n<\/div>\n<p class=\"mb-l\">Der QHora-321 verwendet das QuRouter OS und bietet eine benutzerfreundliche, webbasierte GUI, ein \u00fcbersichtliches Dashboard und Portanzeigen, die bei den t\u00e4glichen Netzwerkverwaltungsaufgaben helfen. Mit dem QuRouter OS k\u00f6nnen Benutzer nicht nur alle angeschlossenen drahtgebundenen und drahtlosen Ger\u00e4te in Echtzeit effizient verwalten, sondern auch die Firewall, das VPN, die Sicherheit und die erweiterten QuWAN Funktionen konfigurieren.<\/p>\n<p class=\"mb-l\">\n<div class=\"titlepage\">\n<h2 class=\"text-h3 mb-l\">Die ultimative Mesh VPN L\u00f6sung f\u00fcr Unternehmen \u2014 nahtloses Upgrade!<\/h2>\n<\/div>\n<p class=\"mb-l\">Integrieren Sie Ihren QHora Router in die QuWAN SD-WAN Cloud-Plattform und verbinden Sie die Filialnetzwerke automatisch \u2014 schneller, einfacher und leichter zu verwalten.<\/p>\n<p class=\"mb-l\">\n<div class=\"titlepage\">\n<h2 class=\"text-h3 mb-l\">Einfache Bereitstellung<\/h2>\n<\/div>\n<p class=\"mb-l\">Es sind keine IT-Kenntnisse oder \u00c4nderungen der Infrastruktur erforderlich, um eine Mesh VPN Architektur aufzubauen! F\u00fcgen Sie einfach ein QHora-321 zum QuWAN Orchestrator hinzu und lassen Sie Auto-Mesh VPN automatisch Routing- und VPN-Verbindungen konfigurieren.<\/p>\n<p class=\"mb-l\">\n<div class=\"titlepage\">\n<h2 class=\"text-h3 mb-l\">Intelligente Beschleunigung<\/h2>\n<\/div>\n<p class=\"mb-l\">Nutzen Sie SD-WAN Optimierungstechnologien wie Bandbreitenaggregation, QoS-basierte Verkehrspriorisierung, intelligente Pfadauswahl und WAN-Failover. In Kombination mit den integrierten 2,5 GbE High-Speed Ports des QHora-321 sorgt dies f\u00fcr eine reibungslose und stabile Daten\u00fcbertragung zwischen mehreren Standorten.<\/p>\n<p class=\"mb-l\">\n<div class=\"titlepage\">\n<h2 class=\"text-h3 mb-l\">Effiziente Betriebs- und Wartungsabl\u00e4ufe<\/h2>\n<\/div>\n<p class=\"mb-l\">Die zentrale Verwaltung \u00fcber mehrere Ger\u00e4te, kombiniert mit IPSec AES-256 Verschl\u00fcsselung, SAML SSO und Zero Trust Authentifizierung, verbessert sowohl die Verwaltungseffizienz als auch die Verbindungssicherheit. Bei einem Ger\u00e4teausfall k\u00f6nnen Sie einfach fr\u00fchere Konfigurationen in einen anderen QHora-321 importieren \u2014 eine erneute Konfiguration von Routing- oder VPN-Einstellungen ist nicht erforderlich.<\/p>\n<p class=\"mb-l\">\n<div class=\"titlepage\">\n<h2 class=\"text-h3 mb-l\">Sorgenfreie Bereitstellung an mehreren Standorten \u2013 Ideal f\u00fcr s\u00e4mtliche Gesch\u00e4ftsszenarien<\/h2>\n<\/div>\n<p class=\"mb-l\">Mit QHora und QuWAN war es noch nie einfacher, Ihren Hauptsitz und Ihre Filialen zu einem nahtlosen, sicheren Netzwerk zu verbinden \u2014 was einen Datenfluss in Echtzeit und eine reibungslosere Zusammenarbeit erm\u00f6glicht.<\/p>\n<p class=\"mb-l\">\n<div class=\"titlepage\">\n<h2 class=\"text-h3 mb-l\">POS Datensynchronisation f\u00fcr Einzelhandelsketten<\/h2>\n<\/div>\n<p class=\"mb-l\">Synchronisieren Sie in Echtzeit Verkaufsdaten von POS Systemen zu den ERP\/CRM Systemen des Hauptsitzes, um die betriebliche Effizienz zu verbessern.<\/p>\n<p class=\"mb-l\">\n<div class=\"titlepage\">\n<h2 class=\"text-h3 mb-l\">Daten\u00fcbertragung vom B\u00fcro zum Hauptsitz &amp; Backup<\/h2>\n<\/div>\n<p class=\"mb-l\">Stellen Sie mit Unterst\u00fctzung von HBS und QuWAN SD-WAN zuverl\u00e4ssige Daten- und Video\u00fcberwachungssicherungen von den Filialen zum Hauptsitz sicher.<\/p>\n<p class=\"mb-l\">\n<div class=\"titlepage\">\n<h2 class=\"text-h3 mb-l\">SD-WAN Optimierung + VPN Fernzugriff = hocheffizientes Netzwerk<\/h2>\n<\/div>\n<p class=\"mb-l\">\n<div class=\"titlepage\">\n<h2 class=\"text-h3 mb-l\">Zentralisierte SD-WAN Verwaltung<\/h2>\n<\/div>\n<p class=\"mb-l\">Bauen Sie eine kosteneffiziente Enterprise Mesh VPN Architektur auf.<\/p>\n<p class=\"mb-l\">\n<div class=\"titlepage\">\n<h2 class=\"text-h3 mb-l\">Einheitliche Cloud-Verwaltung<\/h2>\n<\/div>\n<p class=\"mb-l\">Der Orchestrator verbindet QNAP QHora Router oder NAS \u00fcber Filialen hinweg\u2014was den IT-Aufwand reduziert.<\/p>\n<p class=\"mb-l\">\n<div class=\"titlepage\">\n<h2 class=\"text-h3 mb-l\">Direkte NAS Integration<\/h2>\n<\/div>\n<p class=\"mb-l\">Selbst ohne Router kann ein NAS mit QuWAN Express* dem SD-WAN beitreten.<\/p>\n<p class=\"mb-l\">\n<div class=\"titlepage\">\n<h2 class=\"text-h3 mb-l\">IPSec VPN Kompatibilit\u00e4t<\/h2>\n<\/div>\n<p class=\"mb-l\">Integrieren Sie problemlos Router von Drittanbietern \u00fcber IPSec VPN, ohne die Infrastruktur zu \u00e4ndern.<\/p>\n<p class=\"mb-l\">\n<div class=\"titlepage\">\n<h2 class=\"text-h3 mb-l\">Flexibler VPN Zugriff<\/h2>\n<\/div>\n<p class=\"mb-l\">Unterst\u00fctzt eine gro\u00dfe Anzahl von Fernarbeitern und mobilen Ger\u00e4ten.<\/p>\n<p class=\"mb-l\">\n<div class=\"titlepage\">\n<h2 class=\"text-h3 mb-l\">Hohe Verbindungskapazit\u00e4t<\/h2>\n<\/div>\n<p class=\"mb-l\">Unterst\u00fctzt bis zu 700 VPN-Clients.<\/p>\n<p class=\"mb-l\">\n<div class=\"titlepage\">\n<h2 class=\"text-h3 mb-l\">QuWAN QBelt VPN Protokoll<\/h2>\n<\/div>\n<p class=\"mb-l\">Das QuWAN QBelt VPN Protokoll bietet sichere Endpunktverbindungen.<\/p>\n<p class=\"mb-l\">\n<div class=\"titlepage\">\n<h2 class=\"text-h3 mb-l\">Nutzung vorhandener Anmeldeinformationen<\/h2>\n<\/div>\n<p class=\"mb-l\">Erleichtern Sie das IT-Management, indem Sie vorhandene Anmeldeinformationen \u00fcber SAML SSO und den Authentifizierungsserver verwenden.<\/p>\n<p class=\"mb-l\">\n<div class=\"titlepage\">\n<h2 class=\"text-h3 mb-l\">Erh\u00f6hte Sicherheit<\/h2>\n<\/div>\n<p class=\"mb-l\">Der QHora-321 unterst\u00fctzt QuWAN SD-WAN und erm\u00f6glicht es Unternehmen, eine intelligente und sichere Netzwerkinfrastruktur gem\u00e4\u00df den SASE (Secure Access Service Edge) Prinzipien aufzubauen. Durch eine Zero Trust Architektur, Identit\u00e4tsauthentifizierung und mehrschichtige Sicherheitsma\u00dfnahmen wird die Konnektivit\u00e4t zwischen Hauptsitz, Filialen und Fernarbeitern gesch\u00fctzt.<\/p>\n<p class=\"mb-l\">\n<div class=\"titlepage\">\n<h2 class=\"text-h3 mb-l\">QuWAN Authentifizierung<\/h2>\n<\/div>\n<p class=\"mb-l\">Bevor sich Benutzer beim QuWAN Orchestrator anmelden k\u00f6nnen, m\u00fcssen sie zun\u00e4chst \u00fcber das QNAP Kontencenter mit ihrer QNAP ID zur SD-WAN Organisation hinzugef\u00fcgt werden. Das Kontencenter hilft dabei, die Mitglieder der Organisation zentral zu verwalten und den Zugriff auf den Orchestrator zu steuern.<\/p>\n<p class=\"mb-l\">\n<div class=\"titlepage\">\n<h2 class=\"text-h3 mb-l\">QuWAN Verbindungsverwaltung<\/h2>\n<\/div>\n<p class=\"mb-l\">Stellen Sie schnell sichere VPN Tunnel zwischen Standorten mithilfe von IPSec VPN her. Mit der IPSec AES-256 Ende-zu-Ende Verschl\u00fcsselungstechnologie k\u00f6nnen Sie dabei sicherzustellen, dass die Daten\u00fcbertragung vor Abh\u00f6rung oder Hijacking gesch\u00fctzt ist.<\/p>\n<p class=\"mb-l\">\n<div class=\"titlepage\">\n<h2 class=\"text-h3 mb-l\">QHora Verbindungsverwaltung<\/h2>\n<\/div>\n<p class=\"mb-l\">Mit einer L3-Firewall und NAT-Weiterleitung erm\u00f6glicht QHora die zentrale Konfiguration von Sicherheitsrichtlinien f\u00fcr interne Netzwerke \u00fcber die QuWAN Cloud-Plattform. Es verf\u00fcgt \u00fcber ein Intrusion Prevention System (IPS), das Ransomware und Angriffsversuche erkennt und blockiert, indem es Pakete analysiert und Signaturen abgleicht.* Zus\u00e4tzlich ist eine GeoIP Firewall integriert, um Verbindungen aus Hochrisikoregionen zu blockieren.<\/p>\n<p class=\"mb-l\">\n<div class=\"titlepage\">\n<h2 class=\"text-h3 mb-l\">QVPN Zugriffsautorisierung<\/h2>\n<\/div>\n<p class=\"mb-l\">Unterst\u00fctzt mehrere Protokolle wie L2TP, QBelt und OpenVPN, die es mobilen Ger\u00e4ten und Remote-Nutzern erm\u00f6glichen, sicher und flexibel eine Verbindung zum Unternehmensnetzwerk herzustellen.<\/p>\n<p class=\"mb-l\">\n<div class=\"titlepage\">\n<h2 class=\"text-h3 mb-l\">Edge Ger\u00e4t Anwendungsverwaltung<\/h2>\n<\/div>\n<p class=\"mb-l\">Mit einer L7 Firewall und DPI (Deep Packet Inspection) Technologie kann es unterschiedliche Blacklists und Anwendungssteuerungsregeln auf mehrere Segmente anwenden und bietet eine Filterung von Webseiten sowie zeitbasierte Internetzugangskontrolle.<\/p>\n<p class=\"mb-l\">\n<div class=\"titlepage\">\n<h2 class=\"text-h3 mb-l\">QVPN: Sichere Kommunikation mit Remote Ger\u00e4ten<\/h2>\n<\/div>\n<p class=\"mb-l\">Der QHora-321 beinhaltet sowohl die VPN Server als auch die Client Funktionen des QVPN Service \u2013 damit k\u00f6nnen Sie einen VPN Client erstellen, der sich mit einem Remote Server oder Drittanbieter verbindet, um auf Inhalte oder Dienste zuzugreifen. Au\u00dferdem kann der QHora-321 als VPN Server f\u00fcr die Verbindung zu Endger\u00e4ten mit OpenVPN, L2TP\/IPSec und QNAPs propriet\u00e4ren QBelt VPN Protokollen verwendet werden.*<\/p>\n<p class=\"mb-l\">\n<div class=\"titlepage\">\n<h2 class=\"text-h3 mb-l\">WireGuard\u00ae &#8211; einfachere VPN-Tunnel f\u00fcr Fernarbeiter<\/h2>\n<\/div>\n<p class=\"mb-l\">Der QHora-321 unterst\u00fctzt jetzt WireGuard\u00ae* und bietet schnellere und stabile VPN Verbindungen. Mit einer benutzerfreundlichen Oberfl\u00e4che k\u00f6nnen Fernarbeiter, die keine IT-Profis sind, ganz einfach VPN-Tunnel einrichten, um mit vereinfachten Verbindungsmethoden auf QNAP-Ger\u00e4te im B\u00fcro zuzugreifen.<\/p>\n<p class=\"mb-l\">\n<div class=\"titlepage\">\n<h2 class=\"text-h3 mb-l\">Weltweit Videos ohne Einschr\u00e4nkungen anschauen<\/h2>\n<\/div>\n<p class=\"mb-l\">Schalten Sie mit dem QHora-321s QVPN Client Dienst das Internet frei! Durch die Einstellung des OpenVPN Protokolls im QVPN Client, um das Netzwerk zu einem regions\u00fcbergreifenden VPN-Server zu leiten, kann der QHora-321 mit Cloud VPN Diensten (wie z. B. NordVPN, ExpressVPN, Surfshark) verbunden werden, so dass Sie problemlos Geoblocking umgehen und regional begrenztes Videostreaming oder Nachrichten ansehen k\u00f6nnen.<\/p>\n<li class=\"mb-m\">\n<div class=\"flex flex-col m:flex-row gap-s m:gap-xl\">\n<div class=\"text-h3 min-w-[244px] max-w-[244px]\">Bauform<\/div>\n<div class=\"flex flex-col gap-s\"><span class=\"\"><\/p>\n<ul class=\"flex flex-col gap-s\">\n<li class=\"ml-3xs pl-[15px] relative before:absolute before:w-[8px] before:h-[8px] before:bg-dark before:top-[8px] before:left-0 before:rounded-full\">Desktop<\/li>\n<\/ul>\n<p><\/span><\/div>\n<\/div>\n<\/li>\n<li class=\"mb-m\">\n<div class=\"flex flex-col m:flex-row gap-s m:gap-xl\">\n<div class=\"text-h3 min-w-[244px] max-w-[244px]\">Anzahl 2.5 GB LAN Ports (2.5 Gbit\/s)<\/div>\n<div class=\"flex flex-col gap-s\"><span class=\"\"><\/p>\n<ul class=\"flex flex-col gap-s\">\n<li class=\"ml-3xs pl-[15px] relative before:absolute before:w-[8px] before:h-[8px] before:bg-dark before:top-[8px] before:left-0 before:rounded-full\">1 St<\/li>\n<\/ul>\n<p><\/span><\/div>\n<\/div>\n<\/li>\n<li class=\"mb-m\">\n<div class=\"flex flex-col m:flex-row gap-s m:gap-xl\">\n<div class=\"text-h3 min-w-[244px] max-w-[244px]\">Speicher<\/div>\n<div class=\"flex flex-col gap-s\"><span class=\"\"><\/p>\n<ul class=\"flex flex-col gap-s\">\n<li class=\"ml-3xs pl-[15px] relative before:absolute before:w-[8px] before:h-[8px] before:bg-dark before:top-[8px] before:left-0 before:rounded-full\">Bauart: Flash<\/li>\n<li class=\"ml-3xs pl-[15px] relative before:absolute before:w-[8px] before:h-[8px] before:bg-dark before:top-[8px] before:left-0 before:rounded-full\">Gesamtkapazit\u00e4t Massenspeicher: 4 GB<\/li>\n<\/ul>\n<p><\/span><\/div>\n<\/div>\n<\/li>\n<li class=\"mb-m\">\n<div class=\"flex flex-col m:flex-row gap-s m:gap-xl\">\n<div class=\"text-h3 min-w-[244px] max-w-[244px]\">ext. Anschl\u00fcsse<\/div>\n<div class=\"flex flex-col gap-s\"><span class=\"\"><\/p>\n<ul class=\"flex flex-col gap-s\">\n<li class=\"ml-3xs pl-[15px] relative before:absolute before:w-[8px] before:h-[8px] before:bg-dark before:top-[8px] before:left-0 before:rounded-full\">LAN<\/li>\n<\/ul>\n<p><\/span><\/div>\n<\/div>\n<\/li>\n<li class=\"mb-m\">\n<div class=\"flex flex-col m:flex-row gap-s m:gap-xl\">\n<div class=\"text-h3 min-w-[244px] max-w-[244px]\">Zubeh\u00f6rkompabilit\u00e4t<\/div>\n<div class=\"flex flex-col gap-s\"><span class=\"\"><\/p>\n<ul class=\"flex flex-col gap-s\">\n<li class=\"ml-3xs pl-[15px] relative before:absolute before:w-[8px] before:h-[8px] before:bg-dark before:top-[8px] before:left-0 before:rounded-full\">Pr\u00fcfen Sie vor dem kauf die Kompatibilit\u00e4t anhand des Handbuches \/ Zubeh\u00f6rliste Ihres Hauptproduktes.<\/li>\n<\/ul>\n<p><\/span><\/div>\n<\/div>\n<\/li>\n<li class=\"mb-m\">\n<div class=\"flex flex-col m:flex-row gap-s m:gap-xl\">\n<div class=\"text-h3 min-w-[244px] max-w-[244px]\">Abmessungen \/ Gewicht<\/div>\n<div class=\"flex flex-col gap-s\"><span class=\"\"><\/p>\n<ul class=\"flex flex-col gap-s\">\n<li class=\"ml-3xs pl-[15px] relative before:absolute before:w-[8px] before:h-[8px] before:bg-dark before:top-[8px] before:left-0 before:rounded-full\">Breite: 166.4 mm<\/li>\n<li class=\"ml-3xs pl-[15px] relative before:absolute before:w-[8px] before:h-[8px] before:bg-dark before:top-[8px] before:left-0 before:rounded-full\">H\u00f6he: 29.85 mm<\/li>\n<li class=\"ml-3xs pl-[15px] relative before:absolute before:w-[8px] before:h-[8px] before:bg-dark before:top-[8px] before:left-0 before:rounded-full\">Tiefe: 145.7 mm<\/li>\n<li class=\"ml-3xs pl-[15px] relative before:absolute before:w-[8px] before:h-[8px] before:bg-dark before:top-[8px] before:left-0 before:rounded-full\">Gewicht: 0.810 kg<\/li>\n<\/ul>\n<p><\/span><\/div>\n<\/div>\n<\/li>\n","protected":false},"excerpt":{"rendered":"<li class=\"bullet-list-item\">Original QNAP Zubeh\u00f6rartikel<\/li>\n<li class=\"bullet-list-item\">Herstellerteilenummer \/ SKU: QHora-321<\/li>\n<li class=\"bullet-list-item\">EAN: 4713213519967<\/li>\n<li class=\"bullet-list-item\">Pr\u00fcfen Sie vor dem kauf die Kompatibilit\u00e4t anhand des Handbuches \/ Zubeh\u00f6rliste Ihres Hauptproduktes.<\/li>\n<p> Herstellernummer QHora-321<\/p>","protected":false},"featured_media":52790,"comment_status":"open","ping_status":"closed","template":"","meta":{"_monsterinsights_skip_tracking":false,"_monsterinsights_sitenote_active":false,"_monsterinsights_sitenote_note":"","_monsterinsights_sitenote_category":0,"_uf_show_specific_survey":0,"_uf_disable_surveys":false},"product_brand":[],"product_cat":[509],"product_tag":[],"models":[],"years":[],"class_list":{"0":"post-58336","1":"product","2":"type-product","3":"status-publish","4":"has-post-thumbnail","6":"product_cat-nas-das","8":"first","9":"instock","10":"sale","11":"shipping-taxable","12":"purchasable","13":"product-type-simple"},"aioseo_notices":[],"acf":[],"_links":{"self":[{"href":"https:\/\/amannforg.com\/fr\/wp-json\/wp\/v2\/product\/58336","targetHints":{"allow":["GET"]}}],"collection":[{"href":"https:\/\/amannforg.com\/fr\/wp-json\/wp\/v2\/product"}],"about":[{"href":"https:\/\/amannforg.com\/fr\/wp-json\/wp\/v2\/types\/product"}],"replies":[{"embeddable":true,"href":"https:\/\/amannforg.com\/fr\/wp-json\/wp\/v2\/comments?post=58336"}],"version-history":[{"count":1,"href":"https:\/\/amannforg.com\/fr\/wp-json\/wp\/v2\/product\/58336\/revisions"}],"predecessor-version":[{"id":58337,"href":"https:\/\/amannforg.com\/fr\/wp-json\/wp\/v2\/product\/58336\/revisions\/58337"}],"wp:featuredmedia":[{"embeddable":true,"href":"https:\/\/amannforg.com\/fr\/wp-json\/wp\/v2\/media\/52790"}],"wp:attachment":[{"href":"https:\/\/amannforg.com\/fr\/wp-json\/wp\/v2\/media?parent=58336"}],"wp:term":[{"taxonomy":"product_brand","embeddable":true,"href":"https:\/\/amannforg.com\/fr\/wp-json\/wp\/v2\/product_brand?post=58336"},{"taxonomy":"product_cat","embeddable":true,"href":"https:\/\/amannforg.com\/fr\/wp-json\/wp\/v2\/product_cat?post=58336"},{"taxonomy":"product_tag","embeddable":true,"href":"https:\/\/amannforg.com\/fr\/wp-json\/wp\/v2\/product_tag?post=58336"},{"taxonomy":"models","embeddable":true,"href":"https:\/\/amannforg.com\/fr\/wp-json\/wp\/v2\/models?post=58336"},{"taxonomy":"years","embeddable":true,"href":"https:\/\/amannforg.com\/fr\/wp-json\/wp\/v2\/years?post=58336"}],"curies":[{"name":"wp","href":"https:\/\/api.w.org\/{rel}","templated":true}]}}