{"id":58796,"date":"2026-03-12T17:14:11","date_gmt":"2026-03-12T17:14:11","guid":{"rendered":"https:\/\/amannforg.com\/?post_type=product&#038;p=58796"},"modified":"2026-03-13T11:21:04","modified_gmt":"2026-03-13T11:21:04","slug":"espressomaschine-mit-integriertem-mahlwerk-delonghi-magnifica-s-ecam22-110-w-18-l-250-g-15-bar-1450-w-weis","status":"publish","type":"product","link":"https:\/\/amannforg.com\/fr\/produit\/espressomaschine-mit-integriertem-mahlwerk-delonghi-magnifica-s-ecam22-110-w-18-l-250-g-15-bar-1450-w-weis\/","title":{"rendered":"Espressomaschine mit integriertem Mahlwerk \u2013 DELONGHI \u2013 Magnifica S ECAM22.110.W \u2013 1,8 l \u2013 250 g \u2013 15 bar \u2013 1450 W \u2013 Wei\u00df"},"content":{"rendered":"<p>Marke: DELONGHI<br \/>\nProduktname: Espressomaschine mit integriertem Mahlwerk \u2013 DELONGHI \u2013 Magnifica S ECAM22.110.W \u2013 1,8 l \u2013 250 g \u2013 15 bar \u2013 1450 W \u2013 Wei\u00df<br \/>\nKategorie: Espressomaschine mit Mahlwerk<br \/>\nReferenz: Espressomaschine mit integriertem Mahlwerk<\/p>","protected":false},"excerpt":{"rendered":"<p>Bereiten Sie Ihren Kaffee ganz einfach mit der DELONGHI Magnifica S ECAM22.110.W Espressomaschine zu. \u00dcber das intuitive Bedienfeld k\u00f6nnen Sie die Aromaintensit\u00e4t anpassen. Mit einem Fassungsverm\u00f6gen von 1,8 Litern und einem 250-g-Bohnenbeh\u00e4lter zaubern Sie mit dem Cappuccino-System cremige Cappuccinos. Der abnehmbare Wassertank sorgt f\u00fcr zus\u00e4tzlichen Komfort.<\/p>","protected":false},"featured_media":58797,"comment_status":"open","ping_status":"closed","template":"","meta":{"_monsterinsights_skip_tracking":false,"_monsterinsights_sitenote_active":false,"_monsterinsights_sitenote_note":"","_monsterinsights_sitenote_category":0,"_uf_show_specific_survey":0,"_uf_disable_surveys":false},"product_brand":[],"product_cat":[524],"product_tag":[],"models":[],"years":[],"class_list":{"0":"post-58796","1":"product","2":"type-product","3":"status-publish","4":"has-post-thumbnail","6":"product_cat-maschine","8":"first","9":"instock","10":"sale","11":"featured","12":"shipping-taxable","13":"purchasable","14":"product-type-simple"},"aioseo_notices":[],"acf":[],"_links":{"self":[{"href":"https:\/\/amannforg.com\/fr\/wp-json\/wp\/v2\/product\/58796","targetHints":{"allow":["GET"]}}],"collection":[{"href":"https:\/\/amannforg.com\/fr\/wp-json\/wp\/v2\/product"}],"about":[{"href":"https:\/\/amannforg.com\/fr\/wp-json\/wp\/v2\/types\/product"}],"replies":[{"embeddable":true,"href":"https:\/\/amannforg.com\/fr\/wp-json\/wp\/v2\/comments?post=58796"}],"version-history":[{"count":1,"href":"https:\/\/amannforg.com\/fr\/wp-json\/wp\/v2\/product\/58796\/revisions"}],"predecessor-version":[{"id":58799,"href":"https:\/\/amannforg.com\/fr\/wp-json\/wp\/v2\/product\/58796\/revisions\/58799"}],"wp:featuredmedia":[{"embeddable":true,"href":"https:\/\/amannforg.com\/fr\/wp-json\/wp\/v2\/media\/58797"}],"wp:attachment":[{"href":"https:\/\/amannforg.com\/fr\/wp-json\/wp\/v2\/media?parent=58796"}],"wp:term":[{"taxonomy":"product_brand","embeddable":true,"href":"https:\/\/amannforg.com\/fr\/wp-json\/wp\/v2\/product_brand?post=58796"},{"taxonomy":"product_cat","embeddable":true,"href":"https:\/\/amannforg.com\/fr\/wp-json\/wp\/v2\/product_cat?post=58796"},{"taxonomy":"product_tag","embeddable":true,"href":"https:\/\/amannforg.com\/fr\/wp-json\/wp\/v2\/product_tag?post=58796"},{"taxonomy":"models","embeddable":true,"href":"https:\/\/amannforg.com\/fr\/wp-json\/wp\/v2\/models?post=58796"},{"taxonomy":"years","embeddable":true,"href":"https:\/\/amannforg.com\/fr\/wp-json\/wp\/v2\/years?post=58796"}],"curies":[{"name":"wp","href":"https:\/\/api.w.org\/{rel}","templated":true}]}}