{"id":58800,"date":"2026-03-12T17:22:01","date_gmt":"2026-03-12T17:22:01","guid":{"rendered":"https:\/\/amannforg.com\/?post_type=product&#038;p=58800"},"modified":"2026-03-13T11:21:03","modified_gmt":"2026-03-13T11:21:03","slug":"iceagle-espressomaschine-italienisches-design-20-bar-pumpe-1350-w-25-einstellungen-integriertes-mahlwerk","status":"publish","type":"product","link":"https:\/\/amannforg.com\/fr\/produit\/iceagle-espressomaschine-italienisches-design-20-bar-pumpe-1350-w-25-einstellungen-integriertes-mahlwerk\/","title":{"rendered":"Iceagle Espressomaschine \u2013 Italienisches Design, 20-Bar-Pumpe, 1350 W, 25 Einstellungen, integriertes Mahlwerk"},"content":{"rendered":"<p>Allgemeine Informationen<br \/>\nMarke: ICEAGLE<br \/>\nProduktname: Iceagle Espressomaschine \u2013 Italienisches Design, 20-Bar-Pumpe, 1350 W, 25 Einstellungen, integriertes Mahlwerk, LCD-Display, 3 Temperaturstufen, 1,6 l Fassungsverm\u00f6gen<br \/>\nKategorie: Espressomaschine mit Mahlwerk<\/p>","protected":false},"excerpt":{"rendered":"<p>Espressomaschine mit integriertem Mahlwerk<br \/>\nBereiten Sie zu Hause au\u00dfergew\u00f6hnlichen Kaffee zu \u2013 mit dieser eleganten Espressomaschine, die f\u00fcr Ergebnisse in Barista-Qualit\u00e4t entwickelt wurde.<\/p>\n<p>ULKA 20-BAR-PUMPE<br \/>\nGenie\u00dfen Sie optimalen Druck f\u00fcr eine vollmundige, aromatische Extraktion mit einer samtig-goldenen Crema.<\/p>\n<p>INTEGRIERTES KONISCHES M\u00dcHLWERK \u2013 25 EINSTELLUNGEN<br \/>\nW\u00e4hlen Sie Ihren idealen Mahlgrad aus 25 einstellbaren Stufen. Das Antistatiksystem reduziert das Spritzen von Kaffeepulver.<\/p>\n<p>DOPPELTER THERMOBLOCK MIT EINSTELLBARER TEMPERATUR<br \/>\nSchnelles und gleichm\u00e4\u00dfiges Aufheizen mit 3 w\u00e4hlbaren Temperaturen: 92 \u00b0C, 94 \u00b0C oder 96 \u00b0C. Ideal f\u00fcr alle Kaffeesorten.<\/p>\n<p>LCD-DISPLAY UND EDELSTAHL-DESIGN<br \/>\nGefertigt aus 0,8 mm starkem Edelstahl mit elektrolytischer Oberfl\u00e4che. Das LCD-Display bietet eine intuitive Benutzeroberfl\u00e4che f\u00fcr einfache Bedienung.<\/p>\n<p>DAMPFD\u00dcSE AUS EDELSTAHL<br \/>\nF\u00fcr feinen, dichten Milchschaum \u2013 perfekt f\u00fcr Cappuccino, Latte Macchiato oder Latte Macchiato. Ideal f\u00fcr Latte Art zu Hause.<\/p>","protected":false},"featured_media":58801,"comment_status":"open","ping_status":"closed","template":"","meta":{"_monsterinsights_skip_tracking":false,"_monsterinsights_sitenote_active":false,"_monsterinsights_sitenote_note":"","_monsterinsights_sitenote_category":0,"_uf_show_specific_survey":0,"_uf_disable_surveys":false},"product_brand":[],"product_cat":[524],"product_tag":[],"models":[],"years":[],"class_list":{"0":"post-58800","1":"product","2":"type-product","3":"status-publish","4":"has-post-thumbnail","6":"product_cat-maschine","8":"first","9":"instock","10":"sale","11":"featured","12":"shipping-taxable","13":"purchasable","14":"product-type-simple"},"aioseo_notices":[],"acf":[],"_links":{"self":[{"href":"https:\/\/amannforg.com\/fr\/wp-json\/wp\/v2\/product\/58800","targetHints":{"allow":["GET"]}}],"collection":[{"href":"https:\/\/amannforg.com\/fr\/wp-json\/wp\/v2\/product"}],"about":[{"href":"https:\/\/amannforg.com\/fr\/wp-json\/wp\/v2\/types\/product"}],"replies":[{"embeddable":true,"href":"https:\/\/amannforg.com\/fr\/wp-json\/wp\/v2\/comments?post=58800"}],"version-history":[{"count":1,"href":"https:\/\/amannforg.com\/fr\/wp-json\/wp\/v2\/product\/58800\/revisions"}],"predecessor-version":[{"id":58802,"href":"https:\/\/amannforg.com\/fr\/wp-json\/wp\/v2\/product\/58800\/revisions\/58802"}],"wp:featuredmedia":[{"embeddable":true,"href":"https:\/\/amannforg.com\/fr\/wp-json\/wp\/v2\/media\/58801"}],"wp:attachment":[{"href":"https:\/\/amannforg.com\/fr\/wp-json\/wp\/v2\/media?parent=58800"}],"wp:term":[{"taxonomy":"product_brand","embeddable":true,"href":"https:\/\/amannforg.com\/fr\/wp-json\/wp\/v2\/product_brand?post=58800"},{"taxonomy":"product_cat","embeddable":true,"href":"https:\/\/amannforg.com\/fr\/wp-json\/wp\/v2\/product_cat?post=58800"},{"taxonomy":"product_tag","embeddable":true,"href":"https:\/\/amannforg.com\/fr\/wp-json\/wp\/v2\/product_tag?post=58800"},{"taxonomy":"models","embeddable":true,"href":"https:\/\/amannforg.com\/fr\/wp-json\/wp\/v2\/models?post=58800"},{"taxonomy":"years","embeddable":true,"href":"https:\/\/amannforg.com\/fr\/wp-json\/wp\/v2\/years?post=58800"}],"curies":[{"name":"wp","href":"https:\/\/api.w.org\/{rel}","templated":true}]}}