{"id":58841,"date":"2026-03-13T10:03:30","date_gmt":"2026-03-13T10:03:30","guid":{"rendered":"https:\/\/amannforg.com\/?post_type=product&#038;p=58841"},"modified":"2026-03-13T11:20:46","modified_gmt":"2026-03-13T11:20:46","slug":"vorwerk-thermomix-friend-2000-l-multifunktions-kuchenmaschine-schwarz","status":"publish","type":"product","link":"https:\/\/amannforg.com\/fr\/produit\/vorwerk-thermomix-friend-2000-l-multifunktions-kuchenmaschine-schwarz\/","title":{"rendered":"Vorwerk Thermomix Friend 2000 L Multifunktions-K\u00fcchenmaschine \u2013 Schwarz"},"content":{"rendered":"<p>Vorwerk Thermomix Friend 2.0000L Multifunktions-K\u00fcchenmaschine \u2013 Schwarz. Hochwertige K\u00fcchenmaschine mit integrierten Kochfunktionen.<\/p>\n<p>Der Vorwerk Friend ist ideal f\u00fcr alle, die in der K\u00fcche Effizienz und Vielseitigkeit suchen.<\/p>","protected":false},"excerpt":{"rendered":"<p>Vorwerk Thermomix Friend 2.0000L Multifunktions-K\u00fcchenmaschine \u2013 Schwarz. Hochwertige K\u00fcchenmaschine mit integrierten Kochfunktionen. Der Vorwerk Friend ist ideal f\u00fcr alle, die in der K\u00fcche Effizienz und Vielseitigkeit suchen.<\/p>","protected":false},"featured_media":58842,"comment_status":"open","ping_status":"closed","template":"","meta":{"_monsterinsights_skip_tracking":false,"_monsterinsights_sitenote_active":false,"_monsterinsights_sitenote_note":"","_monsterinsights_sitenote_category":0,"_uf_show_specific_survey":0,"_uf_disable_surveys":false},"product_brand":[],"product_cat":[524],"product_tag":[],"models":[],"years":[],"class_list":{"0":"post-58841","1":"product","2":"type-product","3":"status-publish","4":"has-post-thumbnail","6":"product_cat-maschine","8":"first","9":"instock","10":"sale","11":"featured","12":"shipping-taxable","13":"purchasable","14":"product-type-simple"},"aioseo_notices":[],"acf":[],"_links":{"self":[{"href":"https:\/\/amannforg.com\/fr\/wp-json\/wp\/v2\/product\/58841","targetHints":{"allow":["GET"]}}],"collection":[{"href":"https:\/\/amannforg.com\/fr\/wp-json\/wp\/v2\/product"}],"about":[{"href":"https:\/\/amannforg.com\/fr\/wp-json\/wp\/v2\/types\/product"}],"replies":[{"embeddable":true,"href":"https:\/\/amannforg.com\/fr\/wp-json\/wp\/v2\/comments?post=58841"}],"version-history":[{"count":1,"href":"https:\/\/amannforg.com\/fr\/wp-json\/wp\/v2\/product\/58841\/revisions"}],"predecessor-version":[{"id":58844,"href":"https:\/\/amannforg.com\/fr\/wp-json\/wp\/v2\/product\/58841\/revisions\/58844"}],"wp:featuredmedia":[{"embeddable":true,"href":"https:\/\/amannforg.com\/fr\/wp-json\/wp\/v2\/media\/58842"}],"wp:attachment":[{"href":"https:\/\/amannforg.com\/fr\/wp-json\/wp\/v2\/media?parent=58841"}],"wp:term":[{"taxonomy":"product_brand","embeddable":true,"href":"https:\/\/amannforg.com\/fr\/wp-json\/wp\/v2\/product_brand?post=58841"},{"taxonomy":"product_cat","embeddable":true,"href":"https:\/\/amannforg.com\/fr\/wp-json\/wp\/v2\/product_cat?post=58841"},{"taxonomy":"product_tag","embeddable":true,"href":"https:\/\/amannforg.com\/fr\/wp-json\/wp\/v2\/product_tag?post=58841"},{"taxonomy":"models","embeddable":true,"href":"https:\/\/amannforg.com\/fr\/wp-json\/wp\/v2\/models?post=58841"},{"taxonomy":"years","embeddable":true,"href":"https:\/\/amannforg.com\/fr\/wp-json\/wp\/v2\/years?post=58841"}],"curies":[{"name":"wp","href":"https:\/\/api.w.org\/{rel}","templated":true}]}}