{"id":58855,"date":"2026-03-13T10:27:45","date_gmt":"2026-03-13T10:27:45","guid":{"rendered":"https:\/\/amannforg.com\/?post_type=product&#038;p=58855"},"modified":"2026-03-13T11:19:03","modified_gmt":"2026-03-13T11:19:03","slug":"klappbares-laufband-raoo-min-30-ps-max-14-km-h-manuelle-steigung-12-belastbarkeit-150-kg","status":"publish","type":"product","link":"https:\/\/amannforg.com\/fr\/produit\/klappbares-laufband-raoo-min-30-ps-max-14-km-h-manuelle-steigung-12-belastbarkeit-150-kg\/","title":{"rendered":"Klappbares Laufband &#8211; RAOO MIN &#8211; 3,0 PS &#8211; max. 14 km\/h &#8211; Manuelle Steigung 12 % &#8211; Belastbarkeit 150 kg"},"content":{"rendered":"<p>Entdecken Sie das klappbare Laufband RAOO MIN: leistungsstark mit einem 3,0 PS starken Motor, einer H\u00f6chstgeschwindigkeit von 14 km\/h und einer manuellen Steigungsverstellung von 12 %. Ideal f\u00fcr den regelm\u00e4\u00dfigen Gebrauch, tr\u00e4gt bis zu 150 kg und bietet 12 Trainingsprogramme. Perfekt f\u00fcr Laufen und Fitness.<\/p>","protected":false},"excerpt":{"rendered":"<p>Entdecken Sie das klappbare Laufband RAOO MIN: leistungsstark mit einem 3,0 PS starken Motor, einer H\u00f6chstgeschwindigkeit von 14 km\/h und einer manuellen Steigungsverstellung von 12 %. Ideal f\u00fcr den regelm\u00e4\u00dfigen Gebrauch, tr\u00e4gt bis zu 150 kg und bietet 12 Trainingsprogramme. Perfekt f\u00fcr Laufen und Fitness.<\/p>","protected":false},"featured_media":58856,"comment_status":"open","ping_status":"closed","template":"","meta":{"_monsterinsights_skip_tracking":false,"_monsterinsights_sitenote_active":false,"_monsterinsights_sitenote_note":"","_monsterinsights_sitenote_category":0,"_uf_show_specific_survey":0,"_uf_disable_surveys":false},"product_brand":[],"product_cat":[519],"product_tag":[],"models":[],"years":[],"class_list":{"0":"post-58855","1":"product","2":"type-product","3":"status-publish","4":"has-post-thumbnail","6":"product_cat-fitnessprodukte","8":"first","9":"instock","10":"sale","11":"featured","12":"shipping-taxable","13":"purchasable","14":"product-type-simple"},"aioseo_notices":[],"acf":[],"_links":{"self":[{"href":"https:\/\/amannforg.com\/fr\/wp-json\/wp\/v2\/product\/58855","targetHints":{"allow":["GET"]}}],"collection":[{"href":"https:\/\/amannforg.com\/fr\/wp-json\/wp\/v2\/product"}],"about":[{"href":"https:\/\/amannforg.com\/fr\/wp-json\/wp\/v2\/types\/product"}],"replies":[{"embeddable":true,"href":"https:\/\/amannforg.com\/fr\/wp-json\/wp\/v2\/comments?post=58855"}],"version-history":[{"count":1,"href":"https:\/\/amannforg.com\/fr\/wp-json\/wp\/v2\/product\/58855\/revisions"}],"predecessor-version":[{"id":58857,"href":"https:\/\/amannforg.com\/fr\/wp-json\/wp\/v2\/product\/58855\/revisions\/58857"}],"wp:featuredmedia":[{"embeddable":true,"href":"https:\/\/amannforg.com\/fr\/wp-json\/wp\/v2\/media\/58856"}],"wp:attachment":[{"href":"https:\/\/amannforg.com\/fr\/wp-json\/wp\/v2\/media?parent=58855"}],"wp:term":[{"taxonomy":"product_brand","embeddable":true,"href":"https:\/\/amannforg.com\/fr\/wp-json\/wp\/v2\/product_brand?post=58855"},{"taxonomy":"product_cat","embeddable":true,"href":"https:\/\/amannforg.com\/fr\/wp-json\/wp\/v2\/product_cat?post=58855"},{"taxonomy":"product_tag","embeddable":true,"href":"https:\/\/amannforg.com\/fr\/wp-json\/wp\/v2\/product_tag?post=58855"},{"taxonomy":"models","embeddable":true,"href":"https:\/\/amannforg.com\/fr\/wp-json\/wp\/v2\/models?post=58855"},{"taxonomy":"years","embeddable":true,"href":"https:\/\/amannforg.com\/fr\/wp-json\/wp\/v2\/years?post=58855"}],"curies":[{"name":"wp","href":"https:\/\/api.w.org\/{rel}","templated":true}]}}