{"id":58893,"date":"2026-03-13T10:58:15","date_gmt":"2026-03-13T10:58:15","guid":{"rendered":"https:\/\/amannforg.com\/?post_type=product&#038;p=58893"},"modified":"2026-03-13T11:18:59","modified_gmt":"2026-03-13T11:18:59","slug":"bebeconfort-haze-3-in-1-kinderwagen-sitz-lasst-sich-in-eine-babywanne-umwandeln","status":"publish","type":"product","link":"https:\/\/amannforg.com\/fr\/produit\/bebeconfort-haze-3-in-1-kinderwagen-sitz-lasst-sich-in-eine-babywanne-umwandeln\/","title":{"rendered":"BEBECONFORT HAZE 3-in-1 Kinderwagen, Sitz l\u00e4sst sich in eine Babywanne umwandeln"},"content":{"rendered":"<p>Marke: B\u00c9B\u00c9 CONFORT<br \/>\nProduktname: B\u00c9B\u00c9 CONFORT HAZE 3-in-1 Kinderwagen, umbaubarer Sitz zur Babywanne + i-Size Autositz + Regenschutz, 0\u201322 kg, Grau get\u00f6nt<br \/>\nKategorie: Kinderwagen<\/p>\n<p>Das Bebeconfort Haze Reisesystem ist die ideale Komplettl\u00f6sung f\u00fcr Ihr Baby! Dieser praktische und stylische 3-in-1-Kinderwagen verf\u00fcgt \u00fcber einen wendbaren und verstellbaren Sitz, der sich in eine Babywanne verwandeln l\u00e4sst, eine i-Size Babyschale und einen Regenschutz. Das Haze Reisesystem ist eine vollst\u00e4ndige und benutzerfreundliche L\u00f6sung von der Geburt bis zu einem Alter von ca. 4 Jahren (bis zu 22 kg).<\/p>","protected":false},"excerpt":{"rendered":"<p>Marke: B\u00c9B\u00c9 CONFORT Produktname: B\u00c9B\u00c9 CONFORT HAZE 3-in-1 Kinderwagen, umbaubarer Sitz zur Babywanne + i-Size Autositz + Regenschutz, 0\u201322 kg, Grau get\u00f6nt Kategorie: Kinderwagen Das Bebeconfort Haze Reisesystem ist die ideale Komplettl\u00f6sung f\u00fcr Ihr Baby! Dieser praktische und stylische 3-in-1-Kinderwagen verf\u00fcgt \u00fcber einen wendbaren und verstellbaren Sitz, der sich in eine Babywanne verwandeln l\u00e4sst, eine i-Size Babyschale und einen Regenschutz. Das Haze Reisesystem ist eine vollst\u00e4ndige und benutzerfreundliche L\u00f6sung von der Geburt bis zu einem Alter von ca. 4 Jahren (bis zu 22 kg).<\/p>","protected":false},"featured_media":58894,"comment_status":"open","ping_status":"closed","template":"","meta":{"_monsterinsights_skip_tracking":false,"_monsterinsights_sitenote_active":false,"_monsterinsights_sitenote_note":"","_monsterinsights_sitenote_category":0,"_uf_show_specific_survey":0,"_uf_disable_surveys":false},"product_brand":[],"product_cat":[519],"product_tag":[],"models":[],"years":[],"class_list":{"0":"post-58893","1":"product","2":"type-product","3":"status-publish","4":"has-post-thumbnail","6":"product_cat-fitnessprodukte","8":"first","9":"instock","10":"sale","11":"featured","12":"shipping-taxable","13":"purchasable","14":"product-type-simple"},"aioseo_notices":[],"acf":[],"_links":{"self":[{"href":"https:\/\/amannforg.com\/fr\/wp-json\/wp\/v2\/product\/58893","targetHints":{"allow":["GET"]}}],"collection":[{"href":"https:\/\/amannforg.com\/fr\/wp-json\/wp\/v2\/product"}],"about":[{"href":"https:\/\/amannforg.com\/fr\/wp-json\/wp\/v2\/types\/product"}],"replies":[{"embeddable":true,"href":"https:\/\/amannforg.com\/fr\/wp-json\/wp\/v2\/comments?post=58893"}],"version-history":[{"count":1,"href":"https:\/\/amannforg.com\/fr\/wp-json\/wp\/v2\/product\/58893\/revisions"}],"predecessor-version":[{"id":58896,"href":"https:\/\/amannforg.com\/fr\/wp-json\/wp\/v2\/product\/58893\/revisions\/58896"}],"wp:featuredmedia":[{"embeddable":true,"href":"https:\/\/amannforg.com\/fr\/wp-json\/wp\/v2\/media\/58894"}],"wp:attachment":[{"href":"https:\/\/amannforg.com\/fr\/wp-json\/wp\/v2\/media?parent=58893"}],"wp:term":[{"taxonomy":"product_brand","embeddable":true,"href":"https:\/\/amannforg.com\/fr\/wp-json\/wp\/v2\/product_brand?post=58893"},{"taxonomy":"product_cat","embeddable":true,"href":"https:\/\/amannforg.com\/fr\/wp-json\/wp\/v2\/product_cat?post=58893"},{"taxonomy":"product_tag","embeddable":true,"href":"https:\/\/amannforg.com\/fr\/wp-json\/wp\/v2\/product_tag?post=58893"},{"taxonomy":"models","embeddable":true,"href":"https:\/\/amannforg.com\/fr\/wp-json\/wp\/v2\/models?post=58893"},{"taxonomy":"years","embeddable":true,"href":"https:\/\/amannforg.com\/fr\/wp-json\/wp\/v2\/years?post=58893"}],"curies":[{"name":"wp","href":"https:\/\/api.w.org\/{rel}","templated":true}]}}